{"id":5918,"date":"2021-02-25T18:29:25","date_gmt":"2021-02-25T17:29:25","guid":{"rendered":"https:\/\/www.web-rr.de\/GHS-Buecherei\/?page_id=5918"},"modified":"2021-04-28T21:44:34","modified_gmt":"2021-04-28T19:44:34","slug":"nordsee","status":"publish","type":"page","link":"https:\/\/www.web-rr.de\/GHS-Buecherei\/index.php\/nordsee\/","title":{"rendered":"Nordsee"},"content":{"rendered":"<table class=\"wp-block-table alignfull is-style-regular\">\n<tbody>\n<tr>\n<td><td width=30%><a href='https:\/\/www.web-rr.de\/GHS-Buecherei\/index.php\/p9783730814376\/'><img src='https:\/\/www.web-rr.de\/GHS-Buecherei\/wp-content\/uploads\/9783730814376.jpg' alt='' ><\/a><\/td><td><p class='rHTitel'>Langeoog - Wimmelbuch f\u00fcr Gro\u00df und Klein<\/p><p class='rHLabel2'>von  <span class='rHText2'>Katrin Lei\u00df<\/span><\/p><p><a href='https:\/\/www.web-rr.de\/GHS-Buecherei\/index.php\/p9783730814376\/'>Nordsee 1<\/a><\/p><p class='rHLabel2'>Stichw\u00f6rter: <span class='rHText2'>Langeoog, Insel,<\/span><\/p><p><span class='rHLabel1'>Status: <\/span><span class='rHText1Gruen'>vorhanden<\/span><\/p><p><span class='rHLabel1'>Antolin: <\/span><span class='rHText1Rot'>Quiz nicht vorhanden.<\/span><\/p><\/td><\/td>\n<\/tr>\n<tr>\n<td><td width=30%><a href='https:\/\/www.web-rr.de\/GHS-Buecherei\/index.php\/p9783730814550\/'><img src='https:\/\/www.web-rr.de\/GHS-Buecherei\/wp-content\/uploads\/9783730814550.jpg' alt='' ><\/a><\/td><td><p class='rHTitel'>Watt-Safari - Gro\u00dfe, kleine und fliegende Tiere im Nationalpark Wattenmeer<\/p><p class='rHLabel2'>von  <span class='rHText2'>Inge Kronberg<\/span><\/p><p><a href='https:\/\/www.web-rr.de\/GHS-Buecherei\/index.php\/p9783730814550\/'>Nordsee 2<\/a><\/p><p class='rHLabel2'>Stichw\u00f6rter: <span class='rHText2'>Seehund, Kegelrobbe, Schweinswal, Seeadler, St\u00f6r, Wattwurm, Wattschnecke, Herzmuschel, Strandkrebs, Nordseegarnele, Wattenmeer, Ringelgans, Brandgans, Silberm\u00f6we, Austernfischer, Alpenstrandl\u00e4ufer<\/span><\/p><p><span class='rHLabel1'>Status: <\/span><span class='rHText1Gruen'>vorhanden<\/span><\/p><p><span class='rHLabel1'>Antolin: <\/span><span class='rHText1Rot'>Quiz nicht vorhanden.<\/span><\/p><\/td><\/td>\n<\/tr>\n<tr>\n<td><td width=30%><a href='https:\/\/www.web-rr.de\/GHS-Buecherei\/index.php\/p9783939870579\/'><img src='https:\/\/www.web-rr.de\/GHS-Buecherei\/wp-content\/uploads\/9783939870579.jpg' alt='' ><\/a><\/td><td><p class='rHTitel'>Klabautermann und die verschwundenen Kapit\u00e4nsl\u00f6ffel: Eine zauberhafte Geschichte<\/p><p class='rHLabel2'>von  <span class='rHText2'>Silke Arends<\/span><\/p><p><a href='https:\/\/www.web-rr.de\/GHS-Buecherei\/index.php\/p9783939870579\/'>Nordsee 3<\/a><\/p><p class='rHLabel2'>Stichw\u00f6rter: <span class='rHText2'>Meer, K\u00fcste, Weltmeere<\/span><\/p><p><span class='rHLabel1'>Status: <\/span><span class='rHText1Gruen'>vorhanden<\/span><\/p><p><span class='rHLabel1'>Antolin: <\/span><span class='rHText1Rot'>Quiz nicht vorhanden.<\/span><\/p><\/td><\/td>\n<\/tr>\n<tr>\n<td><td width=30%><a href='https:\/\/www.web-rr.de\/GHS-Buecherei\/index.php\/p9783944102269\/'><img src='https:\/\/www.web-rr.de\/GHS-Buecherei\/wp-content\/uploads\/9783944102269.jpg' alt='' ><\/a><\/td><td><p class='rHTitel'>Strandsch\u00e4tze - Das Buch f\u00fcr junge Sammler<\/p><p class='rHLabel2'>von  <span class='rHText2'>Rolf Reinicke, Matthias Reinicke<\/span><\/p><p><a href='https:\/\/www.web-rr.de\/GHS-Buecherei\/index.php\/p9783944102269\/'>Nordsee 4<\/a><\/p><p class='rHLabel2'>Stichw\u00f6rter: <span class='rHText2'> Strandsteine, Fossilien, Muscheln und Schnecken, Seesterne, Seeigel, Rollholz, Seeglas<\/span><\/p><p><span class='rHLabel1'>Status: <\/span><span class='rHText1Gruen'>vorhanden<\/span><\/p><p><span class='rHLabel1'>Antolin: <\/span><span class='rHText1Rot'>Quiz nicht vorhanden.<\/span><\/p><\/td><\/td>\n<\/tr>\n<tr>\n<td><td width=30%><a href='https:\/\/www.web-rr.de\/GHS-Buecherei\/index.php\/p9783980823050\/'><img src='https:\/\/www.web-rr.de\/GHS-Buecherei\/wp-content\/uploads\/9783980823050.jpg' alt='' ><\/a><\/td><td><p class='rHTitel'>Fernando ...: der etwas andere Seehund!<\/p><p class='rHLabel2'>von  <span class='rHText2'>Christa Duden<\/span><\/p><p><a href='https:\/\/www.web-rr.de\/GHS-Buecherei\/index.php\/p9783980823050\/'>Nordsee 05<\/a><\/p><p class='rHLabel2'>Stichw\u00f6rter: <span class='rHText2'>Freundschaft, Mut, Abschiednehmen, Trauer, Tod, Tiere<\/span><\/p><p><span class='rHLabel1'>Status: <\/span><span class='rHText1Gruen'>vorhanden<\/span><\/p><p><span class='rHLabel1'>Antolin: <\/span><span class='rHText1Rot'>Quiz nicht vorhanden.<\/span><\/p><\/td><\/td>\n<\/tr>\n<tr>\n<td><td width=30%><a href='https:\/\/www.web-rr.de\/GHS-Buecherei\/index.php\/p9783000399572\/'><img src='https:\/\/www.web-rr.de\/GHS-Buecherei\/wp-content\/uploads\/9783000399572.jpg' alt='' ><\/a><\/td><td><p class='rHTitel'>M\u00f6we Max und die unheimliche Nacht: Der Natur auf der Spur<\/p><p class='rHLabel2'>von  <span class='rHText2'>Sylvia Brinkmann<\/span><\/p><p><a href='https:\/\/www.web-rr.de\/GHS-Buecherei\/index.php\/p9783000399572\/'>Nordsee 6<\/a><\/p><p class='rHLabel2'>Stichw\u00f6rter: <span class='rHText2'>Meer, Tiere<\/span><\/p><p><span class='rHLabel1'>Status: <\/span><span class='rHText1Gruen'>vorhanden<\/span><\/p><p><span class='rHLabel1'>Antolin: <\/span><span class='rHText1Rot'>Quiz nicht vorhanden.<\/span><\/p><\/td><\/td>\n<\/tr>\n<tr>\n<td><td width=30%><a href='https:\/\/www.web-rr.de\/GHS-Buecherei\/index.php\/p9783551250636\/'><img src='https:\/\/www.web-rr.de\/GHS-Buecherei\/wp-content\/uploads\/9783551250636.jpg' alt='' ><\/a><\/td><td><p class='rHTitel'>Mein Forscherhandbuch - Am Meer<\/p><p class='rHLabel2'>von  <span class='rHText2'>-<\/span><\/p><p><a href='https:\/\/www.web-rr.de\/GHS-Buecherei\/index.php\/p9783551250636\/'>Nordsee 7<\/a><\/p><p class='rHLabel2'>Stichw\u00f6rter: <span class='rHText2'>Meer, Muscheln, Forscherhandbuch<\/span><\/p><p><span class='rHLabel1'>Status: <\/span><span class='rHText1Gruen'>vorhanden<\/span><\/p><p><span class='rHLabel1'>Antolin: <\/span><span class='rHText1Rot'>Quiz nicht vorhanden.<\/span><\/p><\/td><\/td>\n<\/tr>\n<tr>\n<td><td width=30%><a href='https:\/\/www.web-rr.de\/GHS-Buecherei\/index.php\/p9783804213821\/'><img src='https:\/\/www.web-rr.de\/GHS-Buecherei\/wp-content\/uploads\/9783804213821.jpg' alt='' ><\/a><\/td><td><p class='rHTitel'>Wie geht das eigentlich mit Ebbe und Flut?<\/p><p class='rHLabel2'>von  <span class='rHText2'>Heike Becker<\/span><\/p><p><a href='https:\/\/www.web-rr.de\/GHS-Buecherei\/index.php\/p9783804213821\/'>Nordsee 8<\/a><\/p><p class='rHLabel2'>Stichw\u00f6rter: <span class='rHText2'>Meer, Erdkunde, Ebbe, Flut, Gezeiten<\/span><\/p><p><span class='rHLabel1'>Status: <\/span><span class='rHText1Gruen'>vorhanden<\/span><\/p><p><span class='rHLabel1'>Antolin: <\/span><span class='rHText1Gruen'>ja, Empfehlung Klasse 3<\/span><\/p><\/td><\/td>\n<\/tr>\n<tr>\n<td><td width=30%><a href='https:\/\/www.web-rr.de\/GHS-Buecherei\/index.php\/p9783800177578\/'><img src='https:\/\/www.web-rr.de\/GHS-Buecherei\/wp-content\/uploads\/9783800177578.jpg' alt='' ><\/a><\/td><td><p class='rHTitel'>Strand und K\u00fcste: Entdecken und erforschen<\/p><p class='rHLabel2'>von  <span class='rHText2'>Sigrid Tinz<\/span><\/p><p><a href='https:\/\/www.web-rr.de\/GHS-Buecherei\/index.php\/p9783800177578\/'>Nordsee 9<\/a><\/p><p class='rHLabel2'>Stichw\u00f6rter: <span class='rHText2'>Strandurlaub, K\u00fcste, Forschertipps<\/span><\/p><p><span class='rHLabel1'>Status: <\/span><span class='rHText1Gruen'>vorhanden<\/span><\/p><p><span class='rHLabel1'>Antolin: <\/span><span class='rHText1Rot'>Quiz nicht vorhanden.<\/span><\/p><\/td><\/td>\n<\/tr>\n<tr>\n<td><td width=30%><a href='https:\/\/www.web-rr.de\/GHS-Buecherei\/index.php\/p9783804213951\/'><img src='https:\/\/www.web-rr.de\/GHS-Buecherei\/wp-content\/uploads\/9783804213951.jpg' alt='' ><\/a><\/td><td><p class='rHTitel'>Was sind eigentlich Halligen?<\/p><p class='rHLabel2'>von  <span class='rHText2'>Heike Becker<\/span><\/p><p><a href='https:\/\/www.web-rr.de\/GHS-Buecherei\/index.php\/p9783804213951\/'>Nordsee 10<\/a><\/p><p class='rHLabel2'>Stichw\u00f6rter: <span class='rHText2'>Wattenmeer, Flut, Ebbe<\/span><\/p><p><span class='rHLabel1'>Status: <\/span><span class='rHText1Gruen'>vorhanden<\/span><\/p><p><span class='rHLabel1'>Antolin: <\/span><span class='rHText1Gruen'>ja, Empfehlung Klasse 3<\/span><\/p><\/td><\/td>\n<\/tr>\n<tr>\n<td><td width=30%><a href='https:\/\/www.web-rr.de\/GHS-Buecherei\/index.php\/p9783000187445\/'><img src='https:\/\/www.web-rr.de\/GHS-Buecherei\/wp-content\/uploads\/9783000187445.jpg' alt='' ><\/a><\/td><td><p class='rHTitel'>Krabix und das Gold des Meeres<\/p><p class='rHLabel2'>von  <span class='rHText2'>Annette Glaschick<\/span><\/p><p><a href='https:\/\/www.web-rr.de\/GHS-Buecherei\/index.php\/p9783000187445\/'>Nordsee 11<\/a><\/p><p class='rHLabel2'>Stichw\u00f6rter: <span class='rHText2'>Meer, Bernstein, Krabbe, Finnland<\/span><\/p><p><span class='rHLabel1'>Status: <\/span><span class='rHText1Gruen'>vorhanden<\/span><\/p><p><span class='rHLabel1'>Antolin: <\/span><span class='rHText1Rot'>Quiz nicht vorhanden.<\/span><\/p><\/td><\/td>\n<\/tr>\n<tr>\n<td><td width=30%><a href='https:\/\/www.web-rr.de\/GHS-Buecherei\/index.php\/p9783772526350\/'><img src='https:\/\/www.web-rr.de\/GHS-Buecherei\/wp-content\/uploads\/9783772526350.jpg' alt='' ><\/a><\/td><td><p class='rHTitel'>Das blaue Herz des Planeten: Die Geschichte einer Meeresforscherin: Sylvia Earle<\/p><p class='rHLabel2'>von  <span class='rHText2'>Claire Anivola<\/span><\/p><p><a href='https:\/\/www.web-rr.de\/GHS-Buecherei\/index.php\/p9783772526350\/'>Nordsee 12<\/a><\/p><p class='rHLabel2'>Stichw\u00f6rter: <span class='rHText2'>Mexiko, Forschung, Umweltschutz<\/span><\/p><p><span class='rHLabel1'>Status: <\/span><span class='rHText1Gruen'>vorhanden<\/span><\/p><p><span class='rHLabel1'>Antolin: <\/span><span class='rHText1Gruen'>ja, Empfehlung Klasse 3<\/span><\/p><\/td><\/td>\n<\/tr>\n<tr>\n<td><td width=30%><a href='https:\/\/www.web-rr.de\/GHS-Buecherei\/index.php\/p9783861966012\/'><img src='https:\/\/www.web-rr.de\/GHS-Buecherei\/wp-content\/uploads\/9783861966012.jpg' alt='' ><\/a><\/td><td><p class='rHTitel'>Korall und Korallinchen - Krake, Meer, Hilfe in Not, K\u00fcnstlerbuch,<\/p><p class='rHLabel2'>von  <span class='rHText2'>Ilse M\u00fcller-Reese<\/span><\/p><p><a href='https:\/\/www.web-rr.de\/GHS-Buecherei\/index.php\/p9783861966012\/'>Nordsee 13<\/a><\/p><p class='rHLabel2'>Stichw\u00f6rter: <span class='rHText2'>Korallenmeer, Vulkanlandschaft, Entdeckerlust<\/span><\/p><p><span class='rHLabel1'>Status: <\/span><span class='rHText1Gruen'>vorhanden<\/span><\/p><p><span class='rHLabel1'>Antolin: <\/span><span class='rHText1Rot'>Quiz nicht vorhanden.<\/span><\/p><\/td><\/td>\n<\/tr>\n<tr>\n<td><td width=30%><a href='https:\/\/www.web-rr.de\/GHS-Buecherei\/index.php\/p9783898582681\/'><img src='https:\/\/www.web-rr.de\/GHS-Buecherei\/wp-content\/uploads\/9783898582681.jpg' alt='' ><\/a><\/td><td><p class='rHTitel'>Die Sandwerkstatt: Spannende Experimente mit Sand und Wasser<\/p><p class='rHLabel2'>von  <span class='rHText2'>Ulrike Berger<\/span><\/p><p><a href='https:\/\/www.web-rr.de\/GHS-Buecherei\/index.php\/p9783898582681\/'>Nordsee 14<\/a><\/p><p class='rHLabel2'>Stichw\u00f6rter: <span class='rHText2'>Experimente, Sand, Wasser, Strand, Basteln, Bauen,experimentieren<\/span><\/p><p><span class='rHLabel1'>Status: <\/span><span class='rHText1Gruen'>vorhanden<\/span><\/p><p><span class='rHLabel1'>Antolin: <\/span><span class='rHText1Gruen'>ja, Empfehlung Klasse 4<\/span><\/p><\/td><\/td>\n<\/tr>\n<tr>\n<td><td width=30%><a href='https:\/\/www.web-rr.de\/GHS-Buecherei\/index.php\/p9783529056048\/'><img src='https:\/\/www.web-rr.de\/GHS-Buecherei\/wp-content\/uploads\/9783529056048.jpg' alt='' ><\/a><\/td><td><p class='rHTitel'>V\u00f6gel am Meer: Mein kleines Bestimmungsbuch<\/p><p class='rHLabel2'>von  <span class='rHText2'>Rainer Borcherding<\/span><\/p><p><a href='https:\/\/www.web-rr.de\/GHS-Buecherei\/index.php\/p9783529056048\/'>Nordsee 15<\/a><\/p><p class='rHLabel2'>Stichw\u00f6rter: <span class='rHText2'>K\u00fcstenseeschwalbe, Eiderente, Silberm\u00f6we, Seev\u00f6gel und Robben, lustige Spielideen, Basteleien mit Muscheln, Federn und Steinen<\/span><\/p><p><span class='rHLabel1'>Status: <\/span><span class='rHText1Gruen'>vorhanden<\/span><\/p><p><span class='rHLabel1'>Antolin: <\/span><span class='rHText1Rot'>Quiz nicht vorhanden.<\/span><\/p><\/td><\/td>\n<\/tr>\n<tr>\n<td><td width=30%><a href='https:\/\/www.web-rr.de\/GHS-Buecherei\/index.php\/p9783944445168\/'><img src='https:\/\/www.web-rr.de\/GHS-Buecherei\/wp-content\/uploads\/9783944445168.jpg' alt='' ><\/a><\/td><td><p class='rHTitel'>Zugv\u00f6gel: Weltenwanderer im Wattenmeer<\/p><p class='rHLabel2'>von  <span class='rHText2'>Bernd-Uwe Janssen<\/span><\/p><p><a href='https:\/\/www.web-rr.de\/GHS-Buecherei\/index.php\/p9783944445168\/'>Nordsee 16<\/a><\/p><p class='rHLabel2'>Stichw\u00f6rter: <span class='rHText2'>Wattenmeer, Nordseek\u00fcste<\/span><\/p><p><span class='rHLabel1'>Status: <\/span><span class='rHText1Gruen'>vorhanden<\/span><\/p><p><span class='rHLabel1'>Antolin: <\/span><span class='rHText1Rot'>Quiz nicht vorhanden.<\/span><\/p><\/td><\/td>\n<\/tr>\n<tr>\n<td><td width=30%><a href='https:\/\/www.web-rr.de\/GHS-Buecherei\/index.php\/p9783804214330\/'><img src='https:\/\/www.web-rr.de\/GHS-Buecherei\/wp-content\/uploads\/9783804214330.jpg' alt='' ><\/a><\/td><td><p class='rHTitel'>L\u00fctje und Maart: Die kleinen Klabauterm\u00e4nner<\/p><p class='rHLabel2'>von  <span class='rHText2'>Hannah K\u00f6hler und Ulrich K\u00f6hler<\/span><\/p><p><a href='https:\/\/www.web-rr.de\/GHS-Buecherei\/index.php\/p9783804214330\/'>Nordsee 17<\/a><\/p><p class='rHLabel2'>Stichw\u00f6rter: <span class='rHText2'>Abenteuer, Schiff, Sturm, zerschellen<\/span><\/p><p><span class='rHLabel1'>Status: <\/span><span class='rHText1Gruen'>vorhanden<\/span><\/p><p><span class='rHLabel1'>Antolin: <\/span><span class='rHText1Rot'>Quiz nicht vorhanden.<\/span><\/p><\/td><\/td>\n<\/tr>\n<tr>\n<td><td width=30%><a href='https:\/\/www.web-rr.de\/GHS-Buecherei\/index.php\/p9783804214378\/'><img src='https:\/\/www.web-rr.de\/GHS-Buecherei\/wp-content\/uploads\/9783804214378.jpg' alt='' ><\/a><\/td><td><p class='rHTitel'>Oskar, beeil dich!: Ein unglaubliches Abenteuer auf der Insel<\/p><p class='rHLabel2'>von  <span class='rHText2'><\/span><\/p><p><a href='https:\/\/www.web-rr.de\/GHS-Buecherei\/index.php\/p9783804214378\/'>Nordsee 18<\/a><\/p><p class='rHLabel2'>Stichw\u00f6rter: <span class='rHText2'>M\u00f6we, Fliegen,<\/span><\/p><p><span class='rHLabel1'>Status: <\/span><span class='rHText1Gruen'>vorhanden<\/span><\/p><p><span class='rHLabel1'>Antolin: <\/span><span class='rHText1Rot'>Quiz nicht vorhanden.<\/span><\/p><\/td><\/td>\n<\/tr>\n<tr>\n<td><td width=30%><a href='https:\/\/www.web-rr.de\/GHS-Buecherei\/index.php\/p9783440152492\/'><img src='https:\/\/www.web-rr.de\/GHS-Buecherei\/wp-content\/uploads\/9783440152492.jpg' alt='' ><\/a><\/td><td><p class='rHTitel'>Was lebt an Strand und K\u00fcste? Kindernaturf\u00fchrer<\/p><p class='rHLabel2'>von  <span class='rHText2'>Holger Haag<\/span><\/p><p><a href='https:\/\/www.web-rr.de\/GHS-Buecherei\/index.php\/p9783440152492\/'>Nordsee 19<\/a><\/p><p class='rHLabel2'>Stichw\u00f6rter: <span class='rHText2'>V\u00f6gel, Robben, Muscheln, Algen, Tiere, Pflanzen, Bestimmen, Erkennen<\/span><\/p><p><span class='rHLabel1'>Status: <\/span><span class='rHText1Gruen'>vorhanden<\/span><\/p><p><span class='rHLabel1'>Antolin: <\/span><span class='rHText1Gruen'>ja, Empfehlung Klasse 3<\/span><\/p><\/td><\/td>\n<\/tr>\n<tr>\n<td><td width=30%><a href='https:\/\/www.web-rr.de\/GHS-Buecherei\/index.php\/p9783836959056\/'><img src='https:\/\/www.web-rr.de\/GHS-Buecherei\/wp-content\/uploads\/9783836959056.jpg' alt='' ><\/a><\/td><td><p class='rHTitel'>Der kleine Schweinswal und das Meer<\/p><p class='rHLabel2'>von  <span class='rHText2'>Claudia H.M. Hangen<\/span><\/p><p><a href='https:\/\/www.web-rr.de\/GHS-Buecherei\/index.php\/p9783836959056\/'>Nordsee 20<\/a><\/p><p class='rHLabel2'>Stichw\u00f6rter: <span class='rHText2'>Nord- und Ostsee, Sylt, Norwegen, Fische, Tiere, Wale<\/span><\/p><p><span class='rHLabel1'>Status: <\/span><span class='rHText1Gruen'>vorhanden<\/span><\/p><p><span class='rHLabel1'>Antolin: <\/span><span class='rHText1Gruen'>ja, Empfehlung Klasse 3<\/span><\/p><\/td><\/td>\n<\/tr>\n<tr>\n<td><td width=30%><a href='https:\/\/www.web-rr.de\/GHS-Buecherei\/index.php\/p9783000597138\/'><img src='https:\/\/www.web-rr.de\/GHS-Buecherei\/wp-content\/uploads\/9783000597138.jpg' alt='' ><\/a><\/td><td><p class='rHTitel'>Pepita und das Inselabenteuer<\/p><p class='rHLabel2'>von  <span class='rHText2'>Silke Schopmeyer<\/span><\/p><p><a href='https:\/\/www.web-rr.de\/GHS-Buecherei\/index.php\/p9783000597138\/'>Nordsee 21<\/a><\/p><p class='rHLabel2'>Stichw\u00f6rter: <span class='rHText2'>Leuchtturm, Schule, Geheimgang, Spannung, Freunde<\/span><\/p><p><span class='rHLabel1'>Status: <\/span><span class='rHText1Gruen'>vorhanden<\/span><\/p><p><span class='rHLabel1'>Antolin: <\/span><span class='rHText1Rot'>Quiz nicht vorhanden.<\/span><\/p><\/td><\/td>\n<\/tr>\n<tr>\n<td><td width=30%><a href='https:\/\/www.web-rr.de\/GHS-Buecherei\/index.php\/p2000001021859\/'><img src='https:\/\/www.web-rr.de\/GHS-Buecherei\/wp-content\/uploads\/2000001021859.jpg' alt='' ><\/a><\/td><td><p class='rHTitel'>Tr\u00fcbe Aussichten Phillipp Fisch<\/p><p class='rHLabel2'>von  <span class='rHText2'>Sally Soria-Dengg<\/span><\/p><p><a href='https:\/\/www.web-rr.de\/GHS-Buecherei\/index.php\/p2000001021859\/'>Nordsee 22<\/a><\/p><p class='rHLabel2'>Stichw\u00f6rter: <span class='rHText2'>Natur, Ostsee, Umwelt, Naturwissenschaft, \u00dcberdungung<\/span><\/p><p><span class='rHLabel1'>Status: <\/span><span class='rHText1Gruen'>vorhanden<\/span><\/p><p><span class='rHLabel1'>Antolin: <\/span><span class='rHText1Rot'>Quiz nicht vorhanden.<\/span><\/p><\/td><\/td>\n<\/tr>\n<tr>\n<td><td width=30%><a href='https:\/\/www.web-rr.de\/GHS-Buecherei\/index.php\/p9783730815694\/'><img src='https:\/\/www.web-rr.de\/GHS-Buecherei\/wp-content\/uploads\/9783730815694.jpg' alt='' ><\/a><\/td><td><p class='rHTitel'>Jello, Holly und Botte - Ferien auf Wangerooge<\/p><p class='rHLabel2'>von  <span class='rHText2'>Bernd Oeljeschl\u00e4ger, Nelly M\u00f6ller<\/span><\/p><p><a href='https:\/\/www.web-rr.de\/GHS-Buecherei\/index.php\/p9783730815694\/'>Nordsee 23<\/a><\/p><p class='rHLabel2'>Stichw\u00f6rter: <span class='rHText2'>Wangerooge, Freunde, Watt, Ebbe , Flut, Nordseeinsel<\/span><\/p><p><span class='rHLabel1'>Status: <\/span><span class='rHText1Gruen'>vorhanden<\/span><\/p><p><span class='rHLabel1'>Antolin: <\/span><span class='rHText1Rot'>Quiz nicht vorhanden.<\/span><\/p><\/td><\/td>\n<\/tr>\n<tr>\n<td><td width=30%><a href='https:\/\/www.web-rr.de\/GHS-Buecherei\/index.php\/p9783804215320\/'><img src='https:\/\/www.web-rr.de\/GHS-Buecherei\/wp-content\/uploads\/9783804215320.jpg' alt='' ><\/a><\/td><td><p class='rHTitel'>Mo und die verschwundene Sandbank<\/p><p class='rHLabel2'>von  <span class='rHText2'>Marina R\u00fcthe<\/span><\/p><p><a href='https:\/\/www.web-rr.de\/GHS-Buecherei\/index.php\/p9783804215320\/'>Nordsee 24<\/a><\/p><p class='rHLabel2'>Stichw\u00f6rter: <span class='rHText2'>Seehund, Sandbank, Meer, Natur<\/span><\/p><p><span class='rHLabel1'>Status: <\/span><span class='rHText1Gruen'>vorhanden<\/span><\/p><p><span class='rHLabel1'>Antolin: <\/span><span class='rHText1Gruen'>ja, Empfehlung Klasse 2<\/span><\/p><\/td><\/td>\n<\/tr>\n<\/tbody>\n<\/table>\n","protected":false},"excerpt":{"rendered":"","protected":false},"author":1,"featured_media":0,"parent":0,"menu_order":0,"comment_status":"closed","ping_status":"closed","template":"","meta":[],"_links":{"self":[{"href":"https:\/\/www.web-rr.de\/GHS-Buecherei\/index.php\/wp-json\/wp\/v2\/pages\/5918"}],"collection":[{"href":"https:\/\/www.web-rr.de\/GHS-Buecherei\/index.php\/wp-json\/wp\/v2\/pages"}],"about":[{"href":"https:\/\/www.web-rr.de\/GHS-Buecherei\/index.php\/wp-json\/wp\/v2\/types\/page"}],"author":[{"embeddable":true,"href":"https:\/\/www.web-rr.de\/GHS-Buecherei\/index.php\/wp-json\/wp\/v2\/users\/1"}],"replies":[{"embeddable":true,"href":"https:\/\/www.web-rr.de\/GHS-Buecherei\/index.php\/wp-json\/wp\/v2\/comments?post=5918"}],"version-history":[{"count":0,"href":"https:\/\/www.web-rr.de\/GHS-Buecherei\/index.php\/wp-json\/wp\/v2\/pages\/5918\/revisions"}],"wp:attachment":[{"href":"https:\/\/www.web-rr.de\/GHS-Buecherei\/index.php\/wp-json\/wp\/v2\/media?parent=5918"}],"curies":[{"name":"wp","href":"https:\/\/api.w.org\/{rel}","templated":true}]}}