{"id":5909,"date":"2021-02-25T18:19:09","date_gmt":"2021-02-25T17:19:09","guid":{"rendered":"https:\/\/www.web-rr.de\/GHS-Buecherei\/?page_id=5909"},"modified":"2021-04-28T21:39:25","modified_gmt":"2021-04-28T19:39:25","slug":"lexika","status":"publish","type":"page","link":"https:\/\/www.web-rr.de\/GHS-Buecherei\/index.php\/lexika\/","title":{"rendered":"Lexika"},"content":{"rendered":"<table class=\"wp-block-table alignfull is-style-regular\">\n<tbody>\n<tr>\n<td><td width=30%><a href='https:\/\/www.web-rr.de\/GHS-Buecherei\/index.php\/p9783451700002\/'><img src='https:\/\/www.web-rr.de\/GHS-Buecherei\/wp-content\/uploads\/9783451700002.jpg' alt='' ><\/a><\/td><td><p class='rHTitel'>Herders gro\u00dfes Bilderlexikon<\/p><p class='rHLabel2'>von  <span class='rHText2'>Robert Andre<\/span><\/p><p><a href='https:\/\/www.web-rr.de\/GHS-Buecherei\/index.php\/p9783451700002\/'>Lexika 1<\/a><\/p><p class='rHLabel2'>Stichw\u00f6rter: <span class='rHText2'>Lexikon<\/span><\/p><p><span class='rHLabel1'>Status: <\/span><span class='rHText1Gruen'>vorhanden<\/span><\/p><p><span class='rHLabel1'>Antolin: <\/span><span class='rHText1Rot'>Quiz nicht vorhanden.<\/span><\/p><\/td><\/td>\n<\/tr>\n<tr>\n<td><td width=30%><a href='https:\/\/www.web-rr.de\/GHS-Buecherei\/index.php\/p9783577077620\/'><img src='https:\/\/www.web-rr.de\/GHS-Buecherei\/wp-content\/uploads\/9783577077620.jpg' alt='' ><\/a><\/td><td><p class='rHTitel'>Der Kinder Brockhaus in einem Band<\/p><p class='rHLabel2'>von  <span class='rHText2'>-<\/span><\/p><p><a href='https:\/\/www.web-rr.de\/GHS-Buecherei\/index.php\/p9783577077620\/'>Lexika 2<\/a><\/p><p class='rHLabel2'>Stichw\u00f6rter: <span class='rHText2'>Lexikon<\/span><\/p><p><span class='rHLabel1'>Status: <\/span><span class='rHText1Gruen'>vorhanden<\/span><\/p><p><span class='rHLabel1'>Antolin: <\/span><span class='rHText1Rot'>Quiz nicht vorhanden.<\/span><\/p><\/td><\/td>\n<\/tr>\n<tr>\n<td><td width=30%><a href='https:\/\/www.web-rr.de\/GHS-Buecherei\/index.php\/p9783473550722\/'><img src='https:\/\/www.web-rr.de\/GHS-Buecherei\/wp-content\/uploads\/9783473550722.jpg' alt='' ><\/a><\/td><td><p class='rHTitel'>Das Ravensburger Kinder-Lexikon<\/p><p class='rHLabel2'>von  <span class='rHText2'>Julia Boehme<\/span><\/p><p><a href='https:\/\/www.web-rr.de\/GHS-Buecherei\/index.php\/p9783473550722\/'>Lexika 3<\/a><\/p><p class='rHLabel2'>Stichw\u00f6rter: <span class='rHText2'>Natur, Geschichte, Wissen<\/span><\/p><p><span class='rHLabel1'>Status: <\/span><span class='rHText1Gruen'>vorhanden<\/span><\/p><p><span class='rHLabel1'>Antolin: <\/span><span class='rHText1Rot'>Quiz nicht vorhanden.<\/span><\/p><\/td><\/td>\n<\/tr>\n<tr>\n<td><td width=30%><a href='https:\/\/www.web-rr.de\/GHS-Buecherei\/index.php\/p2000001016008\/'><img src='https:\/\/www.web-rr.de\/GHS-Buecherei\/wp-content\/uploads\/2000001016008.jpg' alt='' ><\/a><\/td><td><p class='rHTitel'>Mein gro\u00dfes Grundschul-Lexikon<\/p><p class='rHLabel2'>von  <span class='rHText2'>Klaus Kordon<\/span><\/p><p><a href='https:\/\/www.web-rr.de\/GHS-Buecherei\/index.php\/p2000001016008\/'>Lexika 4<\/a><\/p><p class='rHLabel2'>Stichw\u00f6rter: <span class='rHText2'>Lexikon<\/span><\/p><p><span class='rHLabel1'>Status: <\/span><span class='rHText1Gruen'>vorhanden<\/span><\/p><p><span class='rHLabel1'>Antolin: <\/span><span class='rHText1Rot'>Quiz nicht vorhanden.<\/span><\/p><\/td><\/td>\n<\/tr>\n<tr>\n<td><td width=30%><a href='https:\/\/www.web-rr.de\/GHS-Buecherei\/index.php\/p9783811222083\/'><img src='https:\/\/www.web-rr.de\/GHS-Buecherei\/wp-content\/uploads\/9783811222083.jpg' alt='' ><\/a><\/td><td><p class='rHTitel'>Mein allererstes gro\u00dfes Lexikon. Alles was Kinder wissen wollen<\/p><p class='rHLabel2'>von  <span class='rHText2'>Angela Wilkes<\/span><\/p><p><a href='https:\/\/www.web-rr.de\/GHS-Buecherei\/index.php\/p9783811222083\/'>Lexika 5<\/a><\/p><p class='rHLabel2'>Stichw\u00f6rter: <span class='rHText2'>Lexikon<\/span><\/p><p><span class='rHLabel1'>Status: <\/span><span class='rHText1Gruen'>vorhanden<\/span><\/p><p><span class='rHLabel1'>Antolin: <\/span><span class='rHText1Rot'>Quiz nicht vorhanden.<\/span><\/p><\/td><\/td>\n<\/tr>\n<tr>\n<td><td width=30%><a href='https:\/\/www.web-rr.de\/GHS-Buecherei\/index.php\/p9783411076963\/'><img src='https:\/\/www.web-rr.de\/GHS-Buecherei\/wp-content\/uploads\/9783411076963.jpg' alt='' ><\/a><\/td><td><p class='rHTitel'>Meyers gro\u00dfes Kinderlexikon. Von<\/p><p class='rHLabel2'>von  <span class='rHText2'>Achim Br\u00f6ger<\/span><\/p><p><a href='https:\/\/www.web-rr.de\/GHS-Buecherei\/index.php\/p9783411076963\/'>Lexika 6<\/a><\/p><p class='rHLabel2'>Stichw\u00f6rter: <span class='rHText2'>Lexikon<\/span><\/p><p><span class='rHLabel1'>Status: <\/span><span class='rHText1Gruen'>vorhanden<\/span><\/p><p><span class='rHLabel1'>Antolin: <\/span><span class='rHText1Rot'>Quiz nicht vorhanden.<\/span><\/p><\/td><\/td>\n<\/tr>\n<tr>\n<td><td width=30%><a href='https:\/\/www.web-rr.de\/GHS-Buecherei\/index.php\/p9783577090162\/'><img src='https:\/\/www.web-rr.de\/GHS-Buecherei\/wp-content\/uploads\/9783577090162.jpg' alt='' ><\/a><\/td><td><p class='rHTitel'>Bertelsmann Kinderlexikon<\/p><p class='rHLabel2'>von  <span class='rHText2'>Mira Lobe<\/span><\/p><p><a href='https:\/\/www.web-rr.de\/GHS-Buecherei\/index.php\/p9783577090162\/'>Lexika 7<\/a><\/p><p class='rHLabel2'>Stichw\u00f6rter: <span class='rHText2'>Lexikon<\/span><\/p><p><span class='rHLabel1'>Status: <\/span><span class='rHText1Gruen'>vorhanden<\/span><\/p><p><span class='rHLabel1'>Antolin: <\/span><span class='rHText1Gruen'>ja, Empfehlung Klasse 3<\/span><\/p><\/td><\/td>\n<\/tr>\n<tr>\n<td><td width=30%><a href='https:\/\/www.web-rr.de\/GHS-Buecherei\/index.php\/p9783548366708\/'><img src='https:\/\/www.web-rr.de\/GHS-Buecherei\/wp-content\/uploads\/9783548366708.jpg' alt='' ><\/a><\/td><td><p class='rHTitel'>Wissen macht Ah!: Klugscheissen mit Shary und Ralph: Klugschei\u00dfen leicht gemacht<\/p><p class='rHLabel2'>von  <span class='rHText2'>Ralph Caspers<\/span><\/p><p><a href='https:\/\/www.web-rr.de\/GHS-Buecherei\/index.php\/p9783548366708\/'>Lexika 8<\/a><\/p><p class='rHLabel2'>Stichw\u00f6rter: <span class='rHText2'>Wissen<\/span><\/p><p><span class='rHLabel1'>Status: <\/span><span class='rHText1Gruen'>vorhanden<\/span><\/p><p><span class='rHLabel1'>Antolin: <\/span><span class='rHText1Rot'>Quiz nicht vorhanden.<\/span><\/p><\/td><\/td>\n<\/tr>\n<tr>\n<td><td width=30%><a href='https:\/\/www.web-rr.de\/GHS-Buecherei\/index.php\/p9783522182560\/'><img src='https:\/\/www.web-rr.de\/GHS-Buecherei\/wp-content\/uploads\/9783522182560.jpg' alt='' ><\/a><\/td><td><p class='rHTitel'>Wie viele Gummib\u00e4rchen passen in eine Badewanne?: Wissen, das Spa\u00df macht<\/p><p class='rHLabel2'>von  <span class='rHText2'>Sabine M\u00fcller<\/span><\/p><p><a href='https:\/\/www.web-rr.de\/GHS-Buecherei\/index.php\/p9783522182560\/'>Lexika 9<\/a><\/p><p class='rHLabel2'>Stichw\u00f6rter: <span class='rHText2'>Wissen<\/span><\/p><p><span class='rHLabel1'>Status: <\/span><span class='rHText1Gruen'>vorhanden<\/span><\/p><p><span class='rHLabel1'>Antolin: <\/span><span class='rHText1Gruen'>ja, Empfehlung Klasse 4<\/span><\/p><\/td><\/td>\n<\/tr>\n<tr>\n<td><td width=30%><a href='https:\/\/www.web-rr.de\/GHS-Buecherei\/index.php\/p9783462048599\/'><img src='https:\/\/www.web-rr.de\/GHS-Buecherei\/wp-content\/uploads\/9783462048599.jpg' alt='' ><\/a><\/td><td><p class='rHTitel'>Der gro\u00dfe Wissenstest f\u00fcr Kinder: Was wei\u00dft du \u00fcber die Welt?<\/p><p class='rHLabel2'>von  <span class='rHText2'>Ansbert Kneip und Antonia Bauer<\/span><\/p><p><a href='https:\/\/www.web-rr.de\/GHS-Buecherei\/index.php\/p9783462048599\/'>Lexika 10<\/a><\/p><p class='rHLabel2'>Stichw\u00f6rter: <span class='rHText2'>Allgemeinwissen, Fragen, Antworten, Nachdenken, R\u00e4tseln, Herleiten, Weiterdenken, Spielen<\/span><\/p><p><span class='rHLabel1'>Status: <\/span><span class='rHText1Gruen'>vorhanden<\/span><\/p><p><span class='rHLabel1'>Antolin: <\/span><span class='rHText1Rot'>Quiz nicht vorhanden.<\/span><\/p><\/td><\/td>\n<\/tr>\n<tr>\n<td><td width=30%><a href='https:\/\/www.web-rr.de\/GHS-Buecherei\/index.php\/p9783931081560\/'><img src='https:\/\/www.web-rr.de\/GHS-Buecherei\/wp-content\/uploads\/9783931081560.jpg' alt='' ><\/a><\/td><td><p class='rHTitel'>Tausend Bilder Lexikon (Little Tiger Books)<\/p><p class='rHLabel2'>von  <span class='rHText2'>Janosch<\/span><\/p><p><a href='https:\/\/www.web-rr.de\/GHS-Buecherei\/index.php\/p9783931081560\/'>Lexika 11<\/a><\/p><p class='rHLabel2'>Stichw\u00f6rter: <span class='rHText2'>Bilder, W\u00f6rter, Alphabet<\/span><\/p><p><span class='rHLabel1'>Status: <\/span><span class='rHText1Gruen'>vorhanden<\/span><\/p><p><span class='rHLabel1'>Antolin: <\/span><span class='rHText1Rot'>Quiz nicht vorhanden.<\/span><\/p><\/td><\/td>\n<\/tr>\n<tr>\n<td><td width=30%><a href='https:\/\/www.web-rr.de\/GHS-Buecherei\/index.php\/p9783570173626\/'><img src='https:\/\/www.web-rr.de\/GHS-Buecherei\/wp-content\/uploads\/9783570173626.jpg' alt='' ><\/a><\/td><td><p class='rHTitel'>Frag doch mal \u2026 die Maus! Das gro\u00dfe Mauswissen<\/p><p class='rHLabel2'>von  <span class='rHText2'>Bernd Flessner<\/span><\/p><p><a href='https:\/\/www.web-rr.de\/GHS-Buecherei\/index.php\/p9783570173626\/'>Lexika 12<\/a><\/p><p class='rHLabel2'>Stichw\u00f6rter: <span class='rHText2'>Internet, Himmel, Technik, Alltag, spannende Fragen, R\u00e4tsel<\/span><\/p><p><span class='rHLabel1'>Status: <\/span><span class='rHText1Gruen'>vorhanden<\/span><\/p><p><span class='rHLabel1'>Antolin: <\/span><span class='rHText1Gruen'>ja, Empfehlung Klasse 5<\/span><\/p><\/td><\/td>\n<\/tr>\n<tr>\n<td><td width=30%><a href='https:\/\/www.web-rr.de\/GHS-Buecherei\/index.php\/p9783831030712\/'><img src='https:\/\/www.web-rr.de\/GHS-Buecherei\/wp-content\/uploads\/9783831030712.jpg' alt='' ><\/a><\/td><td><p class='rHTitel'>Bilderpedia: Ein Lexikon \u2013 10.000 Fotos<\/p><p class='rHLabel2'>von  <span class='rHText2'><\/span><\/p><p><a href='https:\/\/www.web-rr.de\/GHS-Buecherei\/index.php\/p9783831030712\/'>Lexika 13<\/a><\/p><p class='rHLabel2'>Stichw\u00f6rter: <span class='rHText2'>Atlas, Naturf\u00fchrer, Techniklexikon, Kultur- und Geschichtsbuch<\/span><\/p><p><span class='rHLabel1'>Status: <\/span><span class='rHText1Gruen'>vorhanden<\/span><\/p><p><span class='rHLabel1'>Antolin: <\/span><span class='rHText1Rot'>Quiz nicht vorhanden.<\/span><\/p><\/td><\/td>\n<\/tr>\n<tr>\n<td><td width=30%><a href='https:\/\/www.web-rr.de\/GHS-Buecherei\/index.php\/p9783899557312\/'><img src='https:\/\/www.web-rr.de\/GHS-Buecherei\/wp-content\/uploads\/9783899557312.jpg' alt='' ><\/a><\/td><td><p class='rHTitel'>Wie gro\u00df, wie weit, wie schnell ?<\/p><p class='rHLabel2'>von  <span class='rHText2'>Jan Van Der Veken<\/span><\/p><p><a href='https:\/\/www.web-rr.de\/GHS-Buecherei\/index.php\/p9783899557312\/'>Lexika 14<\/a><\/p><p class='rHLabel2'>Stichw\u00f6rter: <span class='rHText2'>Physikalische Gr\u00f6\u00dfen, Ma\u00dfeinheiten, Vergleiche, L\u00e4ngen, Entfernungen, Gewicht, Geschwindigkeit, Lautst\u00e4rke, Zeit<\/span><\/p><p><span class='rHLabel1'>Status: <\/span><span class='rHText1Gruen'>vorhanden<\/span><\/p><p><span class='rHLabel1'>Antolin: <\/span><span class='rHText1Rot'>Quiz nicht vorhanden.<\/span><\/p><\/td><\/td>\n<\/tr>\n<tr>\n<td><td width=30%><a href='https:\/\/www.web-rr.de\/GHS-Buecherei\/index.php\/p9783570128121\/'><img src='https:\/\/www.web-rr.de\/GHS-Buecherei\/wp-content\/uploads\/9783570128121.jpg' alt='' ><\/a><\/td><td><p class='rHTitel'>Mein gro\u00dfes Grundschullexikon<\/p><p class='rHLabel2'>von  <span class='rHText2'>Christiane Schmitz-Strempel<\/span><\/p><p><a href='https:\/\/www.web-rr.de\/GHS-Buecherei\/index.php\/p9783570128121\/'>Lexika 15<\/a><\/p><p class='rHLabel2'>Stichw\u00f6rter: <span class='rHText2'>Lexikon, Alphabetisch<\/span><\/p><p><span class='rHLabel1'>Status: <\/span><span class='rHText1Gruen'>vorhanden<\/span><\/p><p><span class='rHLabel1'>Antolin: <\/span><span class='rHText1Rot'>Quiz nicht vorhanden.<\/span><\/p><\/td><\/td>\n<\/tr>\n<tr>\n<td><td width=30%><a href='https:\/\/www.web-rr.de\/GHS-Buecherei\/index.php\/p9783473327454\/'><img src='https:\/\/www.web-rr.de\/GHS-Buecherei\/wp-content\/uploads\/9783473327454.jpg' alt='' ><\/a><\/td><td><p class='rHTitel'>Mein erstes Lexikon: Schauen-Klappen-Staunen<\/p><p class='rHLabel2'>von  <span class='rHText2'>Andrea Erne, Wolfgang Metzger<\/span><\/p><p><a href='https:\/\/www.web-rr.de\/GHS-Buecherei\/index.php\/p9783473327454\/'>Lexika 16<\/a><\/p><p class='rHLabel2'>Stichw\u00f6rter: <span class='rHText2'>Kindergarten, Baustelle, K\u00f6rper, Bauernhof, Weltall<\/span><\/p><p><span class='rHLabel1'>Status: <\/span><span class='rHText1Gruen'>vorhanden<\/span><\/p><p><span class='rHLabel1'>Antolin: <\/span><span class='rHText1Gruen'>ja, Empfehlung Klasse 3<\/span><\/p><\/td><\/td>\n<\/tr>\n<tr>\n<td><td width=30%><a href='https:\/\/www.web-rr.de\/GHS-Buecherei\/index.php\/p9783446260603\/'><img src='https:\/\/www.web-rr.de\/GHS-Buecherei\/wp-content\/uploads\/9783446260603.jpg' alt='' ><\/a><\/td><td><p class='rHTitel'>321 superschlaue Dinge, die du unbedingt wissen musst<\/p><p class='rHLabel2'>von  <span class='rHText2'>Mathilda Masters<\/span><\/p><p><a href='https:\/\/www.web-rr.de\/GHS-Buecherei\/index.php\/p9783446260603\/'>Lexika 17<\/a><\/p><p class='rHLabel2'>Stichw\u00f6rter: <span class='rHText2'>Lustig, Flora, Fauna, Erde<\/span><\/p><p><span class='rHLabel1'>Status: <\/span><span class='rHText1Gruen'>vorhanden<\/span><\/p><p><span class='rHLabel1'>Antolin: <\/span><span class='rHText1Gruen'>ja, Empfehlung Klasse 6<\/span><\/p><\/td><\/td>\n<\/tr>\n<tr>\n<td><td width=30%><a href='https:\/\/www.web-rr.de\/GHS-Buecherei\/index.php\/p9783788675011\/'><img src='https:\/\/www.web-rr.de\/GHS-Buecherei\/wp-content\/uploads\/9783788675011.jpg' alt='' ><\/a><\/td><td><p class='rHTitel'>BOOKii\u00ae WAS IST WAS Das geniale Quiz!? - Antippen, Spielen, Lernen<\/p><p class='rHLabel2'>von  <span class='rHText2'>Carolin Langbein<\/span><\/p><p><a href='https:\/\/www.web-rr.de\/GHS-Buecherei\/index.php\/p9783788675011\/'>Lexika 18<\/a><\/p><p class='rHLabel2'>Stichw\u00f6rter: <span class='rHText2'>Sachwissen, Erde, Tiere, V\u00f6gel<\/span><\/p><p><span class='rHLabel1'>Status: <\/span><span class='rHText1Gruen'>vorhanden<\/span><\/p><p><span class='rHLabel1'>Antolin: <\/span><span class='rHText1Rot'>Quiz nicht vorhanden.<\/span><\/p><\/td><\/td>\n<\/tr>\n<tr>\n<td><td width=30%><a href='https:\/\/www.web-rr.de\/GHS-Buecherei\/index.php\/p9783401054469\/'><img src='https:\/\/www.web-rr.de\/GHS-Buecherei\/wp-content\/uploads\/9783401054469.jpg' alt='' ><\/a><\/td><td><p class='rHTitel'>Das Arena-Buch der Sachgeschichten: Alles \u00fcber Tiere, Natur, Technik und fremde V\u00f6lker<\/p><p class='rHLabel2'>von  <span class='rHText2'><\/span><\/p><p><a href='https:\/\/www.web-rr.de\/GHS-Buecherei\/index.php\/p9783401054469\/'>Lexika 19<\/a><\/p><p class='rHLabel2'>Stichw\u00f6rter: <span class='rHText2'> Tiere und Natur, Technik, Geschichte, Abenteuer, Ritter, Cowboys<\/span><\/p><p><span class='rHLabel1'>Status: <\/span><span class='rHText1Gruen'>vorhanden<\/span><\/p><p><span class='rHLabel1'>Antolin: <\/span><span class='rHText1Gruen'>ja, Empfehlung Klasse 3<\/span><\/p><\/td><\/td>\n<\/tr>\n<tr>\n<td><td width=30%><a href='https:\/\/www.web-rr.de\/GHS-Buecherei\/index.php\/p9783865024626\/'><img src='https:\/\/www.web-rr.de\/GHS-Buecherei\/wp-content\/uploads\/9783865024626.jpg' alt='' ><\/a><\/td><td><p class='rHTitel'>Die Enzyklop\u00e4die der unglaublichen Fakten<\/p><p class='rHLabel2'>von  <span class='rHText2'>Jane Wilsher und Louise Lockhart<\/span><\/p><p><a href='https:\/\/www.web-rr.de\/GHS-Buecherei\/index.php\/p9783865024626\/'>Lexika 20<\/a><\/p><p class='rHLabel2'>Stichw\u00f6rter: <span class='rHText2'>Wissen, Weltalt, Welt, Kunst, Bakterien<\/span><\/p><p><span class='rHLabel1'>Status: <\/span><span class='rHText1Gruen'>vorhanden<\/span><\/p><p><span class='rHLabel1'>Antolin: <\/span><span class='rHText1Rot'>Quiz nicht vorhanden.<\/span><\/p><\/td><\/td>\n<\/tr>\n<tr>\n<td><td width=30%><a href='https:\/\/www.web-rr.de\/GHS-Buecherei\/index.php\/p9783954702459\/'><img src='https:\/\/www.web-rr.de\/GHS-Buecherei\/wp-content\/uploads\/9783954702459.jpg' alt='' ><\/a><\/td><td><p class='rHTitel'>Wahrheit oder Quatsch?<\/p><p class='rHLabel2'>von  <span class='rHText2'>Tanja Esch<\/span><\/p><p><a href='https:\/\/www.web-rr.de\/GHS-Buecherei\/index.php\/p9783954702459\/'>Lexika 21<\/a><\/p><p class='rHLabel2'>Stichw\u00f6rter: <span class='rHText2'>Sachbuch, Mitraten, Geheimnisse<\/span><\/p><p><span class='rHLabel1'>Status: <\/span><span class='rHText1Gruen'>vorhanden<\/span><\/p><p><span class='rHLabel1'>Antolin: <\/span><span class='rHText1Gruen'>ja, Empfehlung Klasse 3<\/span><\/p><\/td><\/td>\n<\/tr>\n<tr>\n<td><td width=30%><a href='https:\/\/www.web-rr.de\/GHS-Buecherei\/index.php\/p9783817429813\/'><img src='https:\/\/www.web-rr.de\/GHS-Buecherei\/wp-content\/uploads\/9783817429813.jpg' alt='' ><\/a><\/td><td><p class='rHTitel'>Superschlaues Wissen f\u00fcr Kids<\/p><p class='rHLabel2'>von  <span class='rHText2'>Heidi Dr. Schooltink, Karolin K\u00fcntzel<\/span><\/p><p><a href='https:\/\/www.web-rr.de\/GHS-Buecherei\/index.php\/p9783817429813\/'>Lexika 22<\/a><\/p><p class='rHLabel2'>Stichw\u00f6rter: <span class='rHText2'>Planet, Kultur, Geschichte, K\u00f6rper, Weltraum, Naturwissenschaft, Pfanzen, Tiere<\/span><\/p><p><span class='rHLabel1'>Status: <\/span><span class='rHText1Gruen'>vorhanden<\/span><\/p><p><span class='rHLabel1'>Antolin: <\/span><span class='rHText1Gruen'>ja, Empfehlung Klasse 5<\/span><\/p><\/td><\/td>\n<\/tr>\n<\/tbody>\n<\/table>\n","protected":false},"excerpt":{"rendered":"","protected":false},"author":1,"featured_media":0,"parent":0,"menu_order":0,"comment_status":"closed","ping_status":"closed","template":"","meta":[],"_links":{"self":[{"href":"https:\/\/www.web-rr.de\/GHS-Buecherei\/index.php\/wp-json\/wp\/v2\/pages\/5909"}],"collection":[{"href":"https:\/\/www.web-rr.de\/GHS-Buecherei\/index.php\/wp-json\/wp\/v2\/pages"}],"about":[{"href":"https:\/\/www.web-rr.de\/GHS-Buecherei\/index.php\/wp-json\/wp\/v2\/types\/page"}],"author":[{"embeddable":true,"href":"https:\/\/www.web-rr.de\/GHS-Buecherei\/index.php\/wp-json\/wp\/v2\/users\/1"}],"replies":[{"embeddable":true,"href":"https:\/\/www.web-rr.de\/GHS-Buecherei\/index.php\/wp-json\/wp\/v2\/comments?post=5909"}],"version-history":[{"count":0,"href":"https:\/\/www.web-rr.de\/GHS-Buecherei\/index.php\/wp-json\/wp\/v2\/pages\/5909\/revisions"}],"wp:attachment":[{"href":"https:\/\/www.web-rr.de\/GHS-Buecherei\/index.php\/wp-json\/wp\/v2\/media?parent=5909"}],"curies":[{"name":"wp","href":"https:\/\/api.w.org\/{rel}","templated":true}]}}