{"id":5872,"date":"2021-02-25T17:39:19","date_gmt":"2021-02-25T16:39:19","guid":{"rendered":"https:\/\/www.web-rr.de\/GHS-Buecherei\/?page_id=5872"},"modified":"2021-04-28T21:12:02","modified_gmt":"2021-04-28T19:12:02","slug":"piraten","status":"publish","type":"page","link":"https:\/\/www.web-rr.de\/GHS-Buecherei\/index.php\/piraten\/","title":{"rendered":"Piraten"},"content":{"rendered":"<table class=\"wp-block-table alignfull is-style-regular\">\n<tbody>\n<tr>\n<td><td width=30%><a href='https:\/\/www.web-rr.de\/GHS-Buecherei\/index.php\/p9783831010547\/'><img src='https:\/\/www.web-rr.de\/GHS-Buecherei\/wp-content\/uploads\/9783831010547.jpg' alt='' ><\/a><\/td><td><p class='rHTitel'>Piraten, Sch\u00e4tze, Abenteuer: Die Geschichte der gro\u00dfen Seer\u00e4uber<\/p><p class='rHLabel2'>von  <span class='rHText2'>Christine N\u00f6stlinger<\/span><\/p><p><a href='https:\/\/www.web-rr.de\/GHS-Buecherei\/index.php\/p9783831010547\/'>Piraten 1<\/a><\/p><p class='rHLabel2'>Stichw\u00f6rter: <span class='rHText2'>Seer\u00e4uber, Geschichte, Abenteuer, Mittelmeer<\/span><\/p><p><span class='rHLabel1'>Status: <\/span><span class='rHText1Gruen'>vorhanden<\/span><\/p><p><span class='rHLabel1'>Antolin: <\/span><span class='rHText1Gruen'>ja, Empfehlung Klasse 4<\/span><\/p><\/td><\/td>\n<\/tr>\n<tr>\n<td><td width=30%><a href='https:\/\/www.web-rr.de\/GHS-Buecherei\/index.php\/p9783785560747\/'><img src='https:\/\/www.web-rr.de\/GHS-Buecherei\/wp-content\/uploads\/9783785560747.jpg' alt='' ><\/a><\/td><td><p class='rHTitel'>Wikinger, Piraten und andere wilde Kerle<\/p><p class='rHLabel2'>von  <span class='rHText2'>Markus Grimm<\/span><\/p><p><a href='https:\/\/www.web-rr.de\/GHS-Buecherei\/index.php\/p9783785560747\/'>Piraten 2<\/a><\/p><p class='rHLabel2'>Stichw\u00f6rter: <span class='rHText2'>Seer\u00e4uber, Wikinger, Piraten, Ritter<\/span><\/p><p><span class='rHLabel1'>Status: <\/span><span class='rHText1Gruen'>vorhanden<\/span><\/p><p><span class='rHLabel1'>Antolin: <\/span><span class='rHText1Gruen'>ja, Empfehlung Klasse 3<\/span><\/p><\/td><\/td>\n<\/tr>\n<tr>\n<td><td width=30%><a href='https:\/\/www.web-rr.de\/GHS-Buecherei\/index.php\/p9783401092577\/'><img src='https:\/\/www.web-rr.de\/GHS-Buecherei\/wp-content\/uploads\/9783401092577.jpg' alt='' ><\/a><\/td><td><p class='rHTitel'>Der Pirat, das Schiff und ich: Die Geschichte von Billy und K\u00e4pten Gold<\/p><p class='rHLabel2'>von  <span class='rHText2'>Sibylle Rieckhoff<\/span><\/p><p><a href='https:\/\/www.web-rr.de\/GHS-Buecherei\/index.php\/p9783401092577\/'>Piraten 3<\/a><\/p><p class='rHLabel2'>Stichw\u00f6rter: <span class='rHText2'>Seer\u00e4uber, Piratenparty<\/span><\/p><p><span class='rHLabel1'>Status: <\/span><span class='rHText1Gruen'>vorhanden<\/span><\/p><p><span class='rHLabel1'>Antolin: <\/span><span class='rHText1Gruen'>ja, Empfehlung Klasse 2<\/span><\/p><\/td><\/td>\n<\/tr>\n<tr>\n<td><td width=30%><a href='https:\/\/www.web-rr.de\/GHS-Buecherei\/index.php\/p9783505124983\/'><img src='https:\/\/www.web-rr.de\/GHS-Buecherei\/wp-content\/uploads\/9783505124983.jpg' alt='' ><\/a><\/td><td><p class='rHTitel'>Jack Sparrow, Band 09: Gefangen im Zeitstrudel: Fluch der Karibik<\/p><p class='rHLabel2'>von  <span class='rHText2'>Rob Kidd<\/span><\/p><p><a href='https:\/\/www.web-rr.de\/GHS-Buecherei\/index.php\/p9783505124983\/'>Piraten 4<\/a><\/p><p class='rHLabel2'>Stichw\u00f6rter: <span class='rHText2'>Seer\u00e4uber, Fluch der Karibik, Johnny Depp<\/span><\/p><p><span class='rHLabel1'>Status: <\/span><span class='rHText1Gruen'>vorhanden<\/span><\/p><p><span class='rHLabel1'>Antolin: <\/span><span class='rHText1Rot'>Quiz nicht vorhanden.<\/span><\/p><\/td><\/td>\n<\/tr>\n<tr>\n<td><td width=30%><a href='https:\/\/www.web-rr.de\/GHS-Buecherei\/index.php\/p9783785525968\/'><img src='https:\/\/www.web-rr.de\/GHS-Buecherei\/wp-content\/uploads\/9783785525968.jpg' alt='' ><\/a><\/td><td><p class='rHTitel'>Lesel\u00f6wen Seer\u00e4ubergeschichten<\/p><p class='rHLabel2'>von  <span class='rHText2'>Klaus-Peter Wolf<\/span><\/p><p><a href='https:\/\/www.web-rr.de\/GHS-Buecherei\/index.php\/p9783785525968\/'>Piraten 5<\/a><\/p><p class='rHLabel2'>Stichw\u00f6rter: <span class='rHText2'>Seer\u00e4uber, Abenteuer, Weltmeere<\/span><\/p><p><span class='rHLabel1'>Status: <\/span><span class='rHText1Gruen'>vorhanden<\/span><\/p><p><span class='rHLabel1'>Antolin: <\/span><span class='rHText1Gruen'>ja, Empfehlung Klasse 3<\/span><\/p><\/td><\/td>\n<\/tr>\n<tr>\n<td><td width=30%><a href='https:\/\/www.web-rr.de\/GHS-Buecherei\/index.php\/p9783833904325\/'><img src='https:\/\/www.web-rr.de\/GHS-Buecherei\/wp-content\/uploads\/9783833904325.jpg' alt='' ><\/a><\/td><td><p class='rHTitel'>Finn bei den Piraten<\/p><p class='rHLabel2'>von  <span class='rHText2'>Irene Wellershoff<\/span><\/p><p><a href='https:\/\/www.web-rr.de\/GHS-Buecherei\/index.php\/p9783833904325\/'>Piraten 6<\/a><\/p><p class='rHLabel2'>Stichw\u00f6rter: <span class='rHText2'>Seer\u00e4uber, Baden, Riesen\u00fcberschwemmung<\/span><\/p><p><span class='rHLabel1'>Status: <\/span><span class='rHText1Gruen'>vorhanden<\/span><\/p><p><span class='rHLabel1'>Antolin: <\/span><span class='rHText1Gruen'>ja, Empfehlung Klasse 2<\/span><\/p><\/td><\/td>\n<\/tr>\n<tr>\n<td><td width=30%><a href='https:\/\/www.web-rr.de\/GHS-Buecherei\/index.php\/p9783867661041\/'><img src='https:\/\/www.web-rr.de\/GHS-Buecherei\/wp-content\/uploads\/9783867661041.jpg' alt='' ><\/a><\/td><td><p class='rHTitel'>Entdecke die Welt der Piraten<\/p><p class='rHLabel2'>von  <span class='rHText2'>Philip Steele<\/span><\/p><p><a href='https:\/\/www.web-rr.de\/GHS-Buecherei\/index.php\/p9783867661041\/'>Piraten 07<\/a><\/p><p class='rHLabel2'>Stichw\u00f6rter: <span class='rHText2'>Seer\u00e4uber, Abenteuer, Spannung<\/span><\/p><p><span class='rHLabel1'>Status: <\/span><span class='rHText1Gruen'>vorhanden<\/span><\/p><p><span class='rHLabel1'>Antolin: <\/span><span class='rHText1Rot'>Quiz nicht vorhanden.<\/span><\/p><\/td><\/td>\n<\/tr>\n<tr>\n<td><td width=30%><a href='https:\/\/www.web-rr.de\/GHS-Buecherei\/index.php\/p9783401093949\/'><img src='https:\/\/www.web-rr.de\/GHS-Buecherei\/wp-content\/uploads\/9783401093949.jpg' alt='' ><\/a><\/td><td><p class='rHTitel'>Lucy ist heute Piratin<\/p><p class='rHLabel2'>von  <span class='rHText2'>Isabel Abedi<\/span><\/p><p><a href='https:\/\/www.web-rr.de\/GHS-Buecherei\/index.php\/p9783401093949\/'>Piraten 8<\/a><\/p><p class='rHLabel2'>Stichw\u00f6rter: <span class='rHText2'>Seer\u00e4uber, Verkleidungskiste, Piratenabenteuer<\/span><\/p><p><span class='rHLabel1'>Status: <\/span><span class='rHText1Gruen'>vorhanden<\/span><\/p><p><span class='rHLabel1'>Antolin: <\/span><span class='rHText1Gruen'>ja, Empfehlung Klasse 2<\/span><\/p><\/td><\/td>\n<\/tr>\n<tr>\n<td><td width=30%><a href='https:\/\/www.web-rr.de\/GHS-Buecherei\/index.php\/p9783473347957\/'><img src='https:\/\/www.web-rr.de\/GHS-Buecherei\/wp-content\/uploads\/9783473347957.jpg' alt='' ><\/a><\/td><td><p class='rHTitel'>Die Abenteuer des Stanley Buggles 3: H\u00f6llisch harte Halunken<\/p><p class='rHLabel2'>von  <span class='rHText2'>Chris Mould<\/span><\/p><p><a href='https:\/\/www.web-rr.de\/GHS-Buecherei\/index.php\/p9783473347957\/'>Piraten 9<\/a><\/p><p class='rHLabel2'>Stichw\u00f6rter: <span class='rHText2'>Seer\u00e4uber, Spannung, Abenteuer<\/span><\/p><p><span class='rHLabel1'>Status: <\/span><span class='rHText1Gruen'>vorhanden<\/span><\/p><p><span class='rHLabel1'>Antolin: <\/span><span class='rHText1Gruen'>ja, Empfehlung Klasse 6<\/span><\/p><\/td><\/td>\n<\/tr>\n<tr>\n<td><td width=30%><a href='https:\/\/www.web-rr.de\/GHS-Buecherei\/index.php\/p9783407799234\/'><img src='https:\/\/www.web-rr.de\/GHS-Buecherei\/wp-content\/uploads\/9783407799234.jpg' alt='' ><\/a><\/td><td><p class='rHTitel'>Piratensohn: Roman<\/p><p class='rHLabel2'>von  <span class='rHText2'>Klaus Kordon<\/span><\/p><p><a href='https:\/\/www.web-rr.de\/GHS-Buecherei\/index.php\/p9783407799234\/'>Piraten 10<\/a><\/p><p class='rHLabel2'>Stichw\u00f6rter: <span class='rHText2'>Seer\u00e4uber, Abenteuer, Diamantenh\u00e4ndler, Freundschaft<\/span><\/p><p><span class='rHLabel1'>Status: <\/span><span class='rHText1Gruen'>vorhanden<\/span><\/p><p><span class='rHLabel1'>Antolin: <\/span><span class='rHText1Gruen'>ja, Empfehlung Klasse 4<\/span><\/p><\/td><\/td>\n<\/tr>\n<tr>\n<td><td width=30%><a href='https:\/\/www.web-rr.de\/GHS-Buecherei\/index.php\/p9783473327720\/'><img src='https:\/\/www.web-rr.de\/GHS-Buecherei\/wp-content\/uploads\/9783473327720.jpg' alt='' ><\/a><\/td><td><p class='rHTitel'>Wieso? Weshalb? Warum? 40: Wieso? Weshalb? Warum? 40: Alles \u00fcber Piraten<\/p><p class='rHLabel2'>von  <span class='rHText2'>Andrea Erne<\/span><\/p><p><a href='https:\/\/www.web-rr.de\/GHS-Buecherei\/index.php\/p9783473327720\/'>Piraten 11<\/a><\/p><p class='rHLabel2'>Stichw\u00f6rter: <span class='rHText2'>Seer\u00e4uber, Meer, Sachbuch, Wissen<\/span><\/p><p><span class='rHLabel1'>Status: <\/span><span class='rHText1Gruen'>vorhanden<\/span><\/p><p><span class='rHLabel1'>Antolin: <\/span><span class='rHText1Gruen'>ja, Empfehlung Klasse 3<\/span><\/p><\/td><\/td>\n<\/tr>\n<tr>\n<td><td width=30%><a href='https:\/\/www.web-rr.de\/GHS-Buecherei\/index.php\/p9783423623841\/'><img src='https:\/\/www.web-rr.de\/GHS-Buecherei\/wp-content\/uploads\/9783423623841.jpg' alt='' ><\/a><\/td><td><p class='rHTitel'>Araminta Spuk Das Schwert in der Grotte<\/p><p class='rHLabel2'>von  <span class='rHText2'>Angie Sage<\/span><\/p><p><a href='https:\/\/www.web-rr.de\/GHS-Buecherei\/index.php\/p9783423623841\/'>Piraten 11<\/a><\/p><p class='rHLabel2'>Stichw\u00f6rter: <span class='rHText2'>Seer\u00e4uber<\/span><\/p><p><span class='rHLabel1'>Status: <\/span><span class='rHText1Gruen'>vorhanden<\/span><\/p><p><span class='rHLabel1'>Antolin: <\/span><span class='rHText1Gruen'>ja, Empfehlung Klasse 4<\/span><\/p><\/td><\/td>\n<\/tr>\n<tr>\n<td><td width=30%><a href='https:\/\/www.web-rr.de\/GHS-Buecherei\/index.php\/p9783760726250\/'><img src='https:\/\/www.web-rr.de\/GHS-Buecherei\/wp-content\/uploads\/9783760726250.jpg' alt='' ><\/a><\/td><td><p class='rHTitel'>Die abenteuerliche Welt der Piraten<\/p><p class='rHLabel2'>von  <span class='rHText2'>Dugald A. Steer<\/span><\/p><p><a href='https:\/\/www.web-rr.de\/GHS-Buecherei\/index.php\/p9783760726250\/'>Piraten 12<\/a><\/p><p class='rHLabel2'>Stichw\u00f6rter: <span class='rHText2'>Seer\u00e4uber, Geschichte<\/span><\/p><p><span class='rHLabel1'>Status: <\/span><span class='rHText1Gruen'>vorhanden<\/span><\/p><p><span class='rHLabel1'>Antolin: <\/span><span class='rHText1Gruen'>ja, Empfehlung Klasse 6<\/span><\/p><\/td><\/td>\n<\/tr>\n<tr>\n<td><td width=30%><a href='https:\/\/www.web-rr.de\/GHS-Buecherei\/index.php\/p9783867400312\/'><img src='https:\/\/www.web-rr.de\/GHS-Buecherei\/wp-content\/uploads\/9783867400312.jpg' alt='' ><\/a><\/td><td><p class='rHTitel'>Der Rosenkohlpirat<\/p><p class='rHLabel2'>von  <span class='rHText2'>Barbara Rath<\/span><\/p><p><a href='https:\/\/www.web-rr.de\/GHS-Buecherei\/index.php\/p9783867400312\/'>Piraten 13<\/a><\/p><p class='rHLabel2'>Stichw\u00f6rter: <span class='rHText2'>Seer\u00e4uber, D\u00e4umling, Kanalisation<\/span><\/p><p><span class='rHLabel1'>Status: <\/span><span class='rHText1Gruen'>vorhanden<\/span><\/p><p><span class='rHLabel1'>Antolin: <\/span><span class='rHText1Gruen'>ja, Empfehlung Klasse 4<\/span><\/p><\/td><\/td>\n<\/tr>\n<tr>\n<td><td width=30%><a href='https:\/\/www.web-rr.de\/GHS-Buecherei\/index.php\/p9783473985821\/'><img src='https:\/\/www.web-rr.de\/GHS-Buecherei\/wp-content\/uploads\/9783473985821.jpg' alt='' ><\/a><\/td><td><p class='rHTitel'>Piratengeschichten, Lesezirkus<\/p><p class='rHLabel2'>von  <span class='rHText2'>-<\/span><\/p><p><a href='https:\/\/www.web-rr.de\/GHS-Buecherei\/index.php\/p9783473985821\/'>Piraten 14<\/a><\/p><p class='rHLabel2'>Stichw\u00f6rter: <span class='rHText2'>Seer\u00e4uber<\/span><\/p><p><span class='rHLabel1'>Status: <\/span><span class='rHText1Gruen'>vorhanden<\/span><\/p><p><span class='rHLabel1'>Antolin: <\/span><span class='rHText1Gruen'>ja, Empfehlung Klasse 3<\/span><\/p><\/td><\/td>\n<\/tr>\n<tr>\n<td><td width=30%><a href='https:\/\/www.web-rr.de\/GHS-Buecherei\/index.php\/p9783785573839\/'><img src='https:\/\/www.web-rr.de\/GHS-Buecherei\/wp-content\/uploads\/9783785573839.jpg' alt='' ><\/a><\/td><td><p class='rHTitel'>Messerlillis wilde T\u00f6chter Band 2: Piratenalarm in Santocruz<\/p><p class='rHLabel2'>von  <span class='rHText2'>Alexandra Fischer-Hunold<\/span><\/p><p><a href='https:\/\/www.web-rr.de\/GHS-Buecherei\/index.php\/p9783785573839\/'>Piraten 15<\/a><\/p><p class='rHLabel2'>Stichw\u00f6rter: <span class='rHText2'>Seer\u00e4uber, Goldschatz<\/span><\/p><p><span class='rHLabel1'>Status: <\/span><span class='rHText1Gruen'>vorhanden<\/span><\/p><p><span class='rHLabel1'>Antolin: <\/span><span class='rHText1Gruen'>ja, Empfehlung Klasse 4<\/span><\/p><\/td><\/td>\n<\/tr>\n<tr>\n<td><td width=30%><a href='https:\/\/www.web-rr.de\/GHS-Buecherei\/index.php\/p9783800053117\/'><img src='https:\/\/www.web-rr.de\/GHS-Buecherei\/wp-content\/uploads\/9783800053117.jpg' alt='' ><\/a><\/td><td><p class='rHTitel'>Dschinni 03. Dschinni auf wilder Schatzjagd<\/p><p class='rHLabel2'>von  <span class='rHText2'>Usch Luhn<\/span><\/p><p><a href='https:\/\/www.web-rr.de\/GHS-Buecherei\/index.php\/p9783800053117\/'>Piraten 16<\/a><\/p><p class='rHLabel2'>Stichw\u00f6rter: <span class='rHText2'>Zauber, Orient, Morgenland, Flaschengeist, Dschinn<\/span><\/p><p><span class='rHLabel1'>Status: <\/span><span class='rHText1Gruen'>vorhanden<\/span><\/p><p><span class='rHLabel1'>Antolin: <\/span><span class='rHText1Gruen'>ja, Empfehlung Klasse 3<\/span><\/p><\/td><\/td>\n<\/tr>\n<tr>\n<td><td width=30%><a href='https:\/\/www.web-rr.de\/GHS-Buecherei\/index.php\/p9783833158827\/'><img src='https:\/\/www.web-rr.de\/GHS-Buecherei\/wp-content\/uploads\/9783833158827.jpg' alt='' ><\/a><\/td><td><p class='rHTitel'>Piraten: Was Kinder erfahren und verstehen wollen<\/p><p class='rHLabel2'>von  <span class='rHText2'>Emilie Beaumont<\/span><\/p><p><a href='https:\/\/www.web-rr.de\/GHS-Buecherei\/index.php\/p9783833158827\/'>Piraten 17<\/a><\/p><p class='rHLabel2'>Stichw\u00f6rter: <span class='rHText2'>Meer, Seer\u00e4uber<\/span><\/p><p><span class='rHLabel1'>Status: <\/span><span class='rHText1Gruen'>vorhanden<\/span><\/p><p><span class='rHLabel1'>Antolin: <\/span><span class='rHText1Gruen'>ja, Empfehlung Klasse 5<\/span><\/p><\/td><\/td>\n<\/tr>\n<tr>\n<td><td width=30%><a href='https:\/\/www.web-rr.de\/GHS-Buecherei\/index.php\/p9783401703299\/'><img src='https:\/\/www.web-rr.de\/GHS-Buecherei\/wp-content\/uploads\/9783401703299.jpg' alt='' ><\/a><\/td><td><p class='rHTitel'>Piraten: Der B\u00fccherb\u00e4r: Sachwissen f\u00fcr Erstleser<\/p><p class='rHLabel2'>von  <span class='rHText2'>Catriona Clarke<\/span><\/p><p><a href='https:\/\/www.web-rr.de\/GHS-Buecherei\/index.php\/p9783401703299\/'>Piraten 18<\/a><\/p><p class='rHLabel2'>Stichw\u00f6rter: <span class='rHText2'>Kapit\u00e4n, Karibik, Kleidung, Steuermann, Schiff, Schatz, Schatzinsel<\/span><\/p><p><span class='rHLabel1'>Status: <\/span><span class='rHText1Gruen'>vorhanden<\/span><\/p><p><span class='rHLabel1'>Antolin: <\/span><span class='rHText1Gruen'>ja, Empfehlung Klasse 3<\/span><\/p><\/td><\/td>\n<\/tr>\n<tr>\n<td><td width=30%><a href='https:\/\/www.web-rr.de\/GHS-Buecherei\/index.php\/p9783401090597\/'><img src='https:\/\/www.web-rr.de\/GHS-Buecherei\/wp-content\/uploads\/9783401090597.jpg' alt='' ><\/a><\/td><td><p class='rHTitel'>Piraten. Hexe Lillis Sachwissen<\/p><p class='rHLabel2'>von  <span class='rHText2'>Knister<\/span><\/p><p><a href='https:\/\/www.web-rr.de\/GHS-Buecherei\/index.php\/p9783401090597\/'>Piraten 19<\/a><\/p><p class='rHLabel2'>Stichw\u00f6rter: <span class='rHText2'>Raten, T\u00fcfteln, Wissen,<\/span><\/p><p><span class='rHLabel1'>Status: <\/span><span class='rHText1Gruen'>vorhanden<\/span><\/p><p><span class='rHLabel1'>Antolin: <\/span><span class='rHText1Gruen'>ja, Empfehlung Klasse 3<\/span><\/p><\/td><\/td>\n<\/tr>\n<tr>\n<td><td width=30%><a href='https:\/\/www.web-rr.de\/GHS-Buecherei\/index.php\/p9783788620622\/'><img src='https:\/\/www.web-rr.de\/GHS-Buecherei\/wp-content\/uploads\/9783788620622.jpg' alt='' ><\/a><\/td><td><p class='rHTitel'>WAS IST WAS Band 71 Piraten. Schrecken der Meere<\/p><p class='rHLabel2'>von  <span class='rHText2'>Karin Finan<\/span><\/p><p><a href='https:\/\/www.web-rr.de\/GHS-Buecherei\/index.php\/p9783788620622\/'>Piraten 20<\/a><\/p><p class='rHLabel2'>Stichw\u00f6rter: <span class='rHText2'>Seer\u00e4uber, Freibeuter, Francis Drake<\/span><\/p><p><span class='rHLabel1'>Status: <\/span><span class='rHText1Gruen'>vorhanden<\/span><\/p><p><span class='rHLabel1'>Antolin: <\/span><span class='rHText1Gruen'>ja, Empfehlung Klasse 5<\/span><\/p><\/td><\/td>\n<\/tr>\n<tr>\n<td><td width=30%><a href='https:\/\/www.web-rr.de\/GHS-Buecherei\/index.php\/p9783960969488\/'><img src='https:\/\/www.web-rr.de\/GHS-Buecherei\/wp-content\/uploads\/9783960969488.jpg' alt='' ><\/a><\/td><td><p class='rHTitel'>Dino Tino und der Schatz der Singhai-Piraten<\/p><p class='rHLabel2'>von  <span class='rHText2'>Pietro Lombardi, Nicola Anker<\/span><\/p><p><a href='https:\/\/www.web-rr.de\/GHS-Buecherei\/index.php\/p9783960969488\/'>Piraten 21<\/a><\/p><p class='rHLabel2'>Stichw\u00f6rter: <span class='rHText2'>Dinosaurier, Spa\u00df, Abenteuer<\/span><\/p><p><span class='rHLabel1'>Status: <\/span><span class='rHText1Rot'>ausgeliehen<\/span><\/p><p><span class='rHLabel1'>Antolin: <\/span><span class='rHText1Gruen'>ja, Empfehlung Klasse 3<\/span><\/p><\/td><\/td>\n<\/tr>\n<\/tbody>\n<\/table>\n","protected":false},"excerpt":{"rendered":"","protected":false},"author":1,"featured_media":0,"parent":0,"menu_order":0,"comment_status":"closed","ping_status":"closed","template":"","meta":[],"_links":{"self":[{"href":"https:\/\/www.web-rr.de\/GHS-Buecherei\/index.php\/wp-json\/wp\/v2\/pages\/5872"}],"collection":[{"href":"https:\/\/www.web-rr.de\/GHS-Buecherei\/index.php\/wp-json\/wp\/v2\/pages"}],"about":[{"href":"https:\/\/www.web-rr.de\/GHS-Buecherei\/index.php\/wp-json\/wp\/v2\/types\/page"}],"author":[{"embeddable":true,"href":"https:\/\/www.web-rr.de\/GHS-Buecherei\/index.php\/wp-json\/wp\/v2\/users\/1"}],"replies":[{"embeddable":true,"href":"https:\/\/www.web-rr.de\/GHS-Buecherei\/index.php\/wp-json\/wp\/v2\/comments?post=5872"}],"version-history":[{"count":0,"href":"https:\/\/www.web-rr.de\/GHS-Buecherei\/index.php\/wp-json\/wp\/v2\/pages\/5872\/revisions"}],"wp:attachment":[{"href":"https:\/\/www.web-rr.de\/GHS-Buecherei\/index.php\/wp-json\/wp\/v2\/media?parent=5872"}],"curies":[{"name":"wp","href":"https:\/\/api.w.org\/{rel}","templated":true}]}}