{"id":5868,"date":"2021-02-25T17:31:32","date_gmt":"2021-02-25T16:31:32","guid":{"rendered":"https:\/\/www.web-rr.de\/GHS-Buecherei\/?page_id=5868"},"modified":"2021-05-25T00:00:25","modified_gmt":"2021-05-24T22:00:25","slug":"ritter","status":"publish","type":"page","link":"https:\/\/www.web-rr.de\/GHS-Buecherei\/index.php\/ritter\/","title":{"rendered":"Ritter"},"content":{"rendered":"<table class=\"wp-block-table alignfull is-style-regular\">\n<tbody>\n<tr>\n<td><td width=30%><a href='https:\/\/www.web-rr.de\/GHS-Buecherei\/index.php\/p9783785530641\/'><img src='https:\/\/www.web-rr.de\/GHS-Buecherei\/wp-content\/uploads\/9783785530641.jpg' alt='' ><\/a><\/td><td><p class='rHTitel'>Lesel\u00f6wen Rittergeschichten<\/p><p class='rHLabel2'>von  <span class='rHText2'>Cornelia Funke<\/span><\/p><p><a href='https:\/\/www.web-rr.de\/GHS-Buecherei\/index.php\/p9783785530641\/'>Ritter 1<\/a><\/p><p class='rHLabel2'>Stichw\u00f6rter: <span class='rHText2'>Mittelalter, Geschichte, Ritter<\/span><\/p><p><span class='rHLabel1'>Status: <\/span><span class='rHText1Gruen'>vorhanden<\/span><\/p><p><span class='rHLabel1'>Antolin: <\/span><span class='rHText1Gruen'>ja, Empfehlung Klasse 3<\/span><\/p><\/td><\/td>\n<\/tr>\n<tr>\n<td><td width=30%><a href='https:\/\/www.web-rr.de\/GHS-Buecherei\/index.php\/p9783401044033\/'><img src='https:\/\/www.web-rr.de\/GHS-Buecherei\/wp-content\/uploads\/9783401044033.jpg' alt='' ><\/a><\/td><td><p class='rHTitel'>Ritschi Ratzeputz von Raubazien und andere R\u00e4ubergeschichten<\/p><p class='rHLabel2'>von  <span class='rHText2'>Ursel Scheffler<\/span><\/p><p><a href='https:\/\/www.web-rr.de\/GHS-Buecherei\/index.php\/p9783401044033\/'>Ritter 2<\/a><\/p><p class='rHLabel2'>Stichw\u00f6rter: <span class='rHText2'>R\u00e4uber<\/span><\/p><p><span class='rHLabel1'>Status: <\/span><span class='rHText1Gruen'>vorhanden<\/span><\/p><p><span class='rHLabel1'>Antolin: <\/span><span class='rHText1Gruen'>ja, Empfehlung Klasse 3<\/span><\/p><\/td><\/td>\n<\/tr>\n<tr>\n<td><td width=30%><a href='https:\/\/www.web-rr.de\/GHS-Buecherei\/index.php\/p9783781724082\/'><img src='https:\/\/www.web-rr.de\/GHS-Buecherei\/wp-content\/uploads\/9783781724082.jpg' alt='' ><\/a><\/td><td><p class='rHTitel'>Lisa und Finn retten die Ritterburg<\/p><p class='rHLabel2'>von  <span class='rHText2'>Marliese Arold<\/span><\/p><p><a href='https:\/\/www.web-rr.de\/GHS-Buecherei\/index.php\/p9783781724082\/'>Ritter 3<\/a><\/p><p class='rHLabel2'>Stichw\u00f6rter: <span class='rHText2'>Mittelalter Ritter, Burgen<\/span><\/p><p><span class='rHLabel1'>Status: <\/span><span class='rHText1Gruen'>vorhanden<\/span><\/p><p><span class='rHLabel1'>Antolin: <\/span><span class='rHText1Gruen'>ja, Empfehlung Klasse 3<\/span><\/p><\/td><\/td>\n<\/tr>\n<tr>\n<td><td width=30%><a href='https:\/\/www.web-rr.de\/GHS-Buecherei\/index.php\/p9783423706087\/'><img src='https:\/\/www.web-rr.de\/GHS-Buecherei\/wp-content\/uploads\/9783423706087.jpg' alt='' ><\/a><\/td><td><p class='rHTitel'>Ritter f\u00fcr eine Nacht<\/p><p class='rHLabel2'>von  <span class='rHText2'>Christian Linker<\/span><\/p><p><a href='https:\/\/www.web-rr.de\/GHS-Buecherei\/index.php\/p9783423706087\/'>Ritter 4<\/a><\/p><p class='rHLabel2'>Stichw\u00f6rter: <span class='rHText2'>Mittelalter, Geschichte, Ritter<\/span><\/p><p><span class='rHLabel1'>Status: <\/span><span class='rHText1Gruen'>vorhanden<\/span><\/p><p><span class='rHLabel1'>Antolin: <\/span><span class='rHText1Gruen'>ja, Empfehlung Klasse 4<\/span><\/p><\/td><\/td>\n<\/tr>\n<tr>\n<td><td width=30%><a href='https:\/\/www.web-rr.de\/GHS-Buecherei\/index.php\/p9783551185006\/'><img src='https:\/\/www.web-rr.de\/GHS-Buecherei\/wp-content\/uploads\/9783551185006.jpg' alt='' ><\/a><\/td><td><p class='rHTitel'>Die gro\u00dfe Ritterburg zum Aufklappen, Entdecken, Spiel<\/p><p class='rHLabel2'>von  <span class='rHText2'>Hanna S\u00f6rensen<\/span><\/p><p><a href='https:\/\/www.web-rr.de\/GHS-Buecherei\/index.php\/p9783551185006\/'>Ritter 5<\/a><\/p><p class='rHLabel2'>Stichw\u00f6rter: <span class='rHText2'>Mittelalter, Geschichte, Burgen, Ritter<\/span><\/p><p><span class='rHLabel1'>Status: <\/span><span class='rHText1Gruen'>vorhanden<\/span><\/p><p><span class='rHLabel1'>Antolin: <\/span><span class='rHText1Rot'>Quiz nicht vorhanden.<\/span><\/p><\/td><\/td>\n<\/tr>\n<tr>\n<td><td width=30%><a href='https:\/\/www.web-rr.de\/GHS-Buecherei\/index.php\/p9783897174412\/'><img src='https:\/\/www.web-rr.de\/GHS-Buecherei\/wp-content\/uploads\/9783897174412.jpg' alt='' ><\/a><\/td><td><p class='rHTitel'>Dein buntes W\u00f6rterbuch. Ritter<\/p><p class='rHLabel2'>von  <span class='rHText2'>Philippe Simon<\/span><\/p><p><a href='https:\/\/www.web-rr.de\/GHS-Buecherei\/index.php\/p9783897174412\/'>Ritter 6<\/a><\/p><p class='rHLabel2'>Stichw\u00f6rter: <span class='rHText2'>Mittelalter, Geschichte<\/span><\/p><p><span class='rHLabel1'>Status: <\/span><span class='rHText1Gruen'>vorhanden<\/span><\/p><p><span class='rHLabel1'>Antolin: <\/span><span class='rHText1Rot'>Quiz nicht vorhanden.<\/span><\/p><\/td><\/td>\n<\/tr>\n<tr>\n<td><td width=30%><a href='https:\/\/www.web-rr.de\/GHS-Buecherei\/index.php\/p9783785539934\/'><img src='https:\/\/www.web-rr.de\/GHS-Buecherei\/wp-content\/uploads\/9783785539934.jpg' alt='' ><\/a><\/td><td><p class='rHTitel'>Lesel\u00f6wen Ritterburggeschichten<\/p><p class='rHLabel2'>von  <span class='rHText2'>Marliese Arold<\/span><\/p><p><a href='https:\/\/www.web-rr.de\/GHS-Buecherei\/index.php\/p9783785539934\/'>Ritter 7<\/a><\/p><p class='rHLabel2'>Stichw\u00f6rter: <span class='rHText2'>Mittelalter, Geschichte, Burgen<\/span><\/p><p><span class='rHLabel1'>Status: <\/span><span class='rHText1Gruen'>vorhanden<\/span><\/p><p><span class='rHLabel1'>Antolin: <\/span><span class='rHText1Gruen'>ja, Empfehlung Klasse 3<\/span><\/p><\/td><\/td>\n<\/tr>\n<tr>\n<td><td width=30%><a href='https:\/\/www.web-rr.de\/GHS-Buecherei\/index.php\/p9783865685025\/'><img src='https:\/\/www.web-rr.de\/GHS-Buecherei\/wp-content\/uploads\/9783865685025.jpg' alt='' ><\/a><\/td><td><p class='rHTitel'>Otto IV.- vom Pagen zum Kaiser: Ein Kurzf\u00fchrer f\u00fcr Kinder ab 9 Jahren zur Ausstellung Otto IV.  Traum vom welfischen Kaisertum<\/p><p class='rHLabel2'>von  <span class='rHText2'>Stefanie Hahn<\/span><\/p><p><a href='https:\/\/www.web-rr.de\/GHS-Buecherei\/index.php\/p9783865685025\/'>Ritter 8<\/a><\/p><p class='rHLabel2'>Stichw\u00f6rter: <span class='rHText2'>Geschichte, Mittelalter, Kaiser, Otto<\/span><\/p><p><span class='rHLabel1'>Status: <\/span><span class='rHText1Gruen'>vorhanden<\/span><\/p><p><span class='rHLabel1'>Antolin: <\/span><span class='rHText1Rot'>Quiz nicht vorhanden.<\/span><\/p><\/td><\/td>\n<\/tr>\n<tr>\n<td><td width=30%><a href='https:\/\/www.web-rr.de\/GHS-Buecherei\/index.php\/p9783403062226\/'><img src='https:\/\/www.web-rr.de\/GHS-Buecherei\/wp-content\/uploads\/9783403062226.jpg' alt='' ><\/a><\/td><td><p class='rHTitel'>Auer Lesefutter: K\u00fchnemund und Hannes jagen die Golddiebe<\/p><p class='rHLabel2'>von  <span class='rHText2'>Ute Heymann<\/span><\/p><p><a href='https:\/\/www.web-rr.de\/GHS-Buecherei\/index.php\/p9783403062226\/'>Ritter 9<\/a><\/p><p class='rHLabel2'>Stichw\u00f6rter: <span class='rHText2'>Krimi, Mittelalter, Detektive<\/span><\/p><p><span class='rHLabel1'>Status: <\/span><span class='rHText1Gruen'>vorhanden<\/span><\/p><p><span class='rHLabel1'>Antolin: <\/span><span class='rHText1Gruen'>ja, Empfehlung Klasse 4<\/span><\/p><\/td><\/td>\n<\/tr>\n<tr>\n<td><td width=30%><a href='https:\/\/www.web-rr.de\/GHS-Buecherei\/index.php\/p9783788606695\/'><img src='https:\/\/www.web-rr.de\/GHS-Buecherei\/wp-content\/uploads\/9783788606695.jpg' alt='' ><\/a><\/td><td><p class='rHTitel'>Was ist was, Band 106: Burgen<\/p><p class='rHLabel2'>von  <span class='rHText2'>Hans-Peter von Peschke<\/span><\/p><p><a href='https:\/\/www.web-rr.de\/GHS-Buecherei\/index.php\/p9783788606695\/'>Ritter 10<\/a><\/p><p class='rHLabel2'>Stichw\u00f6rter: <span class='rHText2'>Mittelalter, Ritter, Geschichte, Burgen<\/span><\/p><p><span class='rHLabel1'>Status: <\/span><span class='rHText1Gruen'>vorhanden<\/span><\/p><p><span class='rHLabel1'>Antolin: <\/span><span class='rHText1Gruen'>ja, Empfehlung Klasse 6<\/span><\/p><\/td><\/td>\n<\/tr>\n<tr>\n<td><td width=30%><a href='https:\/\/www.web-rr.de\/GHS-Buecherei\/index.php\/p9783833927218\/'><img src='https:\/\/www.web-rr.de\/GHS-Buecherei\/wp-content\/uploads\/9783833927218.jpg' alt='' ><\/a><\/td><td><p class='rHTitel'>Wie kam der Ritter in die R\u00fcstung?. Von<\/p><p class='rHLabel2'>von  <span class='rHText2'>Uwe Kauss<\/span><\/p><p><a href='https:\/\/www.web-rr.de\/GHS-Buecherei\/index.php\/p9783833927218\/'>Ritter 11<\/a><\/p><p class='rHLabel2'>Stichw\u00f6rter: <span class='rHText2'>Mittelalter, Geschichte, Ritter<\/span><\/p><p><span class='rHLabel1'>Status: <\/span><span class='rHText1Gruen'>vorhanden<\/span><\/p><p><span class='rHLabel1'>Antolin: <\/span><span class='rHText1Gruen'>ja, Empfehlung Klasse 4<\/span><\/p><\/td><\/td>\n<\/tr>\n<tr>\n<td><td width=30%><a href='https:\/\/www.web-rr.de\/GHS-Buecherei\/index.php\/p9783866132702\/'><img src='https:\/\/www.web-rr.de\/GHS-Buecherei\/wp-content\/uploads\/9783866132702.jpg' alt='' ><\/a><\/td><td><p class='rHTitel'>Was Kinder wissen wollen. Wie kommt der Ritter in die R\u00fcstung? Verbl\u00fcffende Antworten \u00fcber das Mittelalter<\/p><p class='rHLabel2'>von  <span class='rHText2'>Ulrike Berger<\/span><\/p><p><a href='https:\/\/www.web-rr.de\/GHS-Buecherei\/index.php\/p9783866132702\/'>Ritter 12<\/a><\/p><p class='rHLabel2'>Stichw\u00f6rter: <span class='rHText2'>Geschichte, Mittelalter, Ritter, Sachbuch<\/span><\/p><p><span class='rHLabel1'>Status: <\/span><span class='rHText1Gruen'>vorhanden<\/span><\/p><p><span class='rHLabel1'>Antolin: <\/span><span class='rHText1Gruen'>ja, Empfehlung Klasse 4<\/span><\/p><\/td><\/td>\n<\/tr>\n<tr>\n<td><td width=30%><a href='https:\/\/www.web-rr.de\/GHS-Buecherei\/index.php\/p2000001020647\/'><img src='https:\/\/www.web-rr.de\/GHS-Buecherei\/wp-content\/uploads\/2000001020647.jpg' alt='' ><\/a><\/td><td><p class='rHTitel'>Stolze Burgen, edle Ritter<\/p><p class='rHLabel2'>von  <span class='rHText2'>Claude Delafosse<\/span><\/p><p><a href='https:\/\/www.web-rr.de\/GHS-Buecherei\/index.php\/p2000001020647\/'>Ritter 13<\/a><\/p><p class='rHLabel2'>Stichw\u00f6rter: <span class='rHText2'>Geschichte, Mittelalter, Ritter, Burgen<\/span><\/p><p><span class='rHLabel1'>Status: <\/span><span class='rHText1Gruen'>vorhanden<\/span><\/p><p><span class='rHLabel1'>Antolin: <\/span><span class='rHText1Gruen'>ja, Empfehlung Klasse 3<\/span><\/p><\/td><\/td>\n<\/tr>\n<tr>\n<td><td width=30%><a href='https:\/\/www.web-rr.de\/GHS-Buecherei\/index.php\/p9783401099224\/'><img src='https:\/\/www.web-rr.de\/GHS-Buecherei\/wp-content\/uploads\/9783401099224.jpg' alt='' ><\/a><\/td><td><p class='rHTitel'>Kleiner Ritter Kurz von Knapp. Rittergeschichten: Allererstes Lesen<\/p><p class='rHLabel2'>von  <span class='rHText2'>Christian Seltmann<\/span><\/p><p><a href='https:\/\/www.web-rr.de\/GHS-Buecherei\/index.php\/p9783401099224\/'>Ritter 14<\/a><\/p><p class='rHLabel2'>Stichw\u00f6rter: <span class='rHText2'>Mittelalter, Ritter<\/span><\/p><p><span class='rHLabel1'>Status: <\/span><span class='rHText1Gruen'>vorhanden<\/span><\/p><p><span class='rHLabel1'>Antolin: <\/span><span class='rHText1Gruen'>ja, Empfehlung Klasse 1<\/span><\/p><\/td><\/td>\n<\/tr>\n<tr>\n<td><td width=30%><a href='https:\/\/www.web-rr.de\/GHS-Buecherei\/index.php\/p9783788620561\/'><img src='https:\/\/www.web-rr.de\/GHS-Buecherei\/wp-content\/uploads\/9783788620561.jpg' alt='' ><\/a><\/td><td><p class='rHTitel'>WAS IST WAS Band 88 Ritter. Burgen, Turniere, edle Frauen<\/p><p class='rHLabel2'>von  <span class='rHText2'>Andrea Schaller<\/span><\/p><p><a href='https:\/\/www.web-rr.de\/GHS-Buecherei\/index.php\/p9783788620561\/'>Ritter 15<\/a><\/p><p class='rHLabel2'>Stichw\u00f6rter: <span class='rHText2'>Ritterzeit, Burgen, Turniere<\/span><\/p><p><span class='rHLabel1'>Status: <\/span><span class='rHText1Gruen'>vorhanden<\/span><\/p><p><span class='rHLabel1'>Antolin: <\/span><span class='rHText1Gruen'>ja, Empfehlung Klasse 5<\/span><\/p><\/td><\/td>\n<\/tr>\n<tr>\n<td><td width=30%><a href='https:\/\/www.web-rr.de\/GHS-Buecherei\/index.php\/p9783788620844\/'><img src='https:\/\/www.web-rr.de\/GHS-Buecherei\/wp-content\/uploads\/9783788620844.jpg' alt='' ><\/a><\/td><td><p class='rHTitel'>WAS IST WAS Band 106 Burgen. Zeugen des Mittelalters<\/p><p class='rHLabel2'>von  <span class='rHText2'>Andrea Schaller<\/span><\/p><p><a href='https:\/\/www.web-rr.de\/GHS-Buecherei\/index.php\/p9783788620844\/'>Ritter 16<\/a><\/p><p class='rHLabel2'>Stichw\u00f6rter: <span class='rHText2'>Mittelalter, Baumeister, T\u00fcrme, Alltag<\/span><\/p><p><span class='rHLabel1'>Status: <\/span><span class='rHText1Gruen'>vorhanden<\/span><\/p><p><span class='rHLabel1'>Antolin: <\/span><span class='rHText1Gruen'>ja, Empfehlung Klasse 5<\/span><\/p><\/td><\/td>\n<\/tr>\n<tr>\n<td><td width=30%><a href='https:\/\/www.web-rr.de\/GHS-Buecherei\/index.php\/p9783788620462\/'><img src='https:\/\/www.web-rr.de\/GHS-Buecherei\/wp-content\/uploads\/9783788620462.jpg' alt='' ><\/a><\/td><td><p class='rHTitel'>WAS IST WAS Band 118 Mittelalter. Die Welt der Kaiser, Edelleute und Bauern<\/p><p class='rHLabel2'>von  <span class='rHText2'>Andrea Schaller<\/span><\/p><p><a href='https:\/\/www.web-rr.de\/GHS-Buecherei\/index.php\/p9783788620462\/'>Ritter 17<\/a><\/p><p class='rHLabel2'>Stichw\u00f6rter: <span class='rHText2'>Mittelalter, Burg, Stadt, Kloster, Kreuzz\u00fcge<\/span><\/p><p><span class='rHLabel1'>Status: <\/span><span class='rHText1Gruen'>vorhanden<\/span><\/p><p><span class='rHLabel1'>Antolin: <\/span><span class='rHText1Gruen'>ja, Empfehlung Klasse 5<\/span><\/p><\/td><\/td>\n<\/tr>\n<tr>\n<td><td width=30%><a href='https:\/\/www.web-rr.de\/GHS-Buecherei\/index.php\/p9783954514953\/'><img src='https:\/\/www.web-rr.de\/GHS-Buecherei\/wp-content\/uploads\/9783954514953.jpg' alt='' ><\/a><\/td><td><p class='rHTitel'>Die Sagenhaften 13: Von Rittern und Burgfr\u00e4uleins am Rhein<\/p><p class='rHLabel2'>von  <span class='rHText2'>Susanne Rebscher, Sibylle Vogel<\/span><\/p><p><a href='https:\/\/www.web-rr.de\/GHS-Buecherei\/index.php\/p9783954514953\/'>Ritter 18<\/a><\/p><p class='rHLabel2'>Stichw\u00f6rter: <span class='rHText2'>Drachen, Prinzessin, Spannung, Comicstil, Sagen<\/span><\/p><p><span class='rHLabel1'>Status: <\/span><span class='rHText1Gruen'>vorhanden<\/span><\/p><p><span class='rHLabel1'>Antolin: <\/span><span class='rHText1Rot'>Quiz nicht vorhanden.<\/span><\/p><\/td><\/td>\n<\/tr>\n<tr>\n<td><td width=30%><a href='https:\/\/www.web-rr.de\/GHS-Buecherei\/index.php\/p9783963116858\/'><img src='https:\/\/www.web-rr.de\/GHS-Buecherei\/wp-content\/uploads\/9783963116858.jpg' alt='' ><\/a><\/td><td><p class='rHTitel'>Ritter Dieter<\/p><p class='rHLabel2'>von  <span class='rHText2'>Detlef F\u00e4rber<\/span><\/p><p><a href='https:\/\/www.web-rr.de\/GHS-Buecherei\/index.php\/p9783963116858\/'>Ritter 19<\/a><\/p><p class='rHLabel2'>Stichw\u00f6rter: <span class='rHText2'>Ritter, Drachen, Schwertkampf<\/span><\/p><p><span class='rHLabel1'>Status: <\/span><span class='rHText1Gruen'>vorhanden<\/span><\/p><p><span class='rHLabel1'>Antolin: <\/span><span class='rHText1Rot'>Quiz nicht vorhanden.<\/span><\/p><\/td><\/td>\n<\/tr>\n<tr>\n<td><td width=30%><a href='https:\/\/www.web-rr.de\/GHS-Buecherei\/index.php\/p9783965200289\/'><img src='https:\/\/www.web-rr.de\/GHS-Buecherei\/wp-content\/uploads\/9783965200289.jpg' alt='' ><\/a><\/td><td><p class='rHTitel'>\u00dcberraschung beim Ritterfest<\/p><p class='rHLabel2'>von  <span class='rHText2'>Manfred Mai<\/span><\/p><p><a href='https:\/\/www.web-rr.de\/GHS-Buecherei\/index.php\/p9783965200289\/'>Ritter 20<\/a><\/p><p class='rHLabel2'>Stichw\u00f6rter: <span class='rHText2'>Burg, Ritter, Knappen, Wettkampf, Abenteuer, Burggespenst<\/span><\/p><p><span class='rHLabel1'>Status: <\/span><span class='rHText1Gruen'>vorhanden<\/span><\/p><p><span class='rHLabel1'>Antolin: <\/span><span class='rHText1Gruen'>ja, Empfehlung Klasse 2<\/span><\/p><\/td><\/td>\n<\/tr>\n<tr>\n<td><td width=30%><a href='https:\/\/www.web-rr.de\/GHS-Buecherei\/index.php\/p9783965200272\/'><img src='https:\/\/www.web-rr.de\/GHS-Buecherei\/wp-content\/uploads\/9783965200272.jpg' alt='' ><\/a><\/td><td><p class='rHTitel'>Verrat auf Burg Hohenstein<\/p><p class='rHLabel2'>von  <span class='rHText2'>Manfred Mai<\/span><\/p><p><a href='https:\/\/www.web-rr.de\/GHS-Buecherei\/index.php\/p9783965200272\/'>Ritter 21<\/a><\/p><p class='rHLabel2'>Stichw\u00f6rter: <span class='rHText2'>K\u00fcchenjunge, Burg, Abenteuer<\/span><\/p><p><span class='rHLabel1'>Status: <\/span><span class='rHText1Gruen'>vorhanden<\/span><\/p><p><span class='rHLabel1'>Antolin: <\/span><span class='rHText1Gruen'>ja, Empfehlung Klasse 2<\/span><\/p><\/td><\/td>\n<\/tr>\n<tr>\n<td><td width=30%><a href='https:\/\/www.web-rr.de\/GHS-Buecherei\/index.php\/p9783831046508\/'><img src='https:\/\/www.web-rr.de\/GHS-Buecherei\/wp-content\/uploads\/9783831046508.jpg' alt='' ><\/a><\/td><td><p class='rHTitel'>SUPERLESER! Kampf um Burg Eliot<\/p><p class='rHLabel2'>von  <span class='rHText2'>Rupert Matthews<\/span><\/p><p><a href='https:\/\/www.web-rr.de\/GHS-Buecherei\/index.php\/p9783831046508\/'>Ritter 22<\/a><\/p><p class='rHLabel2'>Stichw\u00f6rter: <span class='rHText2'>Abenteuer, Ritterburg, Mittelalter, Quiz, Ritterturnier<\/span><\/p><p><span class='rHLabel1'>Status: <\/span><span class='rHText1Gruen'>vorhanden<\/span><\/p><p><span class='rHLabel1'>Antolin: <\/span><span class='rHText1Gruen'>ja, Empfehlung Klasse 3<\/span><\/p><\/td><\/td>\n<\/tr>\n<\/tbody>\n<\/table>\n","protected":false},"excerpt":{"rendered":"","protected":false},"author":1,"featured_media":0,"parent":0,"menu_order":0,"comment_status":"closed","ping_status":"closed","template":"","meta":[],"_links":{"self":[{"href":"https:\/\/www.web-rr.de\/GHS-Buecherei\/index.php\/wp-json\/wp\/v2\/pages\/5868"}],"collection":[{"href":"https:\/\/www.web-rr.de\/GHS-Buecherei\/index.php\/wp-json\/wp\/v2\/pages"}],"about":[{"href":"https:\/\/www.web-rr.de\/GHS-Buecherei\/index.php\/wp-json\/wp\/v2\/types\/page"}],"author":[{"embeddable":true,"href":"https:\/\/www.web-rr.de\/GHS-Buecherei\/index.php\/wp-json\/wp\/v2\/users\/1"}],"replies":[{"embeddable":true,"href":"https:\/\/www.web-rr.de\/GHS-Buecherei\/index.php\/wp-json\/wp\/v2\/comments?post=5868"}],"version-history":[{"count":0,"href":"https:\/\/www.web-rr.de\/GHS-Buecherei\/index.php\/wp-json\/wp\/v2\/pages\/5868\/revisions"}],"wp:attachment":[{"href":"https:\/\/www.web-rr.de\/GHS-Buecherei\/index.php\/wp-json\/wp\/v2\/media?parent=5868"}],"curies":[{"name":"wp","href":"https:\/\/api.w.org\/{rel}","templated":true}]}}