{"id":5845,"date":"2021-02-25T17:02:47","date_gmt":"2021-02-25T16:02:47","guid":{"rendered":"https:\/\/www.web-rr.de\/GHS-Buecherei\/?page_id=5845"},"modified":"2021-04-28T20:19:03","modified_gmt":"2021-04-28T18:19:03","slug":"wimmelbuecher","status":"publish","type":"page","link":"https:\/\/www.web-rr.de\/GHS-Buecherei\/index.php\/wimmelbuecher\/","title":{"rendered":"Wimmelb\u00fccher"},"content":{"rendered":"<table class=\"wp-block-table alignfull is-style-regular\">\n<tbody>\n<tr>\n<td><td width=30%><a href='https:\/\/www.web-rr.de\/GHS-Buecherei\/index.php\/p9783473306817\/'><img src='https:\/\/www.web-rr.de\/GHS-Buecherei\/wp-content\/uploads\/9783473306817.jpg' alt='' ><\/a><\/td><td><p class='rHTitel'>Hier in den Bergen: Mein Wimmelbuch<\/p><p class='rHLabel2'>von  <span class='rHText2'>Ali Mitgutsch<\/span><\/p><p><a href='https:\/\/www.web-rr.de\/GHS-Buecherei\/index.php\/p9783473306817\/'>Wimmelbilder 1<\/a><\/p><p class='rHLabel2'>Stichw\u00f6rter: <span class='rHText2'>Gebirge, Berge<\/span><\/p><p><span class='rHLabel1'>Status: <\/span><span class='rHText1Gruen'>vorhanden<\/span><\/p><p><span class='rHLabel1'>Antolin: <\/span><span class='rHText1Rot'>Quiz nicht vorhanden.<\/span><\/p><\/td><\/td>\n<\/tr>\n<tr>\n<td><td width=30%><a href='https:\/\/www.web-rr.de\/GHS-Buecherei\/index.php\/p9783473306862\/'><img src='https:\/\/www.web-rr.de\/GHS-Buecherei\/wp-content\/uploads\/9783473306862.jpg' alt='' ><\/a><\/td><td><p class='rHTitel'>Auf dem Lande<\/p><p class='rHLabel2'>von  <span class='rHText2'>Ali Mitgutsch<\/span><\/p><p><a href='https:\/\/www.web-rr.de\/GHS-Buecherei\/index.php\/p9783473306862\/'>Wimmelbilder 2<\/a><\/p><p class='rHLabel2'>Stichw\u00f6rter: <span class='rHText2'>Bauernhof<\/span><\/p><p><span class='rHLabel1'>Status: <\/span><span class='rHText1Gruen'>vorhanden<\/span><\/p><p><span class='rHLabel1'>Antolin: <\/span><span class='rHText1Rot'>Quiz nicht vorhanden.<\/span><\/p><\/td><\/td>\n<\/tr>\n<tr>\n<td><td width=30%><a href='https:\/\/www.web-rr.de\/GHS-Buecherei\/index.php\/p9783891064214\/'><img src='https:\/\/www.web-rr.de\/GHS-Buecherei\/wp-content\/uploads\/9783891064214.jpg' alt='' ><\/a><\/td><td><p class='rHTitel'>Sooo viele Kinder in der Stadt<\/p><p class='rHLabel2'>von  <span class='rHText2'>Dorothee Wolters<\/span><\/p><p><a href='https:\/\/www.web-rr.de\/GHS-Buecherei\/index.php\/p9783891064214\/'>Wimmelbilder 3<\/a><\/p><p class='rHLabel2'>Stichw\u00f6rter: <span class='rHText2'>Stadt, St\u00e4dte, Gesellschaft<\/span><\/p><p><span class='rHLabel1'>Status: <\/span><span class='rHText1Gruen'>vorhanden<\/span><\/p><p><span class='rHLabel1'>Antolin: <\/span><span class='rHText1Gruen'>ja, Empfehlung Klasse 1<\/span><\/p><\/td><\/td>\n<\/tr>\n<tr>\n<td><td width=30%><a href='https:\/\/www.web-rr.de\/GHS-Buecherei\/index.php\/p9783473306824\/'><img src='https:\/\/www.web-rr.de\/GHS-Buecherei\/wp-content\/uploads\/9783473306824.jpg' alt='' ><\/a><\/td><td><p class='rHTitel'>Bei uns im Dorf: Mein Wimmelbuch<\/p><p class='rHLabel2'>von  <span class='rHText2'>Ali Mitgutsch<\/span><\/p><p><a href='https:\/\/www.web-rr.de\/GHS-Buecherei\/index.php\/p9783473306824\/'>Wimmelbilder 4<\/a><\/p><p class='rHLabel2'>Stichw\u00f6rter: <span class='rHText2'>Dorf<\/span><\/p><p><span class='rHLabel1'>Status: <\/span><span class='rHText1Gruen'>vorhanden<\/span><\/p><p><span class='rHLabel1'>Antolin: <\/span><span class='rHText1Rot'>Quiz nicht vorhanden.<\/span><\/p><\/td><\/td>\n<\/tr>\n<tr>\n<td><td width=30%><a href='https:\/\/www.web-rr.de\/GHS-Buecherei\/index.php\/p9783473306800\/'><img src='https:\/\/www.web-rr.de\/GHS-Buecherei\/wp-content\/uploads\/9783473306800.jpg' alt='' ><\/a><\/td><td><p class='rHTitel'>Rundherum in meiner Stadt: Mein Wimmelbuch<\/p><p class='rHLabel2'>von  <span class='rHText2'>Ali Mitgutsch<\/span><\/p><p><a href='https:\/\/www.web-rr.de\/GHS-Buecherei\/index.php\/p9783473306800\/'>Wimmelbilder 5<\/a><\/p><p class='rHLabel2'>Stichw\u00f6rter: <span class='rHText2'>Stadt, St\u00e4dte<\/span><\/p><p><span class='rHLabel1'>Status: <\/span><span class='rHText1Gruen'>vorhanden<\/span><\/p><p><span class='rHLabel1'>Antolin: <\/span><span class='rHText1Rot'>Quiz nicht vorhanden.<\/span><\/p><\/td><\/td>\n<\/tr>\n<tr>\n<td><td width=30%><a href='https:\/\/www.web-rr.de\/GHS-Buecherei\/index.php\/p9783473312917\/'><img src='https:\/\/www.web-rr.de\/GHS-Buecherei\/wp-content\/uploads\/9783473312917.jpg' alt='' ><\/a><\/td><td><p class='rHTitel'>Mein Wimmelbilderbuch.<\/p><p class='rHLabel2'>von  <span class='rHText2'>Ali Mitgutsch<\/span><\/p><p><a href='https:\/\/www.web-rr.de\/GHS-Buecherei\/index.php\/p9783473312917\/'>Wimmelbilder 6<\/a><\/p><p class='rHLabel2'>Stichw\u00f6rter: <span class='rHText2'>Jahreszeiten<\/span><\/p><p><span class='rHLabel1'>Status: <\/span><span class='rHText1Gruen'>vorhanden<\/span><\/p><p><span class='rHLabel1'>Antolin: <\/span><span class='rHText1Rot'>Quiz nicht vorhanden.<\/span><\/p><\/td><\/td>\n<\/tr>\n<tr>\n<td><td width=30%><a href='https:\/\/www.web-rr.de\/GHS-Buecherei\/index.php\/p9783831039425\/'><img src='https:\/\/www.web-rr.de\/GHS-Buecherei\/wp-content\/uploads\/9783831039425.jpg' alt='' ><\/a><\/td><td><p class='rHTitel'>Stell dir vor ...: Ein Wimmelbilderbuch zum Geschichten erfinden<\/p><p class='rHLabel2'>von  <span class='rHText2'>Pippa Goodhart und Nick Sharratt<\/span><\/p><p><a href='https:\/\/www.web-rr.de\/GHS-Buecherei\/index.php\/p9783831039425\/'>Wimmelbilder 07<\/a><\/p><p class='rHLabel2'>Stichw\u00f6rter: <span class='rHText2'>Wimmelbilder, Tr\u00e4ume, W\u00fcnsche<\/span><\/p><p><span class='rHLabel1'>Status: <\/span><span class='rHText1Gruen'>vorhanden<\/span><\/p><p><span class='rHLabel1'>Antolin: <\/span><span class='rHText1Rot'>Quiz nicht vorhanden.<\/span><\/p><\/td><\/td>\n<\/tr>\n<tr>\n<td><td width=30%><a href='https:\/\/www.web-rr.de\/GHS-Buecherei\/index.php\/p9783780628305\/'><img src='https:\/\/www.web-rr.de\/GHS-Buecherei\/wp-content\/uploads\/9783780628305.jpg' alt='' ><\/a><\/td><td><p class='rHTitel'>Mein gro\u00dfes Wimmelbilderbuch Weihnachten<\/p><p class='rHLabel2'>von  <span class='rHText2'>Steffen Schneider<\/span><\/p><p><a href='https:\/\/www.web-rr.de\/GHS-Buecherei\/index.php\/p9783780628305\/'>Wimmelbilder 8<\/a><\/p><p class='rHLabel2'>Stichw\u00f6rter: <span class='rHText2'>Weihnachten<\/span><\/p><p><span class='rHLabel1'>Status: <\/span><span class='rHText1Gruen'>vorhanden<\/span><\/p><p><span class='rHLabel1'>Antolin: <\/span><span class='rHText1Rot'>Quiz nicht vorhanden.<\/span><\/p><\/td><\/td>\n<\/tr>\n<tr>\n<td><td width=30%><a href='https:\/\/www.web-rr.de\/GHS-Buecherei\/index.php\/p9783830311850\/'><img src='https:\/\/www.web-rr.de\/GHS-Buecherei\/wp-content\/uploads\/9783830311850.jpg' alt='' ><\/a><\/td><td><p class='rHTitel'>Such Professor M. Die verschwundenen Kinder<\/p><p class='rHLabel2'>von  <span class='rHText2'>S\u00f6ren Tomas<\/span><\/p><p><a href='https:\/\/www.web-rr.de\/GHS-Buecherei\/index.php\/p9783830311850\/'>Wimmelbilder 9<\/a><\/p><p class='rHLabel2'>Stichw\u00f6rter: <span class='rHText2'>R\u00e4tsel, Raten<\/span><\/p><p><span class='rHLabel1'>Status: <\/span><span class='rHText1Gruen'>vorhanden<\/span><\/p><p><span class='rHLabel1'>Antolin: <\/span><span class='rHText1Rot'>Quiz nicht vorhanden.<\/span><\/p><\/td><\/td>\n<\/tr>\n<tr>\n<td><td width=30%><a href='https:\/\/www.web-rr.de\/GHS-Buecherei\/index.php\/p9783414823342\/'><img src='https:\/\/www.web-rr.de\/GHS-Buecherei\/wp-content\/uploads\/9783414823342.jpg' alt='' ><\/a><\/td><td><p class='rHTitel'>Die Insel der 160 Fehler<\/p><p class='rHLabel2'>von  <span class='rHText2'>Meritxell Mart\u00ed<\/span><\/p><p><a href='https:\/\/www.web-rr.de\/GHS-Buecherei\/index.php\/p9783414823342\/'>Wimmelbilder 10<\/a><\/p><p class='rHLabel2'>Stichw\u00f6rter: <span class='rHText2'>R\u00e4tsel, Raten<\/span><\/p><p><span class='rHLabel1'>Status: <\/span><span class='rHText1Gruen'>vorhanden<\/span><\/p><p><span class='rHLabel1'>Antolin: <\/span><span class='rHText1Rot'>Quiz nicht vorhanden.<\/span><\/p><\/td><\/td>\n<\/tr>\n<tr>\n<td><td width=30%><a href='https:\/\/www.web-rr.de\/GHS-Buecherei\/index.php\/p9783934941892\/'><img src='https:\/\/www.web-rr.de\/GHS-Buecherei\/wp-content\/uploads\/9783934941892.jpg' alt='' ><\/a><\/td><td><p class='rHTitel'>N\u00fcrnberg Wimmelbuch<\/p><p class='rHLabel2'>von  <span class='rHText2'>Peter Engel<\/span><\/p><p><a href='https:\/\/www.web-rr.de\/GHS-Buecherei\/index.php\/p9783934941892\/'>Wimmelbilder 11<\/a><\/p><p class='rHLabel2'>Stichw\u00f6rter: <span class='rHText2'>St\u00e4dte, Stadt, N\u00fcrnberg<\/span><\/p><p><span class='rHLabel1'>Status: <\/span><span class='rHText1Gruen'>vorhanden<\/span><\/p><p><span class='rHLabel1'>Antolin: <\/span><span class='rHText1Rot'>Quiz nicht vorhanden.<\/span><\/p><\/td><\/td>\n<\/tr>\n<tr>\n<td><td width=30%><a href='https:\/\/www.web-rr.de\/GHS-Buecherei\/index.php\/p9783480231904\/'><img src='https:\/\/www.web-rr.de\/GHS-Buecherei\/wp-content\/uploads\/9783480231904.jpg' alt='' ><\/a><\/td><td><p class='rHTitel'>Professor Knacks' verflixt-verr\u00fcckte Reise um die Welt: Ein Fehler-Suchspa\u00dfbuch<\/p><p class='rHLabel2'>von  <span class='rHText2'>Dirk Hennig<\/span><\/p><p><a href='https:\/\/www.web-rr.de\/GHS-Buecherei\/index.php\/p9783480231904\/'>Wimmelbilder 13<\/a><\/p><p class='rHLabel2'>Stichw\u00f6rter: <span class='rHText2'>Professor, Erfindung, Regenwald, Antarktis<\/span><\/p><p><span class='rHLabel1'>Status: <\/span><span class='rHText1Gruen'>vorhanden<\/span><\/p><p><span class='rHLabel1'>Antolin: <\/span><span class='rHText1Gruen'>ja, Empfehlung Klasse 1<\/span><\/p><\/td><\/td>\n<\/tr>\n<tr>\n<td><td width=30%><a href='https:\/\/www.web-rr.de\/GHS-Buecherei\/index.php\/p9783401704661\/'><img src='https:\/\/www.web-rr.de\/GHS-Buecherei\/wp-content\/uploads\/9783401704661.jpg' alt='' ><\/a><\/td><td><p class='rHTitel'>Mein liebster Wimmelbilder-Spa\u00df. Wo steckt Emil?<\/p><p class='rHLabel2'>von  <span class='rHText2'>Charlotte Wagner<\/span><\/p><p><a href='https:\/\/www.web-rr.de\/GHS-Buecherei\/index.php\/p9783401704661\/'>Wimmelbilder 14<\/a><\/p><p class='rHLabel2'>Stichw\u00f6rter: <span class='rHText2'>Reise, Berge, Wald, Strand, Stadt, Zirkus<\/span><\/p><p><span class='rHLabel1'>Status: <\/span><span class='rHText1Gruen'>vorhanden<\/span><\/p><p><span class='rHLabel1'>Antolin: <\/span><span class='rHText1Rot'>Quiz nicht vorhanden.<\/span><\/p><\/td><\/td>\n<\/tr>\n<tr>\n<td><td width=30%><a href='https:\/\/www.web-rr.de\/GHS-Buecherei\/index.php\/p9783811230545\/'><img src='https:\/\/www.web-rr.de\/GHS-Buecherei\/wp-content\/uploads\/9783811230545.jpg' alt='' ><\/a><\/td><td><p class='rHTitel'>Wilde Piratenwelt: Ein Such- und Wimmelbilderbuch<\/p><p class='rHLabel2'>von  <span class='rHText2'>Rob L Jones<\/span><\/p><p><a href='https:\/\/www.web-rr.de\/GHS-Buecherei\/index.php\/p9783811230545\/'>Wimmelbilder 15<\/a><\/p><p class='rHLabel2'>Stichw\u00f6rter: <span class='rHText2'>Piraten, Piratenflaggen, Schatztruhe, Piratenschiff<\/span><\/p><p><span class='rHLabel1'>Status: <\/span><span class='rHText1Gruen'>vorhanden<\/span><\/p><p><span class='rHLabel1'>Antolin: <\/span><span class='rHText1Rot'>Quiz nicht vorhanden.<\/span><\/p><\/td><\/td>\n<\/tr>\n<\/tbody>\n<\/table>\n","protected":false},"excerpt":{"rendered":"","protected":false},"author":1,"featured_media":0,"parent":0,"menu_order":0,"comment_status":"closed","ping_status":"closed","template":"","meta":[],"_links":{"self":[{"href":"https:\/\/www.web-rr.de\/GHS-Buecherei\/index.php\/wp-json\/wp\/v2\/pages\/5845"}],"collection":[{"href":"https:\/\/www.web-rr.de\/GHS-Buecherei\/index.php\/wp-json\/wp\/v2\/pages"}],"about":[{"href":"https:\/\/www.web-rr.de\/GHS-Buecherei\/index.php\/wp-json\/wp\/v2\/types\/page"}],"author":[{"embeddable":true,"href":"https:\/\/www.web-rr.de\/GHS-Buecherei\/index.php\/wp-json\/wp\/v2\/users\/1"}],"replies":[{"embeddable":true,"href":"https:\/\/www.web-rr.de\/GHS-Buecherei\/index.php\/wp-json\/wp\/v2\/comments?post=5845"}],"version-history":[{"count":0,"href":"https:\/\/www.web-rr.de\/GHS-Buecherei\/index.php\/wp-json\/wp\/v2\/pages\/5845\/revisions"}],"wp:attachment":[{"href":"https:\/\/www.web-rr.de\/GHS-Buecherei\/index.php\/wp-json\/wp\/v2\/media?parent=5845"}],"curies":[{"name":"wp","href":"https:\/\/api.w.org\/{rel}","templated":true}]}}