{"id":5821,"date":"2021-02-25T13:45:46","date_gmt":"2021-02-25T12:45:46","guid":{"rendered":"https:\/\/www.web-rr.de\/GHS-Buecherei\/?page_id=5821"},"modified":"2021-04-28T20:42:09","modified_gmt":"2021-04-28T18:42:09","slug":"fussball","status":"publish","type":"page","link":"https:\/\/www.web-rr.de\/GHS-Buecherei\/index.php\/fussball\/","title":{"rendered":"Fu\u00dfball"},"content":{"rendered":"<table class=\"wp-block-table alignfull is-style-regular\">\n<tbody>\n<tr>\n<td><td width=30%><a href='https:\/\/www.web-rr.de\/GHS-Buecherei\/index.php\/p9783423712965\/'><img src='https:\/\/www.web-rr.de\/GHS-Buecherei\/wp-content\/uploads\/9783423712965.jpg' alt='' ><\/a><\/td><td><p class='rHTitel'>Die Wilden Fu\u00dfballkerle 13 Markus der Unbezwingbare<\/p><p class='rHLabel2'>von  <span class='rHText2'>Joachim Masannek<\/span><\/p><p><a href='https:\/\/www.web-rr.de\/GHS-Buecherei\/index.php\/p9783423712965\/'>Fu\u00dfball 0<\/a><\/p><p class='rHLabel2'>Stichw\u00f6rter: <span class='rHText2'>Fu\u00dfballmannschaft, Freunde<\/span><\/p><p><span class='rHLabel1'>Status: <\/span><span class='rHText1Gruen'>vorhanden<\/span><\/p><p><span class='rHLabel1'>Antolin: <\/span><span class='rHText1Gruen'>ja, Empfehlung Klasse 6<\/span><\/p><\/td><\/td>\n<\/tr>\n<tr>\n<td><td width=30%><a href='https:\/\/www.web-rr.de\/GHS-Buecherei\/index.php\/p9783219110005\/'><img src='https:\/\/www.web-rr.de\/GHS-Buecherei\/wp-content\/uploads\/9783219110005.jpg' alt='' ><\/a><\/td><td><p class='rHTitel'>TOOOR!: Alles, was du \u00fcber Fu\u00dfball wissen willst<\/p><p class='rHLabel2'>von  <span class='rHText2'>Erich Ballinger<\/span><\/p><p><a href='https:\/\/www.web-rr.de\/GHS-Buecherei\/index.php\/p9783219110005\/'>Fu\u00dfball 1<\/a><\/p><p class='rHLabel2'>Stichw\u00f6rter: <span class='rHText2'>Wissen, Sachbuch<\/span><\/p><p><span class='rHLabel1'>Status: <\/span><span class='rHText1Gruen'>vorhanden<\/span><\/p><p><span class='rHLabel1'>Antolin: <\/span><span class='rHText1Gruen'>ja, Empfehlung Klasse 3<\/span><\/p><\/td><\/td>\n<\/tr>\n<tr>\n<td><td width=30%><a href='https:\/\/www.web-rr.de\/GHS-Buecherei\/index.php\/p9783785537190\/'><img src='https:\/\/www.web-rr.de\/GHS-Buecherei\/wp-content\/uploads\/9783785537190.jpg' alt='' ><\/a><\/td><td><p class='rHTitel'>Torj\u00e4ger Timo holt den Pokal<\/p><p class='rHLabel2'>von  <span class='rHText2'>Ulli Schubert<\/span><\/p><p><a href='https:\/\/www.web-rr.de\/GHS-Buecherei\/index.php\/p9783785537190\/'>Fu\u00dfball 2<\/a><\/p><p class='rHLabel2'>Stichw\u00f6rter: <span class='rHText2'>miteinander, Gemeinschaft<\/span><\/p><p><span class='rHLabel1'>Status: <\/span><span class='rHText1Gruen'>vorhanden<\/span><\/p><p><span class='rHLabel1'>Antolin: <\/span><span class='rHText1Gruen'>ja, Empfehlung Klasse 3<\/span><\/p><\/td><\/td>\n<\/tr>\n<tr>\n<td><td width=30%><a href='https:\/\/www.web-rr.de\/GHS-Buecherei\/index.php\/p9783401053943\/'><img src='https:\/\/www.web-rr.de\/GHS-Buecherei\/wp-content\/uploads\/9783401053943.jpg' alt='' ><\/a><\/td><td><p class='rHTitel'>Fu\u00dfball, Freunde, fette Tore. Das Kicker-Team. Drei Romane in einem Band<\/p><p class='rHLabel2'>von  <span class='rHText2'>Christian Bieniek<\/span><\/p><p><a href='https:\/\/www.web-rr.de\/GHS-Buecherei\/index.php\/p9783401053943\/'>Fu\u00dfball 3<\/a><\/p><p class='rHLabel2'>Stichw\u00f6rter: <span class='rHText2'>Fu\u00dfball, Schule<\/span><\/p><p><span class='rHLabel1'>Status: <\/span><span class='rHText1Gruen'>vorhanden<\/span><\/p><p><span class='rHLabel1'>Antolin: <\/span><span class='rHText1Rot'>Quiz nicht vorhanden.<\/span><\/p><\/td><\/td>\n<\/tr>\n<tr>\n<td><td width=30%><a href='https:\/\/www.web-rr.de\/GHS-Buecherei\/index.php\/p9783785557723\/'><img src='https:\/\/www.web-rr.de\/GHS-Buecherei\/wp-content\/uploads\/9783785557723.jpg' alt='' ><\/a><\/td><td><p class='rHTitel'>Lesek\u00f6nig. Wir werden Meister<\/p><p class='rHLabel2'>von  <span class='rHText2'>Manfred Mai<\/span><\/p><p><a href='https:\/\/www.web-rr.de\/GHS-Buecherei\/index.php\/p9783785557723\/'>Fu\u00dfball 4<\/a><\/p><p class='rHLabel2'>Stichw\u00f6rter: <span class='rHText2'>Geschlechterrollen, starke Frauen, Vorurteile, Klischees<\/span><\/p><p><span class='rHLabel1'>Status: <\/span><span class='rHText1Gruen'>vorhanden<\/span><\/p><p><span class='rHLabel1'>Antolin: <\/span><span class='rHText1Gruen'>ja, Empfehlung Klasse 4<\/span><\/p><\/td><\/td>\n<\/tr>\n<tr>\n<td><td width=30%><a href='https:\/\/www.web-rr.de\/GHS-Buecherei\/index.php\/p9783473360222\/'><img src='https:\/\/www.web-rr.de\/GHS-Buecherei\/wp-content\/uploads\/9783473360222.jpg' alt='' ><\/a><\/td><td><p class='rHTitel'>Leserabe. Eine Klasse im Fu\u00dfballfieber. 3. Lesestufe<\/p><p class='rHLabel2'>von  <span class='rHText2'>Manfred Mai<\/span><\/p><p><a href='https:\/\/www.web-rr.de\/GHS-Buecherei\/index.php\/p9783473360222\/'>Fu\u00dfball 5<\/a><\/p><p class='rHLabel2'>Stichw\u00f6rter: <span class='rHText2'>Schule<\/span><\/p><p><span class='rHLabel1'>Status: <\/span><span class='rHText1Rot'>ausgeliehen<\/span><\/p><p><span class='rHLabel1'>Antolin: <\/span><span class='rHText1Gruen'>ja, Empfehlung Klasse 3<\/span><\/p><\/td><\/td>\n<\/tr>\n<tr>\n<td><td width=30%><a href='https:\/\/www.web-rr.de\/GHS-Buecherei\/index.php\/p9783863184407\/'><img src='https:\/\/www.web-rr.de\/GHS-Buecherei\/wp-content\/uploads\/9783863184407.jpg' alt='' ><\/a><\/td><td><p class='rHTitel'>Ben & T.E.X. - falsches Spiel mit dem 1. FC<\/p><p class='rHLabel2'>von  <span class='rHText2'>Michael Schuster<\/span><\/p><p><a href='https:\/\/www.web-rr.de\/GHS-Buecherei\/index.php\/p9783863184407\/'>Fu\u00dfball 6<\/a><\/p><p class='rHLabel2'>Stichw\u00f6rter: <span class='rHText2'>Anschl\u00e4ge, Spiel, Sabotage, Spannung, Sport<\/span><\/p><p><span class='rHLabel1'>Status: <\/span><span class='rHText1Gruen'>vorhanden<\/span><\/p><p><span class='rHLabel1'>Antolin: <\/span><span class='rHText1Gruen'>ja, Empfehlung Klasse 4<\/span><\/p><\/td><\/td>\n<\/tr>\n<tr>\n<td><td width=30%><a href='https:\/\/www.web-rr.de\/GHS-Buecherei\/index.php\/p2000001020593\/'><img src='https:\/\/www.web-rr.de\/GHS-Buecherei\/wp-content\/uploads\/2000001020593.jpg' alt='' ><\/a><\/td><td><p class='rHTitel'>Die wilden Fu\u00dfball Kerle Vanessa und Juli<\/p><p class='rHLabel2'>von  <span class='rHText2'>Klaus Kordon<\/span><\/p><p><a href='https:\/\/www.web-rr.de\/GHS-Buecherei\/index.php\/p2000001020593\/'>Fu\u00dfball 7<\/a><\/p><p class='rHLabel2'>Stichw\u00f6rter: <span class='rHText2'>starke Frauen, Geschlechterrollen<\/span><\/p><p><span class='rHLabel1'>Status: <\/span><span class='rHText1Gruen'>vorhanden<\/span><\/p><p><span class='rHLabel1'>Antolin: <\/span><span class='rHText1Gruen'>ja, Empfehlung Klasse 6<\/span><\/p><\/td><\/td>\n<\/tr>\n<tr>\n<td><td width=30%><a href='https:\/\/www.web-rr.de\/GHS-Buecherei\/index.php\/p9783833930041\/'><img src='https:\/\/www.web-rr.de\/GHS-Buecherei\/wp-content\/uploads\/9783833930041.jpg' alt='' ><\/a><\/td><td><p class='rHTitel'>Juli, die Viererkette: Die Wilden Fu\u00dfballkerle Bd. 4<\/p><p class='rHLabel2'>von  <span class='rHText2'>Joachim Masannek<\/span><\/p><p><a href='https:\/\/www.web-rr.de\/GHS-Buecherei\/index.php\/p9783833930041\/'>Fu\u00dfball 8<\/a><\/p><p class='rHLabel2'>Stichw\u00f6rter: <span class='rHText2'>Erpressung, Bedrohung, Erpressen, Bedrohen, Eltern, Trennung, Vater<\/span><\/p><p><span class='rHLabel1'>Status: <\/span><span class='rHText1Gruen'>vorhanden<\/span><\/p><p><span class='rHLabel1'>Antolin: <\/span><span class='rHText1Gruen'>ja, Empfehlung Klasse 6<\/span><\/p><\/td><\/td>\n<\/tr>\n<tr>\n<td><td width=30%><a href='https:\/\/www.web-rr.de\/GHS-Buecherei\/index.php\/p9783440106419\/'><img src='https:\/\/www.web-rr.de\/GHS-Buecherei\/wp-content\/uploads\/9783440106419.jpg' alt='' ><\/a><\/td><td><p class='rHTitel'>Superspitze Fu\u00dfballwitze<\/p><p class='rHLabel2'>von  <span class='rHText2'>Joanna Spector<\/span><\/p><p><a href='https:\/\/www.web-rr.de\/GHS-Buecherei\/index.php\/p9783440106419\/'>Fu\u00dfball 9<\/a><\/p><p class='rHLabel2'>Stichw\u00f6rter: <span class='rHText2'>lustig, Spa\u00df, Witze<\/span><\/p><p><span class='rHLabel1'>Status: <\/span><span class='rHText1Gruen'>vorhanden<\/span><\/p><p><span class='rHLabel1'>Antolin: <\/span><span class='rHText1Gruen'>ja, Empfehlung Klasse 3<\/span><\/p><\/td><\/td>\n<\/tr>\n<tr>\n<td><td width=30%><a href='https:\/\/www.web-rr.de\/GHS-Buecherei\/index.php\/p9783785530436\/'><img src='https:\/\/www.web-rr.de\/GHS-Buecherei\/wp-content\/uploads\/9783785530436.jpg' alt='' ><\/a><\/td><td><p class='rHTitel'>Lesel\u00f6wen Fu\u00dfballgeschichten<\/p><p class='rHLabel2'>von  <span class='rHText2'>Mai Manfred<\/span><\/p><p><a href='https:\/\/www.web-rr.de\/GHS-Buecherei\/index.php\/p9783785530436\/'>Fu\u00dfball 10<\/a><\/p><p class='rHLabel2'>Stichw\u00f6rter: <span class='rHText2'>Siege, Niederlagen, Schwierigkeiten<\/span><\/p><p><span class='rHLabel1'>Status: <\/span><span class='rHText1Gruen'>vorhanden<\/span><\/p><p><span class='rHLabel1'>Antolin: <\/span><span class='rHText1Gruen'>ja, Empfehlung Klasse 3<\/span><\/p><\/td><\/td>\n<\/tr>\n<tr>\n<td><td width=30%><a href='https:\/\/www.web-rr.de\/GHS-Buecherei\/index.php\/p9783423708500\/'><img src='https:\/\/www.web-rr.de\/GHS-Buecherei\/wp-content\/uploads\/9783423708500.jpg' alt='' ><\/a><\/td><td><p class='rHTitel'>Die wilden Fu\u00dfballkerle - Deniz die Lokomotive, Band 5<\/p><p class='rHLabel2'>von  <span class='rHText2'>Joachim Masannek<\/span><\/p><p><a href='https:\/\/www.web-rr.de\/GHS-Buecherei\/index.php\/p9783423708500\/'>Fu\u00dfball 11<\/a><\/p><p class='rHLabel2'>Stichw\u00f6rter: <span class='rHText2'>Teamgeist, Gemeinschaft<\/span><\/p><p><span class='rHLabel1'>Status: <\/span><span class='rHText1Rot'>ausgeliehen<\/span><\/p><p><span class='rHLabel1'>Antolin: <\/span><span class='rHText1Gruen'>ja, Empfehlung Klasse 6<\/span><\/p><\/td><\/td>\n<\/tr>\n<tr>\n<td><td width=30%><a href='https:\/\/www.web-rr.de\/GHS-Buecherei\/index.php\/p9783551554932\/'><img src='https:\/\/www.web-rr.de\/GHS-Buecherei\/wp-content\/uploads\/9783551554932.jpg' alt='' ><\/a><\/td><td><p class='rHTitel'>Fu\u00dfballg\u00f6tter, Band 4: Fu\u00dfballg\u00f6tter voll in Fahrt: BD 4<\/p><p class='rHLabel2'>von  <span class='rHText2'>Kjersti Wold<\/span><\/p><p><a href='https:\/\/www.web-rr.de\/GHS-Buecherei\/index.php\/p9783551554932\/'>Fu\u00dfball 12<\/a><\/p><p class='rHLabel2'>Stichw\u00f6rter: <span class='rHText2'>Lustig, Probleme<\/span><\/p><p><span class='rHLabel1'>Status: <\/span><span class='rHText1Gruen'>vorhanden<\/span><\/p><p><span class='rHLabel1'>Antolin: <\/span><span class='rHText1Gruen'>ja, Empfehlung Klasse 5<\/span><\/p><\/td><\/td>\n<\/tr>\n<tr>\n<td><td width=30%><a href='https:\/\/www.web-rr.de\/GHS-Buecherei\/index.php\/p9783833930065\/'><img src='https:\/\/www.web-rr.de\/GHS-Buecherei\/wp-content\/uploads\/9783833930065.jpg' alt='' ><\/a><\/td><td><p class='rHTitel'>Raban, der Held: Die Wilden Fu\u00dfballkerle Bd. 6<\/p><p class='rHLabel2'>von  <span class='rHText2'>Joachim Masannek<\/span><\/p><p><a href='https:\/\/www.web-rr.de\/GHS-Buecherei\/index.php\/p9783833930065\/'>Fu\u00dfball 13<\/a><\/p><p class='rHLabel2'>Stichw\u00f6rter: <span class='rHText2'>anders sein, Freundschaft, Inklusion<\/span><\/p><p><span class='rHLabel1'>Status: <\/span><span class='rHText1Gruen'>vorhanden<\/span><\/p><p><span class='rHLabel1'>Antolin: <\/span><span class='rHText1Gruen'>ja, Empfehlung Klasse 6<\/span><\/p><\/td><\/td>\n<\/tr>\n<tr>\n<td><td width=30%><a href='https:\/\/www.web-rr.de\/GHS-Buecherei\/index.php\/p9783833930102\/'><img src='https:\/\/www.web-rr.de\/GHS-Buecherei\/wp-content\/uploads\/9783833930102.jpg' alt='' ><\/a><\/td><td><p class='rHTitel'>Wilde Kerle Bd. 10: Marlon die Nummer 10<\/p><p class='rHLabel2'>von  <span class='rHText2'>Joachim Masannek<\/span><\/p><p><a href='https:\/\/www.web-rr.de\/GHS-Buecherei\/index.php\/p9783833930102\/'>Fu\u00dfball 14<\/a><\/p><p class='rHLabel2'>Stichw\u00f6rter: <span class='rHText2'>Freundschaft<\/span><\/p><p><span class='rHLabel1'>Status: <\/span><span class='rHText1Gruen'>vorhanden<\/span><\/p><p><span class='rHLabel1'>Antolin: <\/span><span class='rHText1Gruen'>ja, Empfehlung Klasse 6<\/span><\/p><\/td><\/td>\n<\/tr>\n<tr>\n<td><td width=30%><a href='https:\/\/www.web-rr.de\/GHS-Buecherei\/index.php\/p9783499213564\/'><img src='https:\/\/www.web-rr.de\/GHS-Buecherei\/wp-content\/uploads\/9783499213564.jpg' alt='' ><\/a><\/td><td><p class='rHTitel'>Die Kicker-Gang. Gef\u00e4hrliches Spiel<\/p><p class='rHLabel2'>von  <span class='rHText2'>Ulli Schubert<\/span><\/p><p><a href='https:\/\/www.web-rr.de\/GHS-Buecherei\/index.php\/p9783499213564\/'>Fu\u00dfball 15<\/a><\/p><p class='rHLabel2'>Stichw\u00f6rter: <span class='rHText2'>unsportliches Verhalten, Mannschaft, \u00c4rger<\/span><\/p><p><span class='rHLabel1'>Status: <\/span><span class='rHText1Gruen'>vorhanden<\/span><\/p><p><span class='rHLabel1'>Antolin: <\/span><span class='rHText1Gruen'>ja, Empfehlung Klasse 4<\/span><\/p><\/td><\/td>\n<\/tr>\n<tr>\n<td><td width=30%><a href='https:\/\/www.web-rr.de\/GHS-Buecherei\/index.php\/p9783551356970\/'><img src='https:\/\/www.web-rr.de\/GHS-Buecherei\/wp-content\/uploads\/9783551356970.jpg' alt='' ><\/a><\/td><td><p class='rHTitel'>Pel und ich<\/p><p class='rHLabel2'>von  <span class='rHText2'>Martin Klein<\/span><\/p><p><a href='https:\/\/www.web-rr.de\/GHS-Buecherei\/index.php\/p9783551356970\/'>Fu\u00dfball 16<\/a><\/p><p class='rHLabel2'>Stichw\u00f6rter: <span class='rHText2'>Pel\u00e9, Brasilien, Wunderkind<\/span><\/p><p><span class='rHLabel1'>Status: <\/span><span class='rHText1Gruen'>vorhanden<\/span><\/p><p><span class='rHLabel1'>Antolin: <\/span><span class='rHText1Rot'>Quiz nicht vorhanden.<\/span><\/p><\/td><\/td>\n<\/tr>\n<tr>\n<td><td width=30%><a href='https:\/\/www.web-rr.de\/GHS-Buecherei\/index.php\/p9783785550243\/'><img src='https:\/\/www.web-rr.de\/GHS-Buecherei\/wp-content\/uploads\/9783785550243.jpg' alt='' ><\/a><\/td><td><p class='rHTitel'>Meine Fu\u00dfballschule mit J\u00fcrgen Klinsmann<\/p><p class='rHLabel2'>von  <span class='rHText2'>Karin Helle<\/span><\/p><p><a href='https:\/\/www.web-rr.de\/GHS-Buecherei\/index.php\/p9783785550243\/'>Fu\u00dfball 17<\/a><\/p><p class='rHLabel2'>Stichw\u00f6rter: <span class='rHText2'>Klinsmann, Sachbuch, Hobby, Profitipps<\/span><\/p><p><span class='rHLabel1'>Status: <\/span><span class='rHText1Gruen'>vorhanden<\/span><\/p><p><span class='rHLabel1'>Antolin: <\/span><span class='rHText1Rot'>Quiz nicht vorhanden.<\/span><\/p><\/td><\/td>\n<\/tr>\n<tr>\n<td><td width=30%><a href='https:\/\/www.web-rr.de\/GHS-Buecherei\/index.php\/p9783938766064\/'><img src='https:\/\/www.web-rr.de\/GHS-Buecherei\/wp-content\/uploads\/9783938766064.jpg' alt='' ><\/a><\/td><td><p class='rHTitel'>Der zw\u00f6lfte Mann<\/p><p class='rHLabel2'>von  <span class='rHText2'>Hilde Vandermeeren<\/span><\/p><p><a href='https:\/\/www.web-rr.de\/GHS-Buecherei\/index.php\/p9783938766064\/'>Fu\u00dfball 18<\/a><\/p><p class='rHLabel2'>Stichw\u00f6rter: <span class='rHText2'>Sohn, Vater, Fu\u00dfball, Verein<\/span><\/p><p><span class='rHLabel1'>Status: <\/span><span class='rHText1Gruen'>vorhanden<\/span><\/p><p><span class='rHLabel1'>Antolin: <\/span><span class='rHText1Gruen'>ja, Empfehlung Klasse 1<\/span><\/p><\/td><\/td>\n<\/tr>\n<tr>\n<td><td width=30%><a href='https:\/\/www.web-rr.de\/GHS-Buecherei\/index.php\/p9783743202764\/'><img src='https:\/\/www.web-rr.de\/GHS-Buecherei\/wp-content\/uploads\/9783743202764.jpg' alt='' ><\/a><\/td><td><p class='rHTitel'>Der Wunderst\u00fcrmer 1 - Hilfe, ich habe einen Fu\u00dfballstar gekauft! - Nominiert f\u00fcr den Lese-Kicker 2020<\/p><p class='rHLabel2'>von  <span class='rHText2'>Ocke Bandixen<\/span><\/p><p><a href='https:\/\/www.web-rr.de\/GHS-Buecherei\/index.php\/p9783743202764\/'>Fu\u00dfball 19<\/a><\/p><p class='rHLabel2'>Stichw\u00f6rter: <span class='rHText2'>Jungen, Freunde, Star<\/span><\/p><p><span class='rHLabel1'>Status: <\/span><span class='rHText1Gruen'>vorhanden<\/span><\/p><p><span class='rHLabel1'>Antolin: <\/span><span class='rHText1Gruen'>ja, Empfehlung Klasse 4<\/span><\/p><\/td><\/td>\n<\/tr>\n<tr>\n<td><td width=30%><a href='https:\/\/www.web-rr.de\/GHS-Buecherei\/index.php\/p9783423708036\/'><img src='https:\/\/www.web-rr.de\/GHS-Buecherei\/wp-content\/uploads\/9783423708036.jpg' alt='' ><\/a><\/td><td><p class='rHTitel'>Die wilden Fussballkerle - Band 1: Leon - der Slalomdribbler<\/p><p class='rHLabel2'>von  <span class='rHText2'>Joachim Masannek<\/span><\/p><p><a href='https:\/\/www.web-rr.de\/GHS-Buecherei\/index.php\/p9783423708036\/'>Fu\u00dfball 20<\/a><\/p><p class='rHLabel2'>Stichw\u00f6rter: <span class='rHText2'>Bande, Freundschaft<\/span><\/p><p><span class='rHLabel1'>Status: <\/span><span class='rHText1Rot'>ausgeliehen<\/span><\/p><p><span class='rHLabel1'>Antolin: <\/span><span class='rHText1Gruen'>ja, Empfehlung Klasse 6<\/span><\/p><\/td><\/td>\n<\/tr>\n<tr>\n<td><td width=30%><a href='https:\/\/www.web-rr.de\/GHS-Buecherei\/index.php\/p9783831505036\/'><img src='https:\/\/www.web-rr.de\/GHS-Buecherei\/wp-content\/uploads\/9783831505036.jpg' alt='' ><\/a><\/td><td><p class='rHTitel'>Die wilden Fussballkerle - Buchausgabe \/ Rocce, der Zauberer: BD 12<\/p><p class='rHLabel2'>von  <span class='rHText2'>Joachim Masannek<\/span><\/p><p><a href='https:\/\/www.web-rr.de\/GHS-Buecherei\/index.php\/p9783831505036\/'>Fu\u00dfball 21<\/a><\/p><p class='rHLabel2'>Stichw\u00f6rter: <span class='rHText2'>Bande, starke Frauen<\/span><\/p><p><span class='rHLabel1'>Status: <\/span><span class='rHText1Gruen'>vorhanden<\/span><\/p><p><span class='rHLabel1'>Antolin: <\/span><span class='rHText1Gruen'>ja, Empfehlung Klasse 6<\/span><\/p><\/td><\/td>\n<\/tr>\n<tr>\n<td><td width=30%><a href='https:\/\/www.web-rr.de\/GHS-Buecherei\/index.php\/p9783833930843\/'><img src='https:\/\/www.web-rr.de\/GHS-Buecherei\/wp-content\/uploads\/9783833930843.jpg' alt='' ><\/a><\/td><td><p class='rHTitel'>DWK Doppelband 5: Bd. 9 Joschka \/Bd. 10 Marlon<\/p><p class='rHLabel2'>von  <span class='rHText2'>Joachim Masannek<\/span><\/p><p><a href='https:\/\/www.web-rr.de\/GHS-Buecherei\/index.php\/p9783833930843\/'>Fu\u00dfball 22<\/a><\/p><p class='rHLabel2'>Stichw\u00f6rter: <span class='rHText2'>Bande, klein sein, Die wilden Fu\u00dfballkerle, Wilde Fu\u00dfballkerleStreit, Vers\u00f6hnung<\/span><\/p><p><span class='rHLabel1'>Status: <\/span><span class='rHText1Gruen'>vorhanden<\/span><\/p><p><span class='rHLabel1'>Antolin: <\/span><span class='rHText1Gruen'>ja, Empfehlung Klasse 6<\/span><\/p><\/td><\/td>\n<\/tr>\n<tr>\n<td><td width=30%><a href='https:\/\/www.web-rr.de\/GHS-Buecherei\/index.php\/p9783499214257\/'><img src='https:\/\/www.web-rr.de\/GHS-Buecherei\/wp-content\/uploads\/9783499214257.jpg' alt='' ><\/a><\/td><td><p class='rHTitel'>Die Fu\u00dfballschule am Meer. Teufels-Kick um Mitternacht<\/p><p class='rHLabel2'>von  <span class='rHText2'>Ulli Schubert<\/span><\/p><p><a href='https:\/\/www.web-rr.de\/GHS-Buecherei\/index.php\/p9783499214257\/'>Fu\u00dfball 23<\/a><\/p><p class='rHLabel2'>Stichw\u00f6rter: <span class='rHText2'>Teamgeist, Durchsetzungsverm\u00f6gen, Freundschaft, Rivalit\u00e4t<\/span><\/p><p><span class='rHLabel1'>Status: <\/span><span class='rHText1Gruen'>vorhanden<\/span><\/p><p><span class='rHLabel1'>Antolin: <\/span><span class='rHText1Gruen'>ja, Empfehlung Klasse 6<\/span><\/p><\/td><\/td>\n<\/tr>\n<tr>\n<td><td width=30%><a href='https:\/\/www.web-rr.de\/GHS-Buecherei\/index.php\/p9783895337185\/'><img src='https:\/\/www.web-rr.de\/GHS-Buecherei\/wp-content\/uploads\/9783895337185.jpg' alt='' ><\/a><\/td><td><p class='rHTitel'>Werder - Tierisch was los!<\/p><p class='rHLabel2'>von  <span class='rHText2'>Insa Bauer<\/span><\/p><p><a href='https:\/\/www.web-rr.de\/GHS-Buecherei\/index.php\/p9783895337185\/'>Fu\u00dfball 24<\/a><\/p><p class='rHLabel2'>Stichw\u00f6rter: <span class='rHText2'>Bremen, Werder, Fans, Bundesliga<\/span><\/p><p><span class='rHLabel1'>Status: <\/span><span class='rHText1Rot'>ausgeliehen<\/span><\/p><p><span class='rHLabel1'>Antolin: <\/span><span class='rHText1Rot'>Quiz nicht vorhanden.<\/span><\/p><\/td><\/td>\n<\/tr>\n<tr>\n<td><td width=30%><a href='https:\/\/www.web-rr.de\/GHS-Buecherei\/index.php\/p9783473531059\/'><img src='https:\/\/www.web-rr.de\/GHS-Buecherei\/wp-content\/uploads\/9783473531059.jpg' alt='' ><\/a><\/td><td><p class='rHTitel'>Lachen bis zum Abpfiff!: 800 extrawitzige Fu\u00dfballwitze<\/p><p class='rHLabel2'>von  <span class='rHText2'>-<\/span><\/p><p><a href='https:\/\/www.web-rr.de\/GHS-Buecherei\/index.php\/p9783473531059\/'>Fu\u00dfball 25<\/a><\/p><p class='rHLabel2'>Stichw\u00f6rter: <span class='rHText2'>lustig, Spa\u00df, Witze<\/span><\/p><p><span class='rHLabel1'>Status: <\/span><span class='rHText1Rot'>ausgeliehen<\/span><\/p><p><span class='rHLabel1'>Antolin: <\/span><span class='rHText1Rot'>Quiz nicht vorhanden.<\/span><\/p><\/td><\/td>\n<\/tr>\n<tr>\n<td><td width=30%><a href='https:\/\/www.web-rr.de\/GHS-Buecherei\/index.php\/p9783785550298\/'><img src='https:\/\/www.web-rr.de\/GHS-Buecherei\/wp-content\/uploads\/9783785550298.jpg' alt='' ><\/a><\/td><td><p class='rHTitel'>Lesel\u00f6wen Wissen. Fu\u00dfball-Wissen: Abenteuer- und Sachgeschichten<\/p><p class='rHLabel2'>von  <span class='rHText2'>Ulli Schubert<\/span><\/p><p><a href='https:\/\/www.web-rr.de\/GHS-Buecherei\/index.php\/p9783785550298\/'>Fu\u00dfball 26<\/a><\/p><p class='rHLabel2'>Stichw\u00f6rter: <span class='rHText2'>Sport, Fu\u00dfball<\/span><\/p><p><span class='rHLabel1'>Status: <\/span><span class='rHText1Gruen'>vorhanden<\/span><\/p><p><span class='rHLabel1'>Antolin: <\/span><span class='rHText1Gruen'>ja, Empfehlung Klasse 3<\/span><\/p><\/td><\/td>\n<\/tr>\n<tr>\n<td><td width=30%><a href='https:\/\/www.web-rr.de\/GHS-Buecherei\/index.php\/p9783401029955\/'><img src='https:\/\/www.web-rr.de\/GHS-Buecherei\/wp-content\/uploads\/9783401029955.jpg' alt='' ><\/a><\/td><td><p class='rHTitel'>Ein Traum vom Fu\u00dfball<\/p><p class='rHLabel2'>von  <span class='rHText2'>Lieneke Dijkzeul<\/span><\/p><p><a href='https:\/\/www.web-rr.de\/GHS-Buecherei\/index.php\/p9783401029955\/'>Fu\u00dfball 27<\/a><\/p><p class='rHLabel2'>Stichw\u00f6rter: <span class='rHText2'>Fu\u00dfball, Tr\u00e4ume, Armut<\/span><\/p><p><span class='rHLabel1'>Status: <\/span><span class='rHText1Gruen'>vorhanden<\/span><\/p><p><span class='rHLabel1'>Antolin: <\/span><span class='rHText1Gruen'>ja, Empfehlung Klasse 7<\/span><\/p><\/td><\/td>\n<\/tr>\n<tr>\n<td><td width=30%><a href='https:\/\/www.web-rr.de\/GHS-Buecherei\/index.php\/p9783570154694\/'><img src='https:\/\/www.web-rr.de\/GHS-Buecherei\/wp-content\/uploads\/9783570154694.jpg' alt='' ><\/a><\/td><td><p class='rHTitel'>Die Teufelskicker - Moritz macht das Spiel: Band 1<\/p><p class='rHLabel2'>von  <span class='rHText2'>Frauke Nahrgang<\/span><\/p><p><a href='https:\/\/www.web-rr.de\/GHS-Buecherei\/index.php\/p9783570154694\/'>Fu\u00dfball 28<\/a><\/p><p class='rHLabel2'>Stichw\u00f6rter: <span class='rHText2'>Fu\u00dfball, Fu\u00dfballabenteuers,<\/span><\/p><p><span class='rHLabel1'>Status: <\/span><span class='rHText1Gruen'>vorhanden<\/span><\/p><p><span class='rHLabel1'>Antolin: <\/span><span class='rHText1Gruen'>ja, Empfehlung Klasse 4<\/span><\/p><\/td><\/td>\n<\/tr>\n<tr>\n<td><td width=30%><a href='https:\/\/www.web-rr.de\/GHS-Buecherei\/index.php\/p9783000584213\/'><img src='https:\/\/www.web-rr.de\/GHS-Buecherei\/wp-content\/uploads\/9783000584213.jpg' alt='' ><\/a><\/td><td><p class='rHTitel'>Marios gro\u00dfer Traum - Ausgezeichnet mit dem Lese-Kicker 2018, Kategorie Kinderbuch<\/p><p class='rHLabel2'>von  <span class='rHText2'>Mario G\u00f6tze, Oliver Nixdorf, Andre Thyret<\/span><\/p><p><a href='https:\/\/www.web-rr.de\/GHS-Buecherei\/index.php\/p9783000584213\/'>Fu\u00dfball 29<\/a><\/p><p class='rHLabel2'>Stichw\u00f6rter: <span class='rHText2'>Respekt, Toleranz, Weltoffenheit, Traum, Fu\u00dfball<\/span><\/p><p><span class='rHLabel1'>Status: <\/span><span class='rHText1Gruen'>vorhanden<\/span><\/p><p><span class='rHLabel1'>Antolin: <\/span><span class='rHText1Gruen'>ja, Empfehlung Klasse 3<\/span><\/p><\/td><\/td>\n<\/tr>\n<tr>\n<td><td width=30%><a href='https:\/\/www.web-rr.de\/GHS-Buecherei\/index.php\/p9783833907722\/'><img src='https:\/\/www.web-rr.de\/GHS-Buecherei\/wp-content\/uploads\/9783833907722.jpg' alt='' ><\/a><\/td><td><p class='rHTitel'>Die Geisterkicker - Falsches Spiel und Eis am Stiel (Band 2)<\/p><p class='rHLabel2'>von  <span class='rHText2'>Sonja Kaiblinger und Anton Riedel<\/span><\/p><p><a href='https:\/\/www.web-rr.de\/GHS-Buecherei\/index.php\/p9783833907722\/'>Fu\u00dfball 30<\/a><\/p><p class='rHLabel2'>Stichw\u00f6rter: <span class='rHText2'>Trainingslager, Geisterkicker, Italien, Juniorenmeisterschaft<\/span><\/p><p><span class='rHLabel1'>Status: <\/span><span class='rHText1Gruen'>vorhanden<\/span><\/p><p><span class='rHLabel1'>Antolin: <\/span><span class='rHText1Gruen'>ja, Empfehlung Klasse 3<\/span><\/p><\/td><\/td>\n<\/tr>\n<\/tbody>\n<\/table>\n","protected":false},"excerpt":{"rendered":"","protected":false},"author":1,"featured_media":0,"parent":0,"menu_order":0,"comment_status":"closed","ping_status":"closed","template":"","meta":[],"_links":{"self":[{"href":"https:\/\/www.web-rr.de\/GHS-Buecherei\/index.php\/wp-json\/wp\/v2\/pages\/5821"}],"collection":[{"href":"https:\/\/www.web-rr.de\/GHS-Buecherei\/index.php\/wp-json\/wp\/v2\/pages"}],"about":[{"href":"https:\/\/www.web-rr.de\/GHS-Buecherei\/index.php\/wp-json\/wp\/v2\/types\/page"}],"author":[{"embeddable":true,"href":"https:\/\/www.web-rr.de\/GHS-Buecherei\/index.php\/wp-json\/wp\/v2\/users\/1"}],"replies":[{"embeddable":true,"href":"https:\/\/www.web-rr.de\/GHS-Buecherei\/index.php\/wp-json\/wp\/v2\/comments?post=5821"}],"version-history":[{"count":0,"href":"https:\/\/www.web-rr.de\/GHS-Buecherei\/index.php\/wp-json\/wp\/v2\/pages\/5821\/revisions"}],"wp:attachment":[{"href":"https:\/\/www.web-rr.de\/GHS-Buecherei\/index.php\/wp-json\/wp\/v2\/media?parent=5821"}],"curies":[{"name":"wp","href":"https:\/\/api.w.org\/{rel}","templated":true}]}}