{"id":5780,"date":"2021-02-25T12:08:41","date_gmt":"2021-02-25T11:08:41","guid":{"rendered":"https:\/\/www.web-rr.de\/GHS-Buecherei\/?page_id=5780"},"modified":"2021-04-28T20:20:57","modified_gmt":"2021-04-28T18:20:57","slug":"erstes-lesen","status":"publish","type":"page","link":"https:\/\/www.web-rr.de\/GHS-Buecherei\/index.php\/erstes-lesen\/","title":{"rendered":"Erstes Lesen"},"content":{"rendered":"<table class=\"wp-block-table alignfull is-style-regular\">\n<tbody>\n<tr>\n<td><td width=30%><a href='https:\/\/www.web-rr.de\/GHS-Buecherei\/index.php\/p9783407793164\/'><img src='https:\/\/www.web-rr.de\/GHS-Buecherei\/wp-content\/uploads\/9783407793164.jpg' alt='' ><\/a><\/td><td><p class='rHTitel'>Das Auto hier hei\u00dft Ferdinand: Vierfarbiges Papp-Bilderbuch<\/p><p class='rHLabel2'>von  <span class='rHText2'>Janosch<\/span><\/p><p><a href='https:\/\/www.web-rr.de\/GHS-Buecherei\/index.php\/p9783407793164\/'>Erstes Lesen 1<\/a><\/p><p class='rHLabel2'>Stichw\u00f6rter: <span class='rHText2'>Auto, Bilderbuch<\/span><\/p><p><span class='rHLabel1'>Status: <\/span><span class='rHText1Gruen'>vorhanden<\/span><\/p><p><span class='rHLabel1'>Antolin: <\/span><span class='rHText1Gruen'>ja, Empfehlung Klasse 1<\/span><\/p><\/td><\/td>\n<\/tr>\n<tr>\n<td><td width=30%><a href='https:\/\/www.web-rr.de\/GHS-Buecherei\/index.php\/p9783407792921\/'><img src='https:\/\/www.web-rr.de\/GHS-Buecherei\/wp-content\/uploads\/9783407792921.jpg' alt='' ><\/a><\/td><td><p class='rHTitel'>He Duda<\/p><p class='rHLabel2'>von  <span class='rHText2'>Astrid Scheffler<\/span><\/p><p><a href='https:\/\/www.web-rr.de\/GHS-Buecherei\/index.php\/p9783407792921\/'>Erstes Lesen 2<\/a><\/p><p class='rHLabel2'>Stichw\u00f6rter: <span class='rHText2'>Identit\u00e4t<\/span><\/p><p><span class='rHLabel1'>Status: <\/span><span class='rHText1Gruen'>vorhanden<\/span><\/p><p><span class='rHLabel1'>Antolin: <\/span><span class='rHText1Gruen'>ja, Empfehlung Klasse 1<\/span><\/p><\/td><\/td>\n<\/tr>\n<tr>\n<td><td width=30%><a href='https:\/\/www.web-rr.de\/GHS-Buecherei\/index.php\/p9783407792846\/'><img src='https:\/\/www.web-rr.de\/GHS-Buecherei\/wp-content\/uploads\/9783407792846.jpg' alt='' ><\/a><\/td><td><p class='rHTitel'>Guten Tag, lieber B\u00e4r!<\/p><p class='rHLabel2'>von  <span class='rHText2'>Erwin Moser<\/span><\/p><p><a href='https:\/\/www.web-rr.de\/GHS-Buecherei\/index.php\/p9783407792846\/'>Erstes Lesen 3<\/a><\/p><p class='rHLabel2'>Stichw\u00f6rter: <span class='rHText2'>Kindergeschichte, B\u00e4r<\/span><\/p><p><span class='rHLabel1'>Status: <\/span><span class='rHText1Gruen'>vorhanden<\/span><\/p><p><span class='rHLabel1'>Antolin: <\/span><span class='rHText1Gruen'>ja, Empfehlung Klasse 1<\/span><\/p><\/td><\/td>\n<\/tr>\n<tr>\n<td><td width=30%><a href='https:\/\/www.web-rr.de\/GHS-Buecherei\/index.php\/p9783407792747\/'><img src='https:\/\/www.web-rr.de\/GHS-Buecherei\/wp-content\/uploads\/9783407792747.jpg' alt='' ><\/a><\/td><td><p class='rHTitel'>Komm, wir finden einen Schatz, Miniformat<\/p><p class='rHLabel2'>von  <span class='rHText2'>Janosch<\/span><\/p><p><a href='https:\/\/www.web-rr.de\/GHS-Buecherei\/index.php\/p9783407792747\/'>Erstes Lesen 4<\/a><\/p><p class='rHLabel2'>Stichw\u00f6rter: <span class='rHText2'>Schatz, Tigerente, kleiner Tiger, kleiner B\u00e4r<\/span><\/p><p><span class='rHLabel1'>Status: <\/span><span class='rHText1Gruen'>vorhanden<\/span><\/p><p><span class='rHLabel1'>Antolin: <\/span><span class='rHText1Gruen'>ja, Empfehlung Klasse 2<\/span><\/p><\/td><\/td>\n<\/tr>\n<tr>\n<td><td width=30%><a href='https:\/\/www.web-rr.de\/GHS-Buecherei\/index.php\/p9783401083513\/'><img src='https:\/\/www.web-rr.de\/GHS-Buecherei\/wp-content\/uploads\/9783401083513.jpg' alt='' ><\/a><\/td><td><p class='rHTitel'>Nur Mut, Lena!<\/p><p class='rHLabel2'>von  <span class='rHText2'>Frauke Nahrgang<\/span><\/p><p><a href='https:\/\/www.web-rr.de\/GHS-Buecherei\/index.php\/p9783401083513\/'>Erstes Lesen 5<\/a><\/p><p class='rHLabel2'>Stichw\u00f6rter: <span class='rHText2'><\/span><\/p><p><span class='rHLabel1'>Status: <\/span><span class='rHText1Gruen'>vorhanden<\/span><\/p><p><span class='rHLabel1'>Antolin: <\/span><span class='rHText1Gruen'>ja, Empfehlung Klasse 2<\/span><\/p><\/td><\/td>\n<\/tr>\n<tr>\n<td><td width=30%><a href='https:\/\/www.web-rr.de\/GHS-Buecherei\/index.php\/p9783407793515\/'><img src='https:\/\/www.web-rr.de\/GHS-Buecherei\/wp-content\/uploads\/9783407793515.jpg' alt='' ><\/a><\/td><td><p class='rHTitel'>Wo ist Mami?: Vierfarbiges Pappbilderbuch<\/p><p class='rHLabel2'>von  <span class='rHText2'>Astrid Scheffler<\/span><\/p><p><a href='https:\/\/www.web-rr.de\/GHS-Buecherei\/index.php\/p9783407793515\/'>Erstes Lesen 6<\/a><\/p><p class='rHLabel2'>Stichw\u00f6rter: <span class='rHText2'>Affen, Eltern<\/span><\/p><p><span class='rHLabel1'>Status: <\/span><span class='rHText1Gruen'>vorhanden<\/span><\/p><p><span class='rHLabel1'>Antolin: <\/span><span class='rHText1Gruen'>ja, Empfehlung Klasse 1<\/span><\/p><\/td><\/td>\n<\/tr>\n<tr>\n<td><td width=30%><a href='https:\/\/www.web-rr.de\/GHS-Buecherei\/index.php\/p9783891064085\/'><img src='https:\/\/www.web-rr.de\/GHS-Buecherei\/wp-content\/uploads\/9783891064085.jpg' alt='' ><\/a><\/td><td><p class='rHTitel'>Luis<\/p><p class='rHLabel2'>von  <span class='rHText2'>Dorothee Wolters<\/span><\/p><p><a href='https:\/\/www.web-rr.de\/GHS-Buecherei\/index.php\/p9783891064085\/'>Erstes Lesen 7<\/a><\/p><p class='rHLabel2'>Stichw\u00f6rter: <span class='rHText2'>Mut, Angst<\/span><\/p><p><span class='rHLabel1'>Status: <\/span><span class='rHText1Gruen'>vorhanden<\/span><\/p><p><span class='rHLabel1'>Antolin: <\/span><span class='rHText1Rot'>Quiz nicht vorhanden.<\/span><\/p><\/td><\/td>\n<\/tr>\n<tr>\n<td><td width=30%><a href='https:\/\/www.web-rr.de\/GHS-Buecherei\/index.php\/p9783614267410\/'><img src='https:\/\/www.web-rr.de\/GHS-Buecherei\/wp-content\/uploads\/9783614267410.jpg' alt='' ><\/a><\/td><td><p class='rHTitel'>Die kleine Schlafm\u00fctze<\/p><p class='rHLabel2'>von  <span class='rHText2'>Elke Meinardus<\/span><\/p><p><a href='https:\/\/www.web-rr.de\/GHS-Buecherei\/index.php\/p9783614267410\/'>Erstes Lesen 8<\/a><\/p><p class='rHLabel2'>Stichw\u00f6rter: <span class='rHText2'>Gutenacht, Gute-Nacht, Schule<\/span><\/p><p><span class='rHLabel1'>Status: <\/span><span class='rHText1Gruen'>vorhanden<\/span><\/p><p><span class='rHLabel1'>Antolin: <\/span><span class='rHText1Rot'>Quiz nicht vorhanden.<\/span><\/p><\/td><\/td>\n<\/tr>\n<tr>\n<td><td width=30%><a href='https:\/\/www.web-rr.de\/GHS-Buecherei\/index.php\/p9783851911718\/'><img src='https:\/\/www.web-rr.de\/GHS-Buecherei\/wp-content\/uploads\/9783851911718.jpg' alt='' ><\/a><\/td><td><p class='rHTitel'>Mini ist verliebt<\/p><p class='rHLabel2'>von  <span class='rHText2'>Christine N\u00f6stlinger<\/span><\/p><p><a href='https:\/\/www.web-rr.de\/GHS-Buecherei\/index.php\/p9783851911718\/'>Erstes Lesen 9<\/a><\/p><p class='rHLabel2'>Stichw\u00f6rter: <span class='rHText2'>Liebe, M\u00e4dchen<\/span><\/p><p><span class='rHLabel1'>Status: <\/span><span class='rHText1Gruen'>vorhanden<\/span><\/p><p><span class='rHLabel1'>Antolin: <\/span><span class='rHText1Gruen'>ja, Empfehlung Klasse 3<\/span><\/p><\/td><\/td>\n<\/tr>\n<tr>\n<td><td width=30%><a href='https:\/\/www.web-rr.de\/GHS-Buecherei\/index.php\/p9783742121103\/'><img src='https:\/\/www.web-rr.de\/GHS-Buecherei\/wp-content\/uploads\/9783742121103.jpg' alt='' ><\/a><\/td><td><p class='rHTitel'>R\u00fcssel im Sommer<\/p><p class='rHLabel2'>von  <span class='rHText2'>Thomas Schallnau<\/span><\/p><p><a href='https:\/\/www.web-rr.de\/GHS-Buecherei\/index.php\/p9783742121103\/'>Erstes Lesen 10<\/a><\/p><p class='rHLabel2'>Stichw\u00f6rter: <span class='rHText2'>Sommer<\/span><\/p><p><span class='rHLabel1'>Status: <\/span><span class='rHText1Gruen'>vorhanden<\/span><\/p><p><span class='rHLabel1'>Antolin: <\/span><span class='rHText1Rot'>Quiz nicht vorhanden.<\/span><\/p><\/td><\/td>\n<\/tr>\n<tr>\n<td><td width=30%><a href='https:\/\/www.web-rr.de\/GHS-Buecherei\/index.php\/p9783551710116\/'><img src='https:\/\/www.web-rr.de\/GHS-Buecherei\/wp-content\/uploads\/9783551710116.jpg' alt='' ><\/a><\/td><td><p class='rHTitel'>Rotk\u00e4ppchen<\/p><p class='rHLabel2'>von  <span class='rHText2'>Eva Wenzel-B\u00fcrger<\/span><\/p><p><a href='https:\/\/www.web-rr.de\/GHS-Buecherei\/index.php\/p9783551710116\/'>Erstes Lesen 13<\/a><\/p><p class='rHLabel2'>Stichw\u00f6rter: <span class='rHText2'>M\u00e4rchen, Rotk\u00e4ppchen, Gebr\u00fcder Grimm<\/span><\/p><p><span class='rHLabel1'>Status: <\/span><span class='rHText1Gruen'>vorhanden<\/span><\/p><p><span class='rHLabel1'>Antolin: <\/span><span class='rHText1Gruen'>ja, Empfehlung Klasse 1<\/span><\/p><\/td><\/td>\n<\/tr>\n<tr>\n<td><td width=30%><a href='https:\/\/www.web-rr.de\/GHS-Buecherei\/index.php\/p9783760739397\/'><img src='https:\/\/www.web-rr.de\/GHS-Buecherei\/wp-content\/uploads\/9783760739397.jpg' alt='' ><\/a><\/td><td><p class='rHTitel'>Wendemini. Kleine Schulgeschichten \/ Kleine Schulhofgeschichten<\/p><p class='rHLabel2'>von  <span class='rHText2'>Cordula Tollmien<\/span><\/p><p><a href='https:\/\/www.web-rr.de\/GHS-Buecherei\/index.php\/p9783760739397\/'>Erstes Lesen 14<\/a><\/p><p class='rHLabel2'>Stichw\u00f6rter: <span class='rHText2'>Schule<\/span><\/p><p><span class='rHLabel1'>Status: <\/span><span class='rHText1Gruen'>vorhanden<\/span><\/p><p><span class='rHLabel1'>Antolin: <\/span><span class='rHText1Gruen'>ja, Empfehlung Klasse 1<\/span><\/p><\/td><\/td>\n<\/tr>\n<tr>\n<td><td width=30%><a href='https:\/\/www.web-rr.de\/GHS-Buecherei\/index.php\/p9783401083223\/'><img src='https:\/\/www.web-rr.de\/GHS-Buecherei\/wp-content\/uploads\/9783401083223.jpg' alt='' ><\/a><\/td><td><p class='rHTitel'>Zusammen sind wir stark, Jubil\u00e4ums-Mini<\/p><p class='rHLabel2'>von  <span class='rHText2'>Christa Zeuch<\/span><\/p><p><a href='https:\/\/www.web-rr.de\/GHS-Buecherei\/index.php\/p9783401083223\/'>Erstes Lesen 23<\/a><\/p><p class='rHLabel2'>Stichw\u00f6rter: <span class='rHText2'>Gemeinschaft, miteinander<\/span><\/p><p><span class='rHLabel1'>Status: <\/span><span class='rHText1Gruen'>vorhanden<\/span><\/p><p><span class='rHLabel1'>Antolin: <\/span><span class='rHText1Gruen'>ja, Empfehlung Klasse 3<\/span><\/p><\/td><\/td>\n<\/tr>\n<\/tbody>\n<\/table>\n","protected":false},"excerpt":{"rendered":"","protected":false},"author":1,"featured_media":0,"parent":0,"menu_order":0,"comment_status":"closed","ping_status":"closed","template":"","meta":[],"_links":{"self":[{"href":"https:\/\/www.web-rr.de\/GHS-Buecherei\/index.php\/wp-json\/wp\/v2\/pages\/5780"}],"collection":[{"href":"https:\/\/www.web-rr.de\/GHS-Buecherei\/index.php\/wp-json\/wp\/v2\/pages"}],"about":[{"href":"https:\/\/www.web-rr.de\/GHS-Buecherei\/index.php\/wp-json\/wp\/v2\/types\/page"}],"author":[{"embeddable":true,"href":"https:\/\/www.web-rr.de\/GHS-Buecherei\/index.php\/wp-json\/wp\/v2\/users\/1"}],"replies":[{"embeddable":true,"href":"https:\/\/www.web-rr.de\/GHS-Buecherei\/index.php\/wp-json\/wp\/v2\/comments?post=5780"}],"version-history":[{"count":0,"href":"https:\/\/www.web-rr.de\/GHS-Buecherei\/index.php\/wp-json\/wp\/v2\/pages\/5780\/revisions"}],"wp:attachment":[{"href":"https:\/\/www.web-rr.de\/GHS-Buecherei\/index.php\/wp-json\/wp\/v2\/media?parent=5780"}],"curies":[{"name":"wp","href":"https:\/\/api.w.org\/{rel}","templated":true}]}}