{"id":5744,"date":"2021-02-23T20:00:00","date_gmt":"2021-02-23T20:00:00","guid":{"rendered":"https:\/\/www.web-rr.de\/GHS-Buecherei\/?page_id=5744"},"modified":"2021-02-22T23:59:59","modified_gmt":"2021-02-22T23:59:59","slug":"p9783864551512","status":"publish","type":"page","link":"https:\/\/www.web-rr.de\/GHS-Buecherei\/index.php\/p9783864551512\/","title":{"rendered":"Weihnachten 57"},"content":{"rendered":"<table><tbody><tr><td class='rDTitel' colspan='2'>Der geheimnisvolle Adventskalender - Ein phantastisches Weihnachtsabenteuer<\/td><\/tr><tr><td><span class='rDLabel1'>Status: <\/span><span class='rDText1Gruen'>vorhanden<\/span><\/td><td><span class='rDLabel1'>Antolin: <\/span><span class='rDText1Gruen'>ja, Empfehlung Klasse 4<\/span><\/td><\/tr><tr><td width=50%><img src='https:\/\/www.web-rr.de\/GHS-Buecherei\/wp-content\/uploads\/9783864551512.jpg' alt=''><\/td><td><p class='rDLabel2'>von <span class='rDText2'>Astrid Nagel<\/span><\/p><p class='rDLabel2'>Verlag: <span class='rDText2'>Edition Fischer GmbH,  2018,  13.80 \u20ac<\/span><\/p><p class='rDLabel2'>B\u00fccherei-Barcode: <span class='rDText2'>9783864551512<\/span><\/p><p class='rDLabel2'>In der B\u00fccherei erfasst am: <span class='rDText2'>25.08.2020<\/span><\/p><p class='rDLabel2'>Stichw\u00f6rter: <span class='rDText2'>Feste, Abenteurer, Geheimnis, Freundin<\/span><\/p><p class='rDLabel2'>Lesealter ca. <span class='rDText2'>8<\/span><span class='rDLabel2'> Jahre<\/span><\/p><p class='rDLabel2'>Das Buch wurde <span class='rDText2'>1<\/span><span class='rDLabel2'> mal gelesen.<\/span><\/p><\/td><\/tr><tr><td colspan='2'><p class='rDLabel1'>Inhalt:<\/p><span class='rDText2'>Was hat es mit diesem geheimnisvollen schwarzen Adventskalender auf sich, den Nico von einem merkw\u00fcrdigen Weihnachtsmann geschenkt bekommt? Und was verbirgt sich hinter den 24 T\u00fcren? Als der coole Nico, der nicht viel von dem ganzen sentimentalen Weihnachtskram h\u00e4lt, neugierig das erste T\u00fcrchen \u00f6ffnet, wird er in den Strudel der Ereignisse hineingezogen, die Adventa und seine Bewohner ersch\u00fcttern. In dem einst friedlichen Land haben die Schwarzen Gesellen die Macht an sich gerissen und alles verboten, was Freude bereitet - insbesondere das Weihnachtsfest und alles, was damit zusammenh\u00e4ngt. An der Seite seiner neuen Freundin Sali muss Nico viele phantastische Abenteuer bestehen, bis es ihm schlie\u00dflich gelingt, dem Geheimnis der Schwarzen Gesellen auf die Spur zu kommen und Adventa zu erl\u00f6sen. Dabei \u00f6ffnen die Erlebnisse in Adventa Nico nach und nach die Augen f\u00fcr das Besondere der Adventszeit und bescheren ihm am Ende der Geschichte auf ganz eigene Weise ein gro\u00dfes St\u00fcck Weihnachtsfreude. Astrid Nagel, 1952 in Marburg\/Lahn geboren, verwirklichte erst mit 45 ihren Traum, Abenteuerb\u00fccher f\u00fcr Jugendliche zu schreiben. Nach einem Informatikstudium in M\u00fcnchen und jahrelanger T\u00e4tigkeit in einem Stuttgarter Recheninstitut spielte bezeichnenderweise ein Computerspiel im ersten Band ihrer M\u00b7 A \u00b7 C - Serie die Hauptrolle.<\/span><\/td><\/tr><tr><td colspan='2'><a href='#' onclick='history.back(); return false'>Zur\u00fcck<\/a><\/td><\/tr><\/tbody><\/table>\n","protected":false},"excerpt":{"rendered":"","protected":false},"author":1,"featured_media":0,"parent":0,"menu_order":0,"comment_status":"closed","ping_status":"closed","template":"","meta":[],"_links":{"self":[{"href":"https:\/\/www.web-rr.de\/GHS-Buecherei\/index.php\/wp-json\/wp\/v2\/pages\/5744"}],"collection":[{"href":"https:\/\/www.web-rr.de\/GHS-Buecherei\/index.php\/wp-json\/wp\/v2\/pages"}],"about":[{"href":"https:\/\/www.web-rr.de\/GHS-Buecherei\/index.php\/wp-json\/wp\/v2\/types\/page"}],"author":[{"embeddable":true,"href":"https:\/\/www.web-rr.de\/GHS-Buecherei\/index.php\/wp-json\/wp\/v2\/users\/1"}],"replies":[{"embeddable":true,"href":"https:\/\/www.web-rr.de\/GHS-Buecherei\/index.php\/wp-json\/wp\/v2\/comments?post=5744"}],"version-history":[{"count":0,"href":"https:\/\/www.web-rr.de\/GHS-Buecherei\/index.php\/wp-json\/wp\/v2\/pages\/5744\/revisions"}],"wp:attachment":[{"href":"https:\/\/www.web-rr.de\/GHS-Buecherei\/index.php\/wp-json\/wp\/v2\/media?parent=5744"}],"curies":[{"name":"wp","href":"https:\/\/api.w.org\/{rel}","templated":true}]}}