{"id":5742,"date":"2021-02-23T20:00:00","date_gmt":"2021-02-23T20:00:00","guid":{"rendered":"https:\/\/www.web-rr.de\/GHS-Buecherei\/?page_id=5742"},"modified":"2021-02-22T23:59:59","modified_gmt":"2021-02-22T23:59:59","slug":"p9783935842518","status":"publish","type":"page","link":"https:\/\/www.web-rr.de\/GHS-Buecherei\/index.php\/p9783935842518\/","title":{"rendered":"Weihnachten 55"},"content":{"rendered":"<table><tbody><tr><td class='rDTitel' colspan='2'>Der kleine Nachtw\u00e4chter erz\u00e4hlt - Geschichten zur Adventszeit<\/td><\/tr><tr><td><span class='rDLabel1'>Status: <\/span><span class='rDText1Gruen'>vorhanden<\/span><\/td><td><span class='rDLabel1'>Antolin: <\/span><span class='rDText1Rot'>Quiz nicht vorhanden.<\/span><\/td><\/tr><tr><td width=50%><img src='https:\/\/www.web-rr.de\/GHS-Buecherei\/wp-content\/uploads\/9783935842518.jpg' alt=''><\/td><td><p class='rDLabel2'>von <span class='rDText2'>Moro Rodefeld<\/span><\/p><p class='rDLabel2'>Verlag: <span class='rDText2'>edition claus,  2015,  19.90 \u20ac<\/span><\/p><p class='rDLabel2'>B\u00fccherei-Barcode: <span class='rDText2'>9783935842518<\/span><\/p><p class='rDLabel2'>In der B\u00fccherei erfasst am: <span class='rDText2'>11.01.2020<\/span><\/p><p class='rDLabel2'>Stichw\u00f6rter: <span class='rDText2'>Advent, Geschichten, R\u00e4uber, Weihnachtsgeschichten<\/span><\/p><p class='rDLabel2'>Lesealter ca. <span class='rDText2'>-<\/span><span class='rDLabel2'> Jahre<\/span><\/p><p class='rDLabel2'>Das Buch wurde <span class='rDText2'>0<\/span><span class='rDLabel2'> mal gelesen.<\/span><\/p><\/td><\/tr><tr><td colspan='2'><p class='rDLabel1'>Inhalt:<\/p><span class='rDText2'>\"Liebe Leute, lasst Euch sagen, die Uhr hat zehn Mal zur Nacht geschlagen! Ich bin auf der Hut, in der Stadt ist alles gut - es ist kein einzig Dieb zu sehn, Ihr Leute k\u00f6nnt jetzt schlafen gehen.\" Das ist der allabendliche Ruf des kleinen Nachtw\u00e4chters, der in einem beschaulichen St\u00e4dtchen lebt und jede Nacht seine Runde geht, um die Laternen anzuz\u00fcnden. Dabei schaut er, dass alles in Ordnung ist und keine R\u00e4uber im St\u00e4dtchen ihr Unwesen treiben. Er begegnet zwar keinen R\u00e4ubern, aber vielen Gestalten, die seine Hilfe brauchen. Da kann der kleine Nachtw\u00e4chter beweisen, was in ihm steckt und so erlebt er allerhand Abenteuer. Er sucht verschwundene Kamele und hilft dem Nikolaus die Stadt zu finden, er bewacht den Weihnachtsstollen, rettet den Nussknacker und den Weihnachtsbaum. \"Der kleine Nachtw\u00e4chter erz\u00e4hlt\" genau 24 Geschichten zur Adventszeit und l\u00e4dt alle kleinen und gro\u00dfen Leser ein, sich mit seinen Abenteuern die Wartezeit bis zum Heiligen Abend zu verk\u00fcrzen.\n\r\n\r<\/span><\/td><\/tr><tr><td colspan='2'><a href='#' onclick='history.back(); return false'>Zur\u00fcck<\/a><\/td><\/tr><\/tbody><\/table>\n","protected":false},"excerpt":{"rendered":"","protected":false},"author":1,"featured_media":0,"parent":0,"menu_order":0,"comment_status":"closed","ping_status":"closed","template":"","meta":[],"_links":{"self":[{"href":"https:\/\/www.web-rr.de\/GHS-Buecherei\/index.php\/wp-json\/wp\/v2\/pages\/5742"}],"collection":[{"href":"https:\/\/www.web-rr.de\/GHS-Buecherei\/index.php\/wp-json\/wp\/v2\/pages"}],"about":[{"href":"https:\/\/www.web-rr.de\/GHS-Buecherei\/index.php\/wp-json\/wp\/v2\/types\/page"}],"author":[{"embeddable":true,"href":"https:\/\/www.web-rr.de\/GHS-Buecherei\/index.php\/wp-json\/wp\/v2\/users\/1"}],"replies":[{"embeddable":true,"href":"https:\/\/www.web-rr.de\/GHS-Buecherei\/index.php\/wp-json\/wp\/v2\/comments?post=5742"}],"version-history":[{"count":0,"href":"https:\/\/www.web-rr.de\/GHS-Buecherei\/index.php\/wp-json\/wp\/v2\/pages\/5742\/revisions"}],"wp:attachment":[{"href":"https:\/\/www.web-rr.de\/GHS-Buecherei\/index.php\/wp-json\/wp\/v2\/media?parent=5742"}],"curies":[{"name":"wp","href":"https:\/\/api.w.org\/{rel}","templated":true}]}}