{"id":5734,"date":"2021-02-23T20:00:00","date_gmt":"2021-02-23T20:00:00","guid":{"rendered":"https:\/\/www.web-rr.de\/GHS-Buecherei\/?page_id=5734"},"modified":"2021-02-22T23:59:59","modified_gmt":"2021-02-22T23:59:59","slug":"p9783830197430","status":"publish","type":"page","link":"https:\/\/www.web-rr.de\/GHS-Buecherei\/index.php\/p9783830197430\/","title":{"rendered":"Weihnachten 47"},"content":{"rendered":"<table><tbody><tr><td class='rDTitel' colspan='2'>Der Tag, an dem Weihnachten (fast) ausfiel: Als Jesus aus der Krippe verschwand<\/td><\/tr><tr><td><span class='rDLabel1'>Status: <\/span><span class='rDText1Gruen'>vorhanden<\/span><\/td><td><span class='rDLabel1'>Antolin: <\/span><span class='rDText1Rot'>Quiz nicht vorhanden.<\/span><\/td><\/tr><tr><td width=50%><img src='https:\/\/www.web-rr.de\/GHS-Buecherei\/wp-content\/uploads\/9783830197430.jpg' alt=''><\/td><td><p class='rDLabel2'>von <span class='rDText2'>Heike Frank<\/span><\/p><p class='rDLabel2'>Verlag: <span class='rDText2'>Fischer, R. G.,  2016,  13.80 \u20ac<\/span><\/p><p class='rDLabel2'>B\u00fccherei-Barcode: <span class='rDText2'>9783830197430<\/span><\/p><p class='rDLabel2'>In der B\u00fccherei erfasst am: <span class='rDText2'>04.08.2018<\/span><\/p><p class='rDLabel2'>Stichw\u00f6rter: <span class='rDText2'>Weihnachten, Jesus,<\/span><\/p><p class='rDLabel2'>Lesealter ca. <span class='rDText2'>-<\/span><span class='rDLabel2'> Jahre<\/span><\/p><p class='rDLabel2'>Das Buch wurde <span class='rDText2'>0<\/span><span class='rDLabel2'> mal gelesen.<\/span><\/p><\/td><\/tr><tr><td colspan='2'><p class='rDLabel1'>Inhalt:<\/p><span class='rDText2'>Zwei Tage vor Weihnachten passiert das Unfassbare f\u00fcr Lukas und Tim. Papa hat die Nase voll, dass die Jungs unordentlich sind und droht an: wenn die beiden nicht bis 14 Uhr am Weihnachtstag das verschwundene Jesuskind aus der Krippe finden, f\u00e4llt Weihnachten aus. Keine Geschenke!Verzweifelt suchen die Br\u00fcder \u00fcberall, aber Jesus bleibt verschollen. Noch dazu benimmt sich Kater Minsk auf einmal sehr seltsam und Tim bekommt in einem sonderbaren Laden einen Bergkristall von einer ebenso sonderbaren Frau fast aufgedr\u00e4ngt.Hat der Kater etwas mit dem Verschwinden von Jesus zu tun und wie kann der Bergkristall helfen, ihn wieder zu finden? Das versuchen die Br\u00fcder Lukas und Tim herauszufinden. Aber werden sie es rechtzeitig schaffen?<\/span><\/td><\/tr><tr><td colspan='2'><a href='#' onclick='history.back(); return false'>Zur\u00fcck<\/a><\/td><\/tr><\/tbody><\/table>\n","protected":false},"excerpt":{"rendered":"","protected":false},"author":1,"featured_media":0,"parent":0,"menu_order":0,"comment_status":"closed","ping_status":"closed","template":"","meta":[],"_links":{"self":[{"href":"https:\/\/www.web-rr.de\/GHS-Buecherei\/index.php\/wp-json\/wp\/v2\/pages\/5734"}],"collection":[{"href":"https:\/\/www.web-rr.de\/GHS-Buecherei\/index.php\/wp-json\/wp\/v2\/pages"}],"about":[{"href":"https:\/\/www.web-rr.de\/GHS-Buecherei\/index.php\/wp-json\/wp\/v2\/types\/page"}],"author":[{"embeddable":true,"href":"https:\/\/www.web-rr.de\/GHS-Buecherei\/index.php\/wp-json\/wp\/v2\/users\/1"}],"replies":[{"embeddable":true,"href":"https:\/\/www.web-rr.de\/GHS-Buecherei\/index.php\/wp-json\/wp\/v2\/comments?post=5734"}],"version-history":[{"count":0,"href":"https:\/\/www.web-rr.de\/GHS-Buecherei\/index.php\/wp-json\/wp\/v2\/pages\/5734\/revisions"}],"wp:attachment":[{"href":"https:\/\/www.web-rr.de\/GHS-Buecherei\/index.php\/wp-json\/wp\/v2\/media?parent=5734"}],"curies":[{"name":"wp","href":"https:\/\/api.w.org\/{rel}","templated":true}]}}