{"id":5718,"date":"2021-02-23T20:00:00","date_gmt":"2021-02-23T20:00:00","guid":{"rendered":"https:\/\/www.web-rr.de\/GHS-Buecherei\/?page_id=5718"},"modified":"2021-02-22T23:59:59","modified_gmt":"2021-02-22T23:59:59","slug":"p9783868275452","status":"publish","type":"page","link":"https:\/\/www.web-rr.de\/GHS-Buecherei\/index.php\/p9783868275452\/","title":{"rendered":"Weihnachten 31"},"content":{"rendered":"<table><tbody><tr><td class='rDTitel' colspan='2'>Weihnachten ist ein Geschenk des Himmels<\/td><\/tr><tr><td><span class='rDLabel1'>Status: <\/span><span class='rDText1Gruen'>vorhanden<\/span><\/td><td><span class='rDLabel1'>Antolin: <\/span><span class='rDText1Rot'>Quiz nicht vorhanden.<\/span><\/td><\/tr><tr><td width=50%><img src='https:\/\/www.web-rr.de\/GHS-Buecherei\/wp-content\/uploads\/9783868275452.jpg' alt=''><\/td><td><p class='rDLabel2'>von <span class='rDText2'>Lisa T. Bergren<\/span><\/p><p class='rDLabel2'>Verlag: <span class='rDText2'>Francke-Buchhandlung,  2015,  9.95 \u20ac<\/span><\/p><p class='rDLabel2'>B\u00fccherei-Barcode: <span class='rDText2'>9783868275452<\/span><\/p><p class='rDLabel2'>In der B\u00fccherei erfasst am: <span class='rDText2'>01.05.2016<\/span><\/p><p class='rDLabel2'>Stichw\u00f6rter: <span class='rDText2'>Jesus, Eisb\u00e4r, Weihnachten<\/span><\/p><p class='rDLabel2'>Lesealter ca. <span class='rDText2'>-<\/span><span class='rDLabel2'> Jahre<\/span><\/p><p class='rDLabel2'>Das Buch wurde <span class='rDText2'>0<\/span><span class='rDLabel2'> mal gelesen.<\/span><\/p><\/td><\/tr><tr><td colspan='2'><p class='rDLabel1'>Inhalt:<\/p><span class='rDText2'>\"Mama, wie war das eigentlich, als Jesus zur Welt gekommen ist?\", fragt der kleine Eisb\u00e4r seine Mutter eines Abends. Auf der Suche nach der Antwort machen die beiden sich auf den Weg. Staunend entdeckt der kleine Eisb\u00e4r Nordlichter, Sterne und Blumen im Eis. Mama B\u00e4r erkl\u00e4rt ihm, wie gro\u00df Gott ist  und wie klein er sich gemacht hat. Gemeinsam kommen sie dem Geheimnis von Weihnachten auf die Spur. Und als der kleine Eisb\u00e4r am Weihnachtsmorgen aufwacht, freut er sich, denn: \"Weihnachten ist ein Geschenk des Himmels! Auch in diesem Jahr!\"<\/span><\/td><\/tr><tr><td colspan='2'><a href='#' onclick='history.back(); return false'>Zur\u00fcck<\/a><\/td><\/tr><\/tbody><\/table>\n","protected":false},"excerpt":{"rendered":"","protected":false},"author":1,"featured_media":0,"parent":0,"menu_order":0,"comment_status":"closed","ping_status":"closed","template":"","meta":[],"_links":{"self":[{"href":"https:\/\/www.web-rr.de\/GHS-Buecherei\/index.php\/wp-json\/wp\/v2\/pages\/5718"}],"collection":[{"href":"https:\/\/www.web-rr.de\/GHS-Buecherei\/index.php\/wp-json\/wp\/v2\/pages"}],"about":[{"href":"https:\/\/www.web-rr.de\/GHS-Buecherei\/index.php\/wp-json\/wp\/v2\/types\/page"}],"author":[{"embeddable":true,"href":"https:\/\/www.web-rr.de\/GHS-Buecherei\/index.php\/wp-json\/wp\/v2\/users\/1"}],"replies":[{"embeddable":true,"href":"https:\/\/www.web-rr.de\/GHS-Buecherei\/index.php\/wp-json\/wp\/v2\/comments?post=5718"}],"version-history":[{"count":0,"href":"https:\/\/www.web-rr.de\/GHS-Buecherei\/index.php\/wp-json\/wp\/v2\/pages\/5718\/revisions"}],"wp:attachment":[{"href":"https:\/\/www.web-rr.de\/GHS-Buecherei\/index.php\/wp-json\/wp\/v2\/media?parent=5718"}],"curies":[{"name":"wp","href":"https:\/\/api.w.org\/{rel}","templated":true}]}}