{"id":5709,"date":"2021-02-23T20:00:00","date_gmt":"2021-02-23T20:00:00","guid":{"rendered":"https:\/\/www.web-rr.de\/GHS-Buecherei\/?page_id=5709"},"modified":"2021-02-22T23:59:59","modified_gmt":"2021-02-22T23:59:59","slug":"p9783702232917","status":"publish","type":"page","link":"https:\/\/www.web-rr.de\/GHS-Buecherei\/index.php\/p9783702232917\/","title":{"rendered":"Weihnachten 21"},"content":{"rendered":"<table><tbody><tr><td class='rDTitel' colspan='2'>Das Kind von Betlehem: Die Weihnachtsgeschichte illustriert mit biblischen Erz\u00e4hlfiguren<\/td><\/tr><tr><td><span class='rDLabel1'>Status: <\/span><span class='rDText1Gruen'>vorhanden<\/span><\/td><td><span class='rDLabel1'>Antolin: <\/span><span class='rDText1Rot'>Quiz nicht vorhanden.<\/span><\/td><\/tr><tr><td width=50%><img src='https:\/\/www.web-rr.de\/GHS-Buecherei\/wp-content\/uploads\/9783702232917.jpg' alt=''><\/td><td><p class='rDLabel2'>von <span class='rDText2'>Elisabeth Kollreider<\/span><\/p><p class='rDLabel2'>Verlag: <span class='rDText2'>Tyrolia Verlaganstalt,  2013,  9.95 \u20ac<\/span><\/p><p class='rDLabel2'>B\u00fccherei-Barcode: <span class='rDText2'>9783702232917<\/span><\/p><p class='rDLabel2'>In der B\u00fccherei erfasst am: <span class='rDText2'>01.03.2015<\/span><\/p><p class='rDLabel2'>Stichw\u00f6rter: <span class='rDText2'>Religion, Jesus<\/span><\/p><p class='rDLabel2'>Lesealter ca. <span class='rDText2'>-<\/span><span class='rDLabel2'> Jahre<\/span><\/p><p class='rDLabel2'>Das Buch wurde <span class='rDText2'>0<\/span><span class='rDLabel2'> mal gelesen.<\/span><\/p><\/td><\/tr><tr><td colspan='2'><p class='rDLabel1'>Inhalt:<\/p><span class='rDText2'>Ein ungew\u00f6hnliches Weihnachtsbuch f\u00fcr KinderBiblische Erz\u00e4hlfiguren sind Figuren, die durch ein biegbares Sisaldrahtgestell beweglich sind. Ihre Hartschaumk\u00f6pfe werden individuell geformt, das angedeutete Gesicht bietet viel Interpretationsspielraum. Diese Figuren werden f\u00fcr das Spielen biblischer Szenen in der Kindergartenarbeit, im Religionsunterricht, in Kindergottesdiensten und in der Erwachsenenbildung eingesetzt. Sie erm\u00f6glichen ein besonders intensives Hineinleben in die Geschichten. Das ist die Absicht dieses ungew\u00f6hnlichen Weihnachtsbuches. Die Geschichte von Maria und Josef auf ihrem Weg nach Betlehem wird in kurzen Texten beschrieben, damit die jeweiligen Figuren viel Raum f\u00fcr Interpretation und Nachfrage freilassen. Ein Buch, das durch die Art der Darstellungen anregt, im Familienkreis die Geschichte von der Geburt Jesu wieder neu zu entdecken. F\u00fcr alle, die jenseits von Kitsch eine p\u00e4dagogisch wertvolle Hilfe durch die Adventzeit suchen.<\/span><\/td><\/tr><tr><td colspan='2'><a href='#' onclick='history.back(); return false'>Zur\u00fcck<\/a><\/td><\/tr><\/tbody><\/table>\n","protected":false},"excerpt":{"rendered":"","protected":false},"author":1,"featured_media":0,"parent":0,"menu_order":0,"comment_status":"closed","ping_status":"closed","template":"","meta":[],"_links":{"self":[{"href":"https:\/\/www.web-rr.de\/GHS-Buecherei\/index.php\/wp-json\/wp\/v2\/pages\/5709"}],"collection":[{"href":"https:\/\/www.web-rr.de\/GHS-Buecherei\/index.php\/wp-json\/wp\/v2\/pages"}],"about":[{"href":"https:\/\/www.web-rr.de\/GHS-Buecherei\/index.php\/wp-json\/wp\/v2\/types\/page"}],"author":[{"embeddable":true,"href":"https:\/\/www.web-rr.de\/GHS-Buecherei\/index.php\/wp-json\/wp\/v2\/users\/1"}],"replies":[{"embeddable":true,"href":"https:\/\/www.web-rr.de\/GHS-Buecherei\/index.php\/wp-json\/wp\/v2\/comments?post=5709"}],"version-history":[{"count":0,"href":"https:\/\/www.web-rr.de\/GHS-Buecherei\/index.php\/wp-json\/wp\/v2\/pages\/5709\/revisions"}],"wp:attachment":[{"href":"https:\/\/www.web-rr.de\/GHS-Buecherei\/index.php\/wp-json\/wp\/v2\/media?parent=5709"}],"curies":[{"name":"wp","href":"https:\/\/api.w.org\/{rel}","templated":true}]}}