{"id":5705,"date":"2021-02-23T20:00:00","date_gmt":"2021-02-23T20:00:00","guid":{"rendered":"https:\/\/www.web-rr.de\/GHS-Buecherei\/?page_id=5705"},"modified":"2021-02-22T23:59:59","modified_gmt":"2021-02-22T23:59:59","slug":"p9783414821690","status":"publish","type":"page","link":"https:\/\/www.web-rr.de\/GHS-Buecherei\/index.php\/p9783414821690\/","title":{"rendered":"Weihnachten 17"},"content":{"rendered":"<table><tbody><tr><td class='rDTitel' colspan='2'>Der Weihnachtsgeschichtenkoffer: Erz\u00e4hltes, Gemaltes, Gereimtes, Ungereimtes, Irdisches und Himmlisches<\/td><\/tr><tr><td><span class='rDLabel1'>Status: <\/span><span class='rDText1Gruen'>vorhanden<\/span><\/td><td><span class='rDLabel1'>Antolin: <\/span><span class='rDText1Rot'>Quiz nicht vorhanden.<\/span><\/td><\/tr><tr><td width=50%><img src='https:\/\/www.web-rr.de\/GHS-Buecherei\/wp-content\/uploads\/9783414821690.jpg' alt=''><\/td><td><p class='rDLabel2'>von <span class='rDText2'>-<\/span><\/p><p class='rDLabel2'>Verlag: <span class='rDText2'>Bastei L\u00fcbbe (Baumhaus),  2008,  19.95 \u20ac<\/span><\/p><p class='rDLabel2'>B\u00fccherei-Barcode: <span class='rDText2'>9783414821690<\/span><\/p><p class='rDLabel2'>In der B\u00fccherei erfasst am: <span class='rDText2'>01.04.2014<\/span><\/p><p class='rDLabel2'>Stichw\u00f6rter: <span class='rDText2'>Gedichte, Nikol\u00e4usen, Kundschafterwichteln, Gef\u00fchle, Glaubenssachen<\/span><\/p><p class='rDLabel2'>Lesealter ca. <span class='rDText2'>-<\/span><span class='rDLabel2'> Jahre<\/span><\/p><p class='rDLabel2'>Das Buch wurde <span class='rDText2'>1<\/span><span class='rDLabel2'> mal gelesen.<\/span><\/p><\/td><\/tr><tr><td colspan='2'><p class='rDLabel1'>Inhalt:<\/p><span class='rDText2'>Ein ganzer Koffer voller wunderbarer Geschichten f\u00fcr die Weihnachtszeit: Von hungrigen Nikol\u00e4usen, Kundschafterwichteln, bescheidenen W\u00fcnschen, dem Hemdchen aus Liebe, Engeln auf Probe und den Strohsternen auf der Palme.Christine Kn\u00f6dler hat eine Auswahl erstklassiger Geschichten und Bilder f\u00fcr diese besondere Zeit zusammengestellt, die aus den Federn und von den Zeichenbrettern bekannter deutschsprachiger Autorinnen und Illustratoren stammen: Verena Ballhaus, Lena Ellermann, Wieland Freund, Erwin Grosche, Uwe-Michael Gutzschhahn, Rudolf Herfurtner, Ulrich Hub, Mathias Jeschke, Moidi Kretschmann, Marjaleena Lembcke, Christoph Mauz, Alois Prinz, Arne Rautenberg, J\u00fcrg Schubiger, Selda Marlin Soganci, Susanne Stra\u00dfer, Renate Welsh u. v. a.In einem solchen Koffer findet sich alles: Gew\u00fcnschtes, Vermisstes, Verlorengeglaubtes, Wiedergefundenes, Gef\u00fchle, Glaubenssachen und andere \u00dcberraschungen<\/span><\/td><\/tr><tr><td colspan='2'><a href='#' onclick='history.back(); return false'>Zur\u00fcck<\/a><\/td><\/tr><\/tbody><\/table>\n","protected":false},"excerpt":{"rendered":"","protected":false},"author":1,"featured_media":0,"parent":0,"menu_order":0,"comment_status":"closed","ping_status":"closed","template":"","meta":[],"_links":{"self":[{"href":"https:\/\/www.web-rr.de\/GHS-Buecherei\/index.php\/wp-json\/wp\/v2\/pages\/5705"}],"collection":[{"href":"https:\/\/www.web-rr.de\/GHS-Buecherei\/index.php\/wp-json\/wp\/v2\/pages"}],"about":[{"href":"https:\/\/www.web-rr.de\/GHS-Buecherei\/index.php\/wp-json\/wp\/v2\/types\/page"}],"author":[{"embeddable":true,"href":"https:\/\/www.web-rr.de\/GHS-Buecherei\/index.php\/wp-json\/wp\/v2\/users\/1"}],"replies":[{"embeddable":true,"href":"https:\/\/www.web-rr.de\/GHS-Buecherei\/index.php\/wp-json\/wp\/v2\/comments?post=5705"}],"version-history":[{"count":0,"href":"https:\/\/www.web-rr.de\/GHS-Buecherei\/index.php\/wp-json\/wp\/v2\/pages\/5705\/revisions"}],"wp:attachment":[{"href":"https:\/\/www.web-rr.de\/GHS-Buecherei\/index.php\/wp-json\/wp\/v2\/media?parent=5705"}],"curies":[{"name":"wp","href":"https:\/\/api.w.org\/{rel}","templated":true}]}}