{"id":5696,"date":"2021-02-23T20:00:00","date_gmt":"2021-02-23T20:00:00","guid":{"rendered":"https:\/\/www.web-rr.de\/GHS-Buecherei\/?page_id=5696"},"modified":"2021-02-22T23:59:59","modified_gmt":"2021-02-22T23:59:59","slug":"p9783780608444","status":"publish","type":"page","link":"https:\/\/www.web-rr.de\/GHS-Buecherei\/index.php\/p9783780608444\/","title":{"rendered":"Weihnachten 08"},"content":{"rendered":"<table><tbody><tr><td class='rDTitel' colspan='2'>Rica und die Waldweihnacht: Ein Adventskalender zum Vorlesen und Gestalten eines Fensterbildes<\/td><\/tr><tr><td><span class='rDLabel1'>Status: <\/span><span class='rDText1Gruen'>vorhanden<\/span><\/td><td><span class='rDLabel1'>Antolin: <\/span><span class='rDText1Gruen'>ja, Empfehlung Klasse 2<\/span><\/td><\/tr><tr><td width=50%><img src='https:\/\/www.web-rr.de\/GHS-Buecherei\/wp-content\/uploads\/9783780608444.jpg' alt=''><\/td><td><p class='rDLabel2'>von <span class='rDText2'>Renate Schupp<\/span><\/p><p class='rDLabel2'>Verlag: <span class='rDText2'>Kaufmann Ernst Vlg Gmbh,  2007,  12.95 \u20ac<\/span><\/p><p class='rDLabel2'>B\u00fccherei-Barcode: <span class='rDText2'>9783780608444<\/span><\/p><p class='rDLabel2'>In der B\u00fccherei erfasst am: <span class='rDText2'>01.04.2014<\/span><\/p><p class='rDLabel2'>Stichw\u00f6rter: <span class='rDText2'>Advent<\/span><\/p><p class='rDLabel2'>Lesealter ca. <span class='rDText2'>6<\/span><span class='rDLabel2'> Jahre<\/span><\/p><p class='rDLabel2'>Das Buch wurde <span class='rDText2'>1<\/span><span class='rDLabel2'> mal gelesen.<\/span><\/p><\/td><\/tr><tr><td colspan='2'><p class='rDLabel1'>Inhalt:<\/p><span class='rDText2'>Das kleine Schaf Rica wohnt bei Anton, dem alten Hirten. Sie hat viele Freunde im Wald, zum Beispiel die alte Eule und die Kra-Kra-Kr\u00e4he. An Heiligabend haben der alte Anton und Rica eine gro\u00dfe \u00dcberraschung f\u00fcr die Tiere. Rica springt vor Freude hin und her und bl\u00f6kt: \"M\u00e4h! M\u00e4h! M\u00e4h! Heute wird hier etwas WUNDERBARES passieren!\" Und als es dunkel wird und die Sterne am Himmel leuchten, erleben die Tiere ihre erste, wunderbare Waldweihnacht.Der Kalender ist mit Folienbildern ausgestattet. Zu jeder der 24 Geschichten kann das passende Bild abgezogen und am Fenster angebracht werden. So entsteht Tag um Tag ein eigenes Waldweihnacht-Fensterbild. Wenn Weihnachten dann vorbei ist, k\u00f6nnen die einzelnen Bilder auf den entsprechenden Seiten im Kalender bis zum n\u00e4chsten Jahr aufbewahrt werden.<\/span><\/td><\/tr><tr><td colspan='2'><a href='#' onclick='history.back(); return false'>Zur\u00fcck<\/a><\/td><\/tr><\/tbody><\/table>\n","protected":false},"excerpt":{"rendered":"","protected":false},"author":1,"featured_media":0,"parent":0,"menu_order":0,"comment_status":"closed","ping_status":"closed","template":"","meta":[],"_links":{"self":[{"href":"https:\/\/www.web-rr.de\/GHS-Buecherei\/index.php\/wp-json\/wp\/v2\/pages\/5696"}],"collection":[{"href":"https:\/\/www.web-rr.de\/GHS-Buecherei\/index.php\/wp-json\/wp\/v2\/pages"}],"about":[{"href":"https:\/\/www.web-rr.de\/GHS-Buecherei\/index.php\/wp-json\/wp\/v2\/types\/page"}],"author":[{"embeddable":true,"href":"https:\/\/www.web-rr.de\/GHS-Buecherei\/index.php\/wp-json\/wp\/v2\/users\/1"}],"replies":[{"embeddable":true,"href":"https:\/\/www.web-rr.de\/GHS-Buecherei\/index.php\/wp-json\/wp\/v2\/comments?post=5696"}],"version-history":[{"count":0,"href":"https:\/\/www.web-rr.de\/GHS-Buecherei\/index.php\/wp-json\/wp\/v2\/pages\/5696\/revisions"}],"wp:attachment":[{"href":"https:\/\/www.web-rr.de\/GHS-Buecherei\/index.php\/wp-json\/wp\/v2\/media?parent=5696"}],"curies":[{"name":"wp","href":"https:\/\/api.w.org\/{rel}","templated":true}]}}