{"id":5685,"date":"2021-02-23T20:00:00","date_gmt":"2021-02-23T20:00:00","guid":{"rendered":"https:\/\/www.web-rr.de\/GHS-Buecherei\/?page_id=5685"},"modified":"2021-02-22T23:59:59","modified_gmt":"2021-02-22T23:59:59","slug":"p9783499217418","status":"publish","type":"page","link":"https:\/\/www.web-rr.de\/GHS-Buecherei\/index.php\/p9783499217418\/","title":{"rendered":"Walliams 03"},"content":{"rendered":"<table><tbody><tr><td class='rDTitel' colspan='2'>Terror-Tantchen<\/td><\/tr><tr><td><span class='rDLabel1'>Status: <\/span><span class='rDText1Gruen'>vorhanden<\/span><\/td><td><span class='rDLabel1'>Antolin: <\/span><span class='rDText1Gruen'>ja, Empfehlung Klasse 6<\/span><\/td><\/tr><tr><td width=50%><img src='https:\/\/www.web-rr.de\/GHS-Buecherei\/wp-content\/uploads\/9783499217418.jpg' alt=''><\/td><td><p class='rDLabel2'>von <span class='rDText2'>David Walliams<\/span><\/p><p class='rDLabel2'>Verlag: <span class='rDText2'>Rowohlt Taschenbuch,  2016,  14.99 \u20ac<\/span><\/p><p class='rDLabel2'>B\u00fccherei-Barcode: <span class='rDText2'>9783499217418<\/span><\/p><p class='rDLabel2'>In der B\u00fccherei erfasst am: <span class='rDText2'>25.10.2018<\/span><\/p><p class='rDLabel2'>Stichw\u00f6rter: <span class='rDText2'>Erbschaft, Schloss<\/span><\/p><p class='rDLabel2'>Lesealter ca. <span class='rDText2'>10<\/span><span class='rDLabel2'> Jahre<\/span><\/p><p class='rDLabel2'>Das Buch wurde <span class='rDText2'>0<\/span><span class='rDLabel2'> mal gelesen.<\/span><\/p><\/td><\/tr><tr><td colspan='2'><p class='rDLabel1'>Inhalt:<\/p><span class='rDText2'>\u00abAlso, so schlimm ist die Tante gar nicht \u2013 sie l\u00fcgt zwar, ist verfressen, mordet und foltert \u2013, aber ansonsten ... Und ihren Uhu, den finde ich richtig toll!\u00bb (Mechthild Gro\u00dfmann)Nach dem \u00fcberraschenden Tod ihrer Eltern ist Stella Saxby pl\u00f6tzlich Erbin von Schloss Saxby Hall. Doch ihre gr\u00e4ssliche Tante Alberta und deren riesiger Berg-Uhu Wagner schrecken vor nichts zur\u00fcck, um sich die Erbschaft unter den Nagel zu rei\u00dfen. Vor gar nichts! Wie gut, dass Stella Freunde hat \u2013 wenn auch etwas spezielle Freunde: den schwerh\u00f6rigen und fast blinden alten Butler Gibbon zum Beispiel. Oder den Schornsteinfeger Ru\u00df, der ein echter Geist ist. Werden sie es schaffen, Stellas Terror-Tantchen aus Schloss Saxby Hall zu vertreiben?<\/span><\/td><\/tr><tr><td colspan='2'><a href='#' onclick='history.back(); return false'>Zur\u00fcck<\/a><\/td><\/tr><\/tbody><\/table>\n","protected":false},"excerpt":{"rendered":"","protected":false},"author":1,"featured_media":0,"parent":0,"menu_order":0,"comment_status":"closed","ping_status":"closed","template":"","meta":[],"_links":{"self":[{"href":"https:\/\/www.web-rr.de\/GHS-Buecherei\/index.php\/wp-json\/wp\/v2\/pages\/5685"}],"collection":[{"href":"https:\/\/www.web-rr.de\/GHS-Buecherei\/index.php\/wp-json\/wp\/v2\/pages"}],"about":[{"href":"https:\/\/www.web-rr.de\/GHS-Buecherei\/index.php\/wp-json\/wp\/v2\/types\/page"}],"author":[{"embeddable":true,"href":"https:\/\/www.web-rr.de\/GHS-Buecherei\/index.php\/wp-json\/wp\/v2\/users\/1"}],"replies":[{"embeddable":true,"href":"https:\/\/www.web-rr.de\/GHS-Buecherei\/index.php\/wp-json\/wp\/v2\/comments?post=5685"}],"version-history":[{"count":0,"href":"https:\/\/www.web-rr.de\/GHS-Buecherei\/index.php\/wp-json\/wp\/v2\/pages\/5685\/revisions"}],"wp:attachment":[{"href":"https:\/\/www.web-rr.de\/GHS-Buecherei\/index.php\/wp-json\/wp\/v2\/media?parent=5685"}],"curies":[{"name":"wp","href":"https:\/\/api.w.org\/{rel}","templated":true}]}}