{"id":5675,"date":"2021-02-23T20:00:00","date_gmt":"2021-02-23T20:00:00","guid":{"rendered":"https:\/\/www.web-rr.de\/GHS-Buecherei\/?page_id=5675"},"modified":"2021-02-22T23:59:59","modified_gmt":"2021-02-22T23:59:59","slug":"p9783855815357","status":"publish","type":"page","link":"https:\/\/www.web-rr.de\/GHS-Buecherei\/index.php\/p9783855815357\/","title":{"rendered":"Vorlesen 31"},"content":{"rendered":"<table><tbody><tr><td class='rDTitel' colspan='2'>Mausem\u00fcde: Das Gute-Nacht-Ideen-Buch f\u00fcr m\u00fcde M\u00e4usekinder und kluge Euleneltern<\/td><\/tr><tr><td><span class='rDLabel1'>Status: <\/span><span class='rDText1Gruen'>vorhanden<\/span><\/td><td><span class='rDLabel1'>Antolin: <\/span><span class='rDText1Rot'>Quiz nicht vorhanden.<\/span><\/td><\/tr><tr><td width=50%><img src='https:\/\/www.web-rr.de\/GHS-Buecherei\/wp-content\/uploads\/9783855815357.jpg' alt=''><\/td><td><p class='rDLabel2'>von <span class='rDText2'>Bernadette Fennand<\/span><\/p><p class='rDLabel2'>Verlag: <span class='rDText2'>Bohem Verlag,  2014,  12.95 \u20ac<\/span><\/p><p class='rDLabel2'>B\u00fccherei-Barcode: <span class='rDText2'>9783855815357<\/span><\/p><p class='rDLabel2'>In der B\u00fccherei erfasst am: <span class='rDText2'>01.03.2015<\/span><\/p><p class='rDLabel2'>Stichw\u00f6rter: <span class='rDText2'>Gute-Nacht, Gutenacht<\/span><\/p><p class='rDLabel2'>Lesealter ca. <span class='rDText2'>-<\/span><span class='rDLabel2'> Jahre<\/span><\/p><p class='rDLabel2'>Das Buch wurde <span class='rDText2'>0<\/span><span class='rDLabel2'> mal gelesen.<\/span><\/p><\/td><\/tr><tr><td colspan='2'><p class='rDLabel1'>Inhalt:<\/p><span class='rDText2'>Das Gute-Nacht-Ideen-Buch f\u00fcr m\u00fcde M\u00e4usekinder und kluge Euleneltern! \"Ich bin so mausem\u00fcde, aber ich kann gar nicht einschlafen\", klagt Matti, die Maus. Aber sie ist nicht die Einzige. All ihre Waldfreunde sind so h\u00f6rnchen-, hasen-, oder saum\u00fcde, aber keiner wei\u00df einen Rat. Zum Gl\u00fcck hat aber die weise Eule Else die Idee zur guten Nacht.Ein charmantes Buch f\u00fcr alle Kinder, die nicht gern ins Bett gehen wollen, oder schwer einschlafen k\u00f6nnen und gleichzeitig ein Ritual zum Zubettgehen. Dieses Buch mit Eulent\u00e4schchen am Leseb\u00e4ndchen bietet Eltern die M\u00f6glichkeit, ein individuelles Ende zu erfinden, passend f\u00fcr ihre eigenes Kind und je nach Bedarf des Abends. Zahlreiche Vorschl\u00e4ge finden sich am Ende des Buches.<\/span><\/td><\/tr><tr><td colspan='2'><a href='#' onclick='history.back(); return false'>Zur\u00fcck<\/a><\/td><\/tr><\/tbody><\/table>\n","protected":false},"excerpt":{"rendered":"","protected":false},"author":1,"featured_media":0,"parent":0,"menu_order":0,"comment_status":"closed","ping_status":"closed","template":"","meta":[],"_links":{"self":[{"href":"https:\/\/www.web-rr.de\/GHS-Buecherei\/index.php\/wp-json\/wp\/v2\/pages\/5675"}],"collection":[{"href":"https:\/\/www.web-rr.de\/GHS-Buecherei\/index.php\/wp-json\/wp\/v2\/pages"}],"about":[{"href":"https:\/\/www.web-rr.de\/GHS-Buecherei\/index.php\/wp-json\/wp\/v2\/types\/page"}],"author":[{"embeddable":true,"href":"https:\/\/www.web-rr.de\/GHS-Buecherei\/index.php\/wp-json\/wp\/v2\/users\/1"}],"replies":[{"embeddable":true,"href":"https:\/\/www.web-rr.de\/GHS-Buecherei\/index.php\/wp-json\/wp\/v2\/comments?post=5675"}],"version-history":[{"count":0,"href":"https:\/\/www.web-rr.de\/GHS-Buecherei\/index.php\/wp-json\/wp\/v2\/pages\/5675\/revisions"}],"wp:attachment":[{"href":"https:\/\/www.web-rr.de\/GHS-Buecherei\/index.php\/wp-json\/wp\/v2\/media?parent=5675"}],"curies":[{"name":"wp","href":"https:\/\/api.w.org\/{rel}","templated":true}]}}