{"id":5667,"date":"2021-02-23T20:00:00","date_gmt":"2021-02-23T20:00:00","guid":{"rendered":"https:\/\/www.web-rr.de\/GHS-Buecherei\/?page_id=5667"},"modified":"2021-02-22T23:59:59","modified_gmt":"2021-02-22T23:59:59","slug":"p9783407791986","status":"publish","type":"page","link":"https:\/\/www.web-rr.de\/GHS-Buecherei\/index.php\/p9783407791986\/","title":{"rendered":"Vorlesen 19"},"content":{"rendered":"<table><tbody><tr><td class='rDTitel' colspan='2'>Die geheimnisvolle Eule<\/td><\/tr><tr><td><span class='rDLabel1'>Status: <\/span><span class='rDText1Gruen'>vorhanden<\/span><\/td><td><span class='rDLabel1'>Antolin: <\/span><span class='rDText1Gruen'>ja, Empfehlung Klasse 3<\/span><\/td><\/tr><tr><td width=50%><img src='https:\/\/www.web-rr.de\/GHS-Buecherei\/wp-content\/uploads\/9783407791986.jpg' alt=''><\/td><td><p class='rDLabel2'>von <span class='rDText2'>Erwin Moser<\/span><\/p><p class='rDLabel2'>Verlag: <span class='rDText2'>Beltz und Gelberg,  1997,  6.90 \u20ac<\/span><\/p><p class='rDLabel2'>B\u00fccherei-Barcode: <span class='rDText2'>9783407791986<\/span><\/p><p class='rDLabel2'>In der B\u00fccherei erfasst am: <span class='rDText2'>01.04.2013<\/span><\/p><p class='rDLabel2'>Stichw\u00f6rter: <span class='rDText2'>Tiere, Eule<\/span><\/p><p class='rDLabel2'>Lesealter ca. <span class='rDText2'>7<\/span><span class='rDLabel2'> Jahre<\/span><\/p><p class='rDLabel2'>Das Buch wurde <span class='rDText2'>0<\/span><span class='rDLabel2'> mal gelesen.<\/span><\/p><\/td><\/tr><tr><td colspan='2'><p class='rDLabel1'>Inhalt:<\/p><span class='rDText2'>Neue Tr\u00e4ume aus Erwin Mosers Zauberk\u00fcche! Die geheimnisvolle Eule ist der 8. Band der beliebten Bilderbuchreihe. Er ist gef\u00fcllt mit k\u00f6stlichen Wundern und liebenswerten Gestalten: dem Puddingdrachen, der versessen auf Pudding ist (was sonst!), Charles, dem Strau\u00df in der Antarktis, dem sagenhaften, sehr scheuen Kugelfisch und der riesigen Trompeterblume, die nicht nur so aussieht, wie sie hei\u00dft, sondern auch tats\u00e4chlich T\u00f6ne und Melodien von sich gibt! Der kleine B\u00e4r und die Katze beobachten in ihrem Observatorium das Weltall, Dachs und Eichh\u00f6rnchen haben es gem\u00fctlich in einem Traumbaumhaus, das Stachelschwein steigt mit einer fliegenden Kiste in die Luft auf (vielleicht begegnet es dort oben einmal Nina, der wei\u00dfen Katze auf einem Hexenbesen). Und der Hund Geraldo hat auf seiner einsamen Insel die Maus Monika aus den L\u00fcften geangelt. Sie war n\u00e4mlich an drei Luftballons herangeschwebt. Hereinspaziert, Kinder und Elefanten, Damen und B\u00e4ren! In dieser Taumwelt ist nichts unm\u00f6glich.<\/span><\/td><\/tr><tr><td colspan='2'><a href='#' onclick='history.back(); return false'>Zur\u00fcck<\/a><\/td><\/tr><\/tbody><\/table>\n","protected":false},"excerpt":{"rendered":"","protected":false},"author":1,"featured_media":0,"parent":0,"menu_order":0,"comment_status":"closed","ping_status":"closed","template":"","meta":[],"_links":{"self":[{"href":"https:\/\/www.web-rr.de\/GHS-Buecherei\/index.php\/wp-json\/wp\/v2\/pages\/5667"}],"collection":[{"href":"https:\/\/www.web-rr.de\/GHS-Buecherei\/index.php\/wp-json\/wp\/v2\/pages"}],"about":[{"href":"https:\/\/www.web-rr.de\/GHS-Buecherei\/index.php\/wp-json\/wp\/v2\/types\/page"}],"author":[{"embeddable":true,"href":"https:\/\/www.web-rr.de\/GHS-Buecherei\/index.php\/wp-json\/wp\/v2\/users\/1"}],"replies":[{"embeddable":true,"href":"https:\/\/www.web-rr.de\/GHS-Buecherei\/index.php\/wp-json\/wp\/v2\/comments?post=5667"}],"version-history":[{"count":0,"href":"https:\/\/www.web-rr.de\/GHS-Buecherei\/index.php\/wp-json\/wp\/v2\/pages\/5667\/revisions"}],"wp:attachment":[{"href":"https:\/\/www.web-rr.de\/GHS-Buecherei\/index.php\/wp-json\/wp\/v2\/media?parent=5667"}],"curies":[{"name":"wp","href":"https:\/\/api.w.org\/{rel}","templated":true}]}}