{"id":5652,"date":"2021-02-23T20:00:00","date_gmt":"2021-02-23T20:00:00","guid":{"rendered":"https:\/\/www.web-rr.de\/GHS-Buecherei\/?page_id=5652"},"modified":"2021-02-22T23:59:59","modified_gmt":"2021-02-22T23:59:59","slug":"p9783522502559","status":"publish","type":"page","link":"https:\/\/www.web-rr.de\/GHS-Buecherei\/index.php\/p9783522502559\/","title":{"rendered":"Tiere 103"},"content":{"rendered":"<table><tbody><tr><td class='rDTitel' colspan='2'>Unsere Tierklinik 2: K\u00e4tzchen vermisst - Mit s\u00fcssen Stickern und Tiersteckbrief, Unsere Tierklinik 2<\/td><\/tr><tr><td><span class='rDLabel1'>Status: <\/span><span class='rDText1Gruen'>vorhanden<\/span><\/td><td><span class='rDLabel1'>Antolin: <\/span><span class='rDText1Gruen'>ja, Empfehlung Klasse 4<\/span><\/td><\/tr><tr><td width=50%><img src='https:\/\/www.web-rr.de\/GHS-Buecherei\/wp-content\/uploads\/9783522502559.jpg' alt=''><\/td><td><p class='rDLabel2'>von <span class='rDText2'>Tatjana Ge\u00dfler<\/span><\/p><p class='rDLabel2'>Verlag: <span class='rDText2'>Planet! in der Thienemann-Esslinger Verlag GmbH,  2011,  8.20 \u20ac<\/span><\/p><p class='rDLabel2'>B\u00fccherei-Barcode: <span class='rDText2'>9783522502559<\/span><\/p><p class='rDLabel2'>In der B\u00fccherei erfasst am: <span class='rDText2'>16.11.2020<\/span><\/p><p class='rDLabel2'>Stichw\u00f6rter: <span class='rDText2'>Tierarzt, Katze, Tierf\u00e4nger, Spannung<\/span><\/p><p class='rDLabel2'>Lesealter ca. <span class='rDText2'>8<\/span><span class='rDLabel2'> Jahre<\/span><\/p><p class='rDLabel2'>Das Buch wurde <span class='rDText2'>0<\/span><span class='rDLabel2'> mal gelesen.<\/span><\/p><\/td><\/tr><tr><td colspan='2'><p class='rDLabel1'>Inhalt:<\/p><span class='rDText2'>Die Tierarztserie f\u00fcr M\u00e4dchen Ein Herz f\u00fcr Tiere\n\r\n\rMaries gr\u00f6\u00dfter Traum ist es, Tier\u00e4rztin zu werden. Tierbabys mit der Flasche aufp\u00e4ppeln, Verb\u00e4nde anlegen, Fieber messen - bei ihrem Vater in der Tierklinik ist Marie schon jetzt unverzichtbar. Und dank ihres Sp\u00fcrsinns retten sie und ihre beste Freundin Maike viele Tiere in Not. K\u00e4tzchen vermisst! Noch nie haben so viele verzweifelte Katzenbesitzer in der Tierklinik Hilfe gesucht. Als immer mehr Katzen verschwinden, werden Marie und Maike misstrauisch. Und tats\u00e4chlich: Die Hinweise verdichten sich, dass ein Tierf\u00e4nger sein Unwesen in der Gegend treibt. Unsere Tierklinik\" - Spannende Abenteuer f\u00fcr Tierfreunde ab 8 Jahren\n\r\n\r\u00bbVorwort\u00ab\n\rDie Tierarztserie f\u00fcr M\u00e4dchen Ein Herz f\u00fcr Tiere\n\r\n\r<\/span><\/td><\/tr><tr><td colspan='2'><a href='#' onclick='history.back(); return false'>Zur\u00fcck<\/a><\/td><\/tr><\/tbody><\/table>\n","protected":false},"excerpt":{"rendered":"","protected":false},"author":1,"featured_media":0,"parent":0,"menu_order":0,"comment_status":"closed","ping_status":"closed","template":"","meta":[],"_links":{"self":[{"href":"https:\/\/www.web-rr.de\/GHS-Buecherei\/index.php\/wp-json\/wp\/v2\/pages\/5652"}],"collection":[{"href":"https:\/\/www.web-rr.de\/GHS-Buecherei\/index.php\/wp-json\/wp\/v2\/pages"}],"about":[{"href":"https:\/\/www.web-rr.de\/GHS-Buecherei\/index.php\/wp-json\/wp\/v2\/types\/page"}],"author":[{"embeddable":true,"href":"https:\/\/www.web-rr.de\/GHS-Buecherei\/index.php\/wp-json\/wp\/v2\/users\/1"}],"replies":[{"embeddable":true,"href":"https:\/\/www.web-rr.de\/GHS-Buecherei\/index.php\/wp-json\/wp\/v2\/comments?post=5652"}],"version-history":[{"count":0,"href":"https:\/\/www.web-rr.de\/GHS-Buecherei\/index.php\/wp-json\/wp\/v2\/pages\/5652\/revisions"}],"wp:attachment":[{"href":"https:\/\/www.web-rr.de\/GHS-Buecherei\/index.php\/wp-json\/wp\/v2\/media?parent=5652"}],"curies":[{"name":"wp","href":"https:\/\/api.w.org\/{rel}","templated":true}]}}