{"id":5648,"date":"2021-02-23T20:00:00","date_gmt":"2021-02-23T20:00:00","guid":{"rendered":"https:\/\/www.web-rr.de\/GHS-Buecherei\/?page_id=5648"},"modified":"2021-02-22T23:59:59","modified_gmt":"2021-02-22T23:59:59","slug":"p9783866856202","status":"publish","type":"page","link":"https:\/\/www.web-rr.de\/GHS-Buecherei\/index.php\/p9783866856202\/","title":{"rendered":"Tiere 99"},"content":{"rendered":"<table><tbody><tr><td class='rDTitel' colspan='2'>Der kleine Tuffeltaffel<\/td><\/tr><tr><td><span class='rDLabel1'>Status: <\/span><span class='rDText1Gruen'>vorhanden<\/span><\/td><td><span class='rDLabel1'>Antolin: <\/span><span class='rDText1Rot'>Quiz nicht vorhanden.<\/span><\/td><\/tr><tr><td width=50%><img src='https:\/\/www.web-rr.de\/GHS-Buecherei\/wp-content\/uploads\/9783866856202.jpg' alt=''><\/td><td><p class='rDLabel2'>von <span class='rDText2'>Ingrid Ihben<\/span><\/p><p class='rDLabel2'>Verlag: <span class='rDText2'>Geest-Verlag GmbH,  2017,  12.00 \u20ac<\/span><\/p><p class='rDLabel2'>B\u00fccherei-Barcode: <span class='rDText2'>9783866856202<\/span><\/p><p class='rDLabel2'>In der B\u00fccherei erfasst am: <span class='rDText2'>25.08.2020<\/span><\/p><p class='rDLabel2'>Stichw\u00f6rter: <span class='rDText2'>Gef\u00fchle, Entwicklung, Pers\u00f6nlichkeit<\/span><\/p><p class='rDLabel2'>Lesealter ca. <span class='rDText2'>8<\/span><span class='rDLabel2'> Jahre<\/span><\/p><p class='rDLabel2'>Das Buch wurde <span class='rDText2'>0<\/span><span class='rDLabel2'> mal gelesen.<\/span><\/p><\/td><\/tr><tr><td colspan='2'><p class='rDLabel1'>Inhalt:<\/p><span class='rDText2'>in der Tradition aller uns bekannten Kulturen spielen Tiere eine besondere Rolle. M\u00e4rchen und Fabeln in allen L\u00e4ndern der Erde verdeutlichen das. Viele Erfindungen konnten nur durch die Inspiration des Menschen durch Tiere entstehen. Im Laufe der Zeit wurden Pferde domestiziert, damit die Menschen schneller gr\u00f6\u00dfere Entfernungen \u00fcberwinden konnten. Sp\u00e4ter besch\u00e4ftigten sich Erfinder damit, das Tempo noch weiter zu steigern - schon war das Automobil erfunden. Bezeichnenderweise wird die Leistung dieser Motoren nach wie vor in 'Pferdest\u00e4rken' gemessen. Die V\u00f6gel haben nicht allein bei Ikarus die Sehnsucht des Fliegens erweckt - Flugzeuge waren die logische Entwicklung. Und wer h\u00e4tte uns besser dazu inspirieren k\u00f6nnen, Schiffe und U-Boote zu bauen als die Bewohner der Meere? Bis heute h\u00f6ren wir fast t\u00e4glich von dem, was wir noch immer von den Tieren lernen k\u00f6nnen, etwa das Radarsystem von Flederm\u00e4usen, die \u00dcberlebensf\u00e4higkeit von Fischen in unvorstellbaren Tiefen, die \u00dcberlebenstechniken von Tieren in Trockenzeiten oder in katastrophalen Umweltsituationen und vieles mehr. Dieses Buch dient in erster Linie der Unterhaltung, soll aber zugleich zum Nachdenken anregen. Seine Leser sollen nicht nur Kinder sein, sondern auch Erwachsene, die sich noch ein wenig von der unschuldigen Neugier ihrer Kindheit bewahrt haben. Das Buch handelt von einem kleinen Tuffeltaffel, der sich jeden Wunsch erf\u00fcllen kann und trotzdem unzufrieden ist. Der Leser bekommt durch diese Geschichte eine etwas andere Sicht auf den 'Blauen Planeten'.Tiere spielen dabei eine zentrale Rolle.\n\r\n\r<\/span><\/td><\/tr><tr><td colspan='2'><a href='#' onclick='history.back(); return false'>Zur\u00fcck<\/a><\/td><\/tr><\/tbody><\/table>\n","protected":false},"excerpt":{"rendered":"","protected":false},"author":1,"featured_media":0,"parent":0,"menu_order":0,"comment_status":"closed","ping_status":"closed","template":"","meta":[],"_links":{"self":[{"href":"https:\/\/www.web-rr.de\/GHS-Buecherei\/index.php\/wp-json\/wp\/v2\/pages\/5648"}],"collection":[{"href":"https:\/\/www.web-rr.de\/GHS-Buecherei\/index.php\/wp-json\/wp\/v2\/pages"}],"about":[{"href":"https:\/\/www.web-rr.de\/GHS-Buecherei\/index.php\/wp-json\/wp\/v2\/types\/page"}],"author":[{"embeddable":true,"href":"https:\/\/www.web-rr.de\/GHS-Buecherei\/index.php\/wp-json\/wp\/v2\/users\/1"}],"replies":[{"embeddable":true,"href":"https:\/\/www.web-rr.de\/GHS-Buecherei\/index.php\/wp-json\/wp\/v2\/comments?post=5648"}],"version-history":[{"count":0,"href":"https:\/\/www.web-rr.de\/GHS-Buecherei\/index.php\/wp-json\/wp\/v2\/pages\/5648\/revisions"}],"wp:attachment":[{"href":"https:\/\/www.web-rr.de\/GHS-Buecherei\/index.php\/wp-json\/wp\/v2\/media?parent=5648"}],"curies":[{"name":"wp","href":"https:\/\/api.w.org\/{rel}","templated":true}]}}