{"id":5646,"date":"2021-02-23T20:00:00","date_gmt":"2021-02-23T20:00:00","guid":{"rendered":"https:\/\/www.web-rr.de\/GHS-Buecherei\/?page_id=5646"},"modified":"2021-02-22T23:59:59","modified_gmt":"2021-02-22T23:59:59","slug":"p9783401603025","status":"publish","type":"page","link":"https:\/\/www.web-rr.de\/GHS-Buecherei\/index.php\/p9783401603025\/","title":{"rendered":"Tiere 97"},"content":{"rendered":"<table><tbody><tr><td class='rDTitel' colspan='2'>Poldi und Partner (2). Ein Pinguin geht baden<\/td><\/tr><tr><td><span class='rDLabel1'>Status: <\/span><span class='rDText1Rot'>ausgeliehen<\/span><\/td><td><span class='rDLabel1'>Antolin: <\/span><span class='rDText1Gruen'>ja, Empfehlung Klasse 4<\/span><\/td><\/tr><tr><td width=50%><img src='https:\/\/www.web-rr.de\/GHS-Buecherei\/wp-content\/uploads\/9783401603025.jpg' alt=''><\/td><td><p class='rDLabel2'>von <span class='rDText2'>Alice Panterm\u00fcller<\/span><\/p><p class='rDLabel2'>Verlag: <span class='rDText2'>Arena Verlag GmbH,  2018,  12.00 \u20ac<\/span><\/p><p class='rDLabel2'>B\u00fccherei-Barcode: <span class='rDText2'>9783401603025<\/span><\/p><p class='rDLabel2'>In der B\u00fccherei erfasst am: <span class='rDText2'>25.08.2020<\/span><\/p><p class='rDLabel2'>Stichw\u00f6rter: <span class='rDText2'>Abenteuer, Witzig, Verschw\u00f6rung<\/span><\/p><p class='rDLabel2'>Lesealter ca. <span class='rDText2'>8<\/span><span class='rDLabel2'> Jahre<\/span><\/p><p class='rDLabel2'>Das Buch wurde <span class='rDText2'>0<\/span><span class='rDLabel2'> mal gelesen.<\/span><\/p><\/td><\/tr><tr><td colspan='2'><p class='rDLabel1'>Inhalt:<\/p><span class='rDText2'>Ein neues, tierisch witziges Abenteuer von \"Mein Lotta-Leben\"-Autorin Alice Panterm\u00fcller: ideal zum Lesen und Vorlesen Platsch! Meerschweinchen Poldi traut seinen Augen nicht: Pl\u00f6tzlich schwimmt da ein flauschiges Etwas in der Badewanne neben seinem Gehege. Wo im Himmel kommt das kleine Tier nur her? W\u00e4hrend Schildkr\u00f6te Serafine das niedliche Wollkn\u00e4uel am liebsten adoptieren m\u00f6chte, wittert \u00c4ffchen Parker sofort ein gro\u00dfes Abenteuer. Das kleine Ding kommt bestimmt aus dem Dschungel! Und dahin m\u00fcssen Poldi und seine Partner es unbedingt zur\u00fcckbringen. Koste es, was es wolle! Doch das ist gar nicht so einfach. Denn weder kennen sie den Weg zum Dschungel noch ahnen die Freunde, welch gro\u00dfer Tier-Verschw\u00f6rung sie auf der Spur sind.\n\r\n\r<\/span><\/td><\/tr><tr><td colspan='2'><a href='#' onclick='history.back(); return false'>Zur\u00fcck<\/a><\/td><\/tr><\/tbody><\/table>\n","protected":false},"excerpt":{"rendered":"","protected":false},"author":1,"featured_media":0,"parent":0,"menu_order":0,"comment_status":"closed","ping_status":"closed","template":"","meta":[],"_links":{"self":[{"href":"https:\/\/www.web-rr.de\/GHS-Buecherei\/index.php\/wp-json\/wp\/v2\/pages\/5646"}],"collection":[{"href":"https:\/\/www.web-rr.de\/GHS-Buecherei\/index.php\/wp-json\/wp\/v2\/pages"}],"about":[{"href":"https:\/\/www.web-rr.de\/GHS-Buecherei\/index.php\/wp-json\/wp\/v2\/types\/page"}],"author":[{"embeddable":true,"href":"https:\/\/www.web-rr.de\/GHS-Buecherei\/index.php\/wp-json\/wp\/v2\/users\/1"}],"replies":[{"embeddable":true,"href":"https:\/\/www.web-rr.de\/GHS-Buecherei\/index.php\/wp-json\/wp\/v2\/comments?post=5646"}],"version-history":[{"count":0,"href":"https:\/\/www.web-rr.de\/GHS-Buecherei\/index.php\/wp-json\/wp\/v2\/pages\/5646\/revisions"}],"wp:attachment":[{"href":"https:\/\/www.web-rr.de\/GHS-Buecherei\/index.php\/wp-json\/wp\/v2\/media?parent=5646"}],"curies":[{"name":"wp","href":"https:\/\/api.w.org\/{rel}","templated":true}]}}