{"id":5643,"date":"2021-02-23T20:00:00","date_gmt":"2021-02-23T20:00:00","guid":{"rendered":"https:\/\/www.web-rr.de\/GHS-Buecherei\/?page_id=5643"},"modified":"2021-02-22T23:59:59","modified_gmt":"2021-02-22T23:59:59","slug":"p9783744855143","status":"publish","type":"page","link":"https:\/\/www.web-rr.de\/GHS-Buecherei\/index.php\/p9783744855143\/","title":{"rendered":"Tiere 94"},"content":{"rendered":"<table><tbody><tr><td class='rDTitel' colspan='2'>Harti Hoppel blickt durch<\/td><\/tr><tr><td><span class='rDLabel1'>Status: <\/span><span class='rDText1Gruen'>vorhanden<\/span><\/td><td><span class='rDLabel1'>Antolin: <\/span><span class='rDText1Rot'>Quiz nicht vorhanden.<\/span><\/td><\/tr><tr><td width=50%><img src='https:\/\/www.web-rr.de\/GHS-Buecherei\/wp-content\/uploads\/9783744855143.jpg' alt=''><\/td><td><p class='rDLabel2'>von <span class='rDText2'>Ben Weber<\/span><\/p><p class='rDLabel2'>Verlag: <span class='rDText2'>Books On Demand,  2017,  14.99 \u20ac<\/span><\/p><p class='rDLabel2'>B\u00fccherei-Barcode: <span class='rDText2'>9783744855143<\/span><\/p><p class='rDLabel2'>In der B\u00fccherei erfasst am: <span class='rDText2'>13.01.2020<\/span><\/p><p class='rDLabel2'>Stichw\u00f6rter: <span class='rDText2'> Klugheit, Ausdauer, Mut, Mitgef\u00fchl, Freunde, Fuchs, Karnickel<\/span><\/p><p class='rDLabel2'>Lesealter ca. <span class='rDText2'>7<\/span><span class='rDLabel2'> Jahre<\/span><\/p><p class='rDLabel2'>Das Buch wurde <span class='rDText2'>0<\/span><span class='rDLabel2'> mal gelesen.<\/span><\/p><\/td><\/tr><tr><td colspan='2'><p class='rDLabel1'>Inhalt:<\/p><span class='rDText2'>Wie sagt der alte Fuchs Mojo zu seinem Sohn Rojo so treffend: Ameisenpopel noch eins! Wie oft hab ich dir schon gesagt, du sollst andere nicht nach ihrer \u00e4u\u00dferen Erscheinung beurteilen! Das Langohrm\u00e4dchen ist mutig und schlau. Und wenn sie beim Hoppeln etwas hinkt, ist es vielleicht ein Vorteil f\u00fcr sie, weil sie sich anders bewegt, als du erwartest. Die Heldin unserer Geschichte, das hinkende Karnickelm\u00e4dchen Harti Hoppel tr\u00e4gt weder M\u00fctze noch H\u00f6schen, beherrscht keine Zaubertricks und heckt auch keine Streiche aus. Daf\u00fcr besitzt sie andere Merkmale: Wundersch\u00f6ne bunte Augen, Klugheit, gro\u00dfe Ausdauer, Mut und viel Mitgef\u00fchl. Mit diesen Eigenschaften und der Unterst\u00fctzung ihrer Freunde \u00fcbersteht sie aufregende Abenteuer.\n\r\n\r<\/span><\/td><\/tr><tr><td colspan='2'><a href='#' onclick='history.back(); return false'>Zur\u00fcck<\/a><\/td><\/tr><\/tbody><\/table>\n","protected":false},"excerpt":{"rendered":"","protected":false},"author":1,"featured_media":0,"parent":0,"menu_order":0,"comment_status":"closed","ping_status":"closed","template":"","meta":[],"_links":{"self":[{"href":"https:\/\/www.web-rr.de\/GHS-Buecherei\/index.php\/wp-json\/wp\/v2\/pages\/5643"}],"collection":[{"href":"https:\/\/www.web-rr.de\/GHS-Buecherei\/index.php\/wp-json\/wp\/v2\/pages"}],"about":[{"href":"https:\/\/www.web-rr.de\/GHS-Buecherei\/index.php\/wp-json\/wp\/v2\/types\/page"}],"author":[{"embeddable":true,"href":"https:\/\/www.web-rr.de\/GHS-Buecherei\/index.php\/wp-json\/wp\/v2\/users\/1"}],"replies":[{"embeddable":true,"href":"https:\/\/www.web-rr.de\/GHS-Buecherei\/index.php\/wp-json\/wp\/v2\/comments?post=5643"}],"version-history":[{"count":0,"href":"https:\/\/www.web-rr.de\/GHS-Buecherei\/index.php\/wp-json\/wp\/v2\/pages\/5643\/revisions"}],"wp:attachment":[{"href":"https:\/\/www.web-rr.de\/GHS-Buecherei\/index.php\/wp-json\/wp\/v2\/media?parent=5643"}],"curies":[{"name":"wp","href":"https:\/\/api.w.org\/{rel}","templated":true}]}}