{"id":5637,"date":"2021-02-23T20:00:00","date_gmt":"2021-02-23T20:00:00","guid":{"rendered":"https:\/\/www.web-rr.de\/GHS-Buecherei\/?page_id=5637"},"modified":"2021-02-22T23:59:59","modified_gmt":"2021-02-22T23:59:59","slug":"p9783446245174","status":"publish","type":"page","link":"https:\/\/www.web-rr.de\/GHS-Buecherei\/index.php\/p9783446245174\/","title":{"rendered":"Tiere 88"},"content":{"rendered":"<table><tbody><tr><td class='rDTitel' colspan='2'>Ich bin hier blo\u00df der Hamster<\/td><\/tr><tr><td><span class='rDLabel1'>Status: <\/span><span class='rDText1Gruen'>vorhanden<\/span><\/td><td><span class='rDLabel1'>Antolin: <\/span><span class='rDText1Gruen'>ja, Empfehlung Klasse 4<\/span><\/td><\/tr><tr><td width=50%><img src='https:\/\/www.web-rr.de\/GHS-Buecherei\/wp-content\/uploads\/9783446245174.jpg' alt=''><\/td><td><p class='rDLabel2'>von <span class='rDText2'>Friedbert Stohner<\/span><\/p><p class='rDLabel2'>Verlag: <span class='rDText2'>Carl Hanser Verlag GmbH & Co. KG,  2014,  10.00 \u20ac<\/span><\/p><p class='rDLabel2'>B\u00fccherei-Barcode: <span class='rDText2'>9783446245174<\/span><\/p><p class='rDLabel2'>In der B\u00fccherei erfasst am: <span class='rDText2'>14.01.2019<\/span><\/p><p class='rDLabel2'>Stichw\u00f6rter: <span class='rDText2'>Menschenkenntnis, Vergn\u00fcgen<\/span><\/p><p class='rDLabel2'>Lesealter ca. <span class='rDText2'>8<\/span><span class='rDLabel2'> Jahre<\/span><\/p><p class='rDLabel2'>Das Buch wurde <span class='rDText2'>0<\/span><span class='rDLabel2'> mal gelesen.<\/span><\/p><\/td><\/tr><tr><td colspan='2'><p class='rDLabel1'>Inhalt:<\/p><span class='rDText2'>Hamster Oleg wei\u00df genau, wie seine Menschen ticken. Ihm entgeht nichts, und er bekommt, was er haben will. Wie das geht? Bei M\u00e4dchen so: \"Du legst das K\u00f6pfchen schief und schaust sie aus gro\u00dfen Kulleraugen an.\" Und so bei Jungs: \"Du haust dich ins Laufrad und legst los.\" Kinder lieben Haustiere auf ihre Weise \u2013 und umgekehrt. Hamster Oleg ist ganz nahe dran am Alltag seiner Familie. Er kriegt alles mit, und er wei\u00df genau, wer welche Rolle spielt. Ein solcher Hamster verf\u00fcgt \u00fcber eine gro\u00dfe Menschenkenntnis, und deshalb ist es ein Vergn\u00fcgen, mit Oleg \u00fcber die Menschen zu schmunzeln, den Kopf zu sch\u00fctteln und lauthals zu lachen. Ein bezauberndes Kinderbuch f\u00fcr alle, die Tiere lieben.<\/span><\/td><\/tr><tr><td colspan='2'><a href='#' onclick='history.back(); return false'>Zur\u00fcck<\/a><\/td><\/tr><\/tbody><\/table>\n","protected":false},"excerpt":{"rendered":"","protected":false},"author":1,"featured_media":0,"parent":0,"menu_order":0,"comment_status":"closed","ping_status":"closed","template":"","meta":[],"_links":{"self":[{"href":"https:\/\/www.web-rr.de\/GHS-Buecherei\/index.php\/wp-json\/wp\/v2\/pages\/5637"}],"collection":[{"href":"https:\/\/www.web-rr.de\/GHS-Buecherei\/index.php\/wp-json\/wp\/v2\/pages"}],"about":[{"href":"https:\/\/www.web-rr.de\/GHS-Buecherei\/index.php\/wp-json\/wp\/v2\/types\/page"}],"author":[{"embeddable":true,"href":"https:\/\/www.web-rr.de\/GHS-Buecherei\/index.php\/wp-json\/wp\/v2\/users\/1"}],"replies":[{"embeddable":true,"href":"https:\/\/www.web-rr.de\/GHS-Buecherei\/index.php\/wp-json\/wp\/v2\/comments?post=5637"}],"version-history":[{"count":0,"href":"https:\/\/www.web-rr.de\/GHS-Buecherei\/index.php\/wp-json\/wp\/v2\/pages\/5637\/revisions"}],"wp:attachment":[{"href":"https:\/\/www.web-rr.de\/GHS-Buecherei\/index.php\/wp-json\/wp\/v2\/media?parent=5637"}],"curies":[{"name":"wp","href":"https:\/\/api.w.org\/{rel}","templated":true}]}}