{"id":5623,"date":"2021-02-23T20:00:00","date_gmt":"2021-02-23T20:00:00","guid":{"rendered":"https:\/\/www.web-rr.de\/GHS-Buecherei\/?page_id=5623"},"modified":"2021-02-22T23:59:59","modified_gmt":"2021-02-22T23:59:59","slug":"p9783551652737","status":"publish","type":"page","link":"https:\/\/www.web-rr.de\/GHS-Buecherei\/index.php\/p9783551652737\/","title":{"rendered":"Tiere 74"},"content":{"rendered":"<table><tbody><tr><td class='rDTitel' colspan='2'>Die Schule der magischen Tiere 3: Licht aus!<\/td><\/tr><tr><td><span class='rDLabel1'>Status: <\/span><span class='rDText1Gruen'>vorhanden<\/span><\/td><td><span class='rDLabel1'>Antolin: <\/span><span class='rDText1Gruen'>ja, Empfehlung Klasse 4<\/span><\/td><\/tr><tr><td width=50%><img src='https:\/\/www.web-rr.de\/GHS-Buecherei\/wp-content\/uploads\/9783551652737.jpg' alt=''><\/td><td><p class='rDLabel2'>von <span class='rDText2'>Margit Auer und Nina Dulleck<\/span><\/p><p class='rDLabel2'>Verlag: <span class='rDText2'>Carlsen Verlag GmbH,  2015,  9.99 \u20ac<\/span><\/p><p class='rDLabel2'>B\u00fccherei-Barcode: <span class='rDText2'>9783551652737<\/span><\/p><p class='rDLabel2'>In der B\u00fccherei erfasst am: <span class='rDText2'>09.10.2018<\/span><\/p><p class='rDLabel2'>Stichw\u00f6rter: <span class='rDText2'>Fantasie, Fledermaus<\/span><\/p><p class='rDLabel2'>Lesealter ca. <span class='rDText2'>8<\/span><span class='rDLabel2'> Jahre<\/span><\/p><p class='rDLabel2'>Das Buch wurde <span class='rDText2'>16<\/span><span class='rDLabel2'> mal gelesen.<\/span><\/p><\/td><\/tr><tr><td colspan='2'><p class='rDLabel1'>Inhalt:<\/p><span class='rDText2'>Wer in der Klasse wird heute ein magisches, sprechendes Tier erhalten? *** Als Eddie die witzige Fledermaus Eugenia bekommt, w\u00e4ren alle aus der Klasse gern an seiner Stelle. Fast alle. Ein M\u00e4dchen n\u00e4mlich will gar kein magisches Tier haben. Ob die Lehrerin Miss Cornfield damit einverstanden ist? Die gro\u00dfe Lesenacht steht an. Doch f\u00fcr einige Kinder nimmt der Abend eine gef\u00e4hrliche Wendung: Sie finden sich im gruseligen \u201eKeller des Grauens\u201c wieder \u2013 gefangen tief unter der Schule. K\u00f6nnen die magischen Tiere ihnen helfen? *** DIE SCHULE DER MAGISCHEN TIERE Band 3: Diese Schule birgt ein Geheimnis: Wer Gl\u00fcck hat, findet hier den besten Freund, den es auf der Welt gibt. Ein magisches Tier. Ein Tier, das sprechen kann. Wenn es zu dir geh\u00f6rt ... *** Viele Bilder, viele kurze Kapitel, viel Lesespa\u00df! Der dritte Band der beliebten Bestseller-Reihe!<\/span><\/td><\/tr><tr><td colspan='2'><a href='#' onclick='history.back(); return false'>Zur\u00fcck<\/a><\/td><\/tr><\/tbody><\/table>\n","protected":false},"excerpt":{"rendered":"","protected":false},"author":1,"featured_media":0,"parent":0,"menu_order":0,"comment_status":"closed","ping_status":"closed","template":"","meta":[],"_links":{"self":[{"href":"https:\/\/www.web-rr.de\/GHS-Buecherei\/index.php\/wp-json\/wp\/v2\/pages\/5623"}],"collection":[{"href":"https:\/\/www.web-rr.de\/GHS-Buecherei\/index.php\/wp-json\/wp\/v2\/pages"}],"about":[{"href":"https:\/\/www.web-rr.de\/GHS-Buecherei\/index.php\/wp-json\/wp\/v2\/types\/page"}],"author":[{"embeddable":true,"href":"https:\/\/www.web-rr.de\/GHS-Buecherei\/index.php\/wp-json\/wp\/v2\/users\/1"}],"replies":[{"embeddable":true,"href":"https:\/\/www.web-rr.de\/GHS-Buecherei\/index.php\/wp-json\/wp\/v2\/comments?post=5623"}],"version-history":[{"count":0,"href":"https:\/\/www.web-rr.de\/GHS-Buecherei\/index.php\/wp-json\/wp\/v2\/pages\/5623\/revisions"}],"wp:attachment":[{"href":"https:\/\/www.web-rr.de\/GHS-Buecherei\/index.php\/wp-json\/wp\/v2\/media?parent=5623"}],"curies":[{"name":"wp","href":"https:\/\/api.w.org\/{rel}","templated":true}]}}