{"id":5620,"date":"2021-02-23T20:00:00","date_gmt":"2021-02-23T20:00:00","guid":{"rendered":"https:\/\/www.web-rr.de\/GHS-Buecherei\/?page_id=5620"},"modified":"2021-02-22T23:59:59","modified_gmt":"2021-02-22T23:59:59","slug":"p9789995999902","status":"publish","type":"page","link":"https:\/\/www.web-rr.de\/GHS-Buecherei\/index.php\/p9789995999902\/","title":{"rendered":"Tiere 71"},"content":{"rendered":"<table><tbody><tr><td class='rDTitel' colspan='2'>Pirat oder Seer\u00e4uber sterben nie<\/td><\/tr><tr><td><span class='rDLabel1'>Status: <\/span><span class='rDText1Gruen'>vorhanden<\/span><\/td><td><span class='rDLabel1'>Antolin: <\/span><span class='rDText1Rot'>Quiz nicht vorhanden.<\/span><\/td><\/tr><tr><td width=50%><img src='https:\/\/www.web-rr.de\/GHS-Buecherei\/wp-content\/uploads\/9789995999902.jpg' alt=''><\/td><td><p class='rDLabel2'>von <span class='rDText2'>Bernd M Gonner und Eva Jim\u00e9nez Ceballos<\/span><\/p><p class='rDLabel2'>Verlag: <span class='rDText2'>Editioun Bicherhaischen,  2017,  15.00 \u20ac<\/span><\/p><p class='rDLabel2'>B\u00fccherei-Barcode: <span class='rDText2'>9789995999902<\/span><\/p><p class='rDLabel2'>In der B\u00fccherei erfasst am: <span class='rDText2'>04.08.2018<\/span><\/p><p class='rDLabel2'>Stichw\u00f6rter: <span class='rDText2'>Abenteuer, Igel<\/span><\/p><p class='rDLabel2'>Lesealter ca. <span class='rDText2'>-<\/span><span class='rDLabel2'> Jahre<\/span><\/p><p class='rDLabel2'>Das Buch wurde <span class='rDText2'>1<\/span><span class='rDLabel2'> mal gelesen.<\/span><\/p><\/td><\/tr><tr><td colspan='2'><p class='rDLabel1'>Inhalt:<\/p><span class='rDText2'>Pirat wird man, wenn man von der Mauer springt und sich das Bein bricht - auch wenn dann statt eines Holzbeins nur ein Hinkebein auf einen wartet. Jedenfalls tauft Paul den humpelnden Igel mit dem kaputten Bein so, den er bei der Gartenmauer entdeckt. Zwischen Holzh\u00fctte und Nussbaum beginnt f\u00fcr beide das Abenteuer des Seer\u00e4uberlebens - bis mit Dreckigem Pfennig ein Igel aus dem Wald auftaucht und f\u00fcr Pirat das Einfache kompliziert wird. Ist Zuhause dort, wo der Laubhaufen f\u00fcr den letzten ewigen Igelwinter wartet, wo im Sommer die Lagerfeuer bis fast hinauf zu den Sternen lodern und die Taschentuchflaggen im Wind wehen, oder dort, wo man mit den anderen Igeln durchs Unterholz r\u00e4ubert? Gemeinsame Wege trennen sich, und Pirat sieht sein Schiff nur noch aus der Ferne. Die L\u00f6sung ist schlie\u00dflich, wie bei fast allen komplizierten Sachen, einfach und das Gl\u00fcck doppelt gro\u00df: Die Lagerfeuer lodern oben im Wald und unten auf der Wiese, und wer zweimal von der Mauer springt, lernt am Ende mit Menschenworten sprechen.<\/span><\/td><\/tr><tr><td colspan='2'><a href='#' onclick='history.back(); return false'>Zur\u00fcck<\/a><\/td><\/tr><\/tbody><\/table>\n","protected":false},"excerpt":{"rendered":"","protected":false},"author":1,"featured_media":0,"parent":0,"menu_order":0,"comment_status":"closed","ping_status":"closed","template":"","meta":[],"_links":{"self":[{"href":"https:\/\/www.web-rr.de\/GHS-Buecherei\/index.php\/wp-json\/wp\/v2\/pages\/5620"}],"collection":[{"href":"https:\/\/www.web-rr.de\/GHS-Buecherei\/index.php\/wp-json\/wp\/v2\/pages"}],"about":[{"href":"https:\/\/www.web-rr.de\/GHS-Buecherei\/index.php\/wp-json\/wp\/v2\/types\/page"}],"author":[{"embeddable":true,"href":"https:\/\/www.web-rr.de\/GHS-Buecherei\/index.php\/wp-json\/wp\/v2\/users\/1"}],"replies":[{"embeddable":true,"href":"https:\/\/www.web-rr.de\/GHS-Buecherei\/index.php\/wp-json\/wp\/v2\/comments?post=5620"}],"version-history":[{"count":0,"href":"https:\/\/www.web-rr.de\/GHS-Buecherei\/index.php\/wp-json\/wp\/v2\/pages\/5620\/revisions"}],"wp:attachment":[{"href":"https:\/\/www.web-rr.de\/GHS-Buecherei\/index.php\/wp-json\/wp\/v2\/media?parent=5620"}],"curies":[{"name":"wp","href":"https:\/\/api.w.org\/{rel}","templated":true}]}}