{"id":5612,"date":"2021-02-23T20:00:00","date_gmt":"2021-02-23T20:00:00","guid":{"rendered":"https:\/\/www.web-rr.de\/GHS-Buecherei\/?page_id=5612"},"modified":"2021-02-22T23:59:59","modified_gmt":"2021-02-22T23:59:59","slug":"p9783981809411","status":"publish","type":"page","link":"https:\/\/www.web-rr.de\/GHS-Buecherei\/index.php\/p9783981809411\/","title":{"rendered":"Tiere 63"},"content":{"rendered":"<table><tbody><tr><td class='rDTitel' colspan='2'>Der Leisefuchs<\/td><\/tr><tr><td><span class='rDLabel1'>Status: <\/span><span class='rDText1Gruen'>vorhanden<\/span><\/td><td><span class='rDLabel1'>Antolin: <\/span><span class='rDText1Rot'>Quiz nicht vorhanden.<\/span><\/td><\/tr><tr><td width=50%><img src='https:\/\/www.web-rr.de\/GHS-Buecherei\/wp-content\/uploads\/9783981809411.jpg' alt=''><\/td><td><p class='rDLabel2'>von <span class='rDText2'>Mike Conley<\/span><\/p><p class='rDLabel2'>Verlag: <span class='rDText2'>Mukleolyrics,  2016,  11.99 \u20ac<\/span><\/p><p class='rDLabel2'>B\u00fccherei-Barcode: <span class='rDText2'>9783981809411<\/span><\/p><p class='rDLabel2'>In der B\u00fccherei erfasst am: <span class='rDText2'>01.05.2016<\/span><\/p><p class='rDLabel2'>Stichw\u00f6rter: <span class='rDText2'>Fuchs, Dachs, Freundschaft<\/span><\/p><p class='rDLabel2'>Lesealter ca. <span class='rDText2'>-<\/span><span class='rDLabel2'> Jahre<\/span><\/p><p class='rDLabel2'>Das Buch wurde <span class='rDText2'>0<\/span><span class='rDLabel2'> mal gelesen.<\/span><\/p><\/td><\/tr><tr><td colspan='2'><p class='rDLabel1'>Inhalt:<\/p><span class='rDText2'>\"Der Leisefuchs\" oder auch Schweigefuchs genannt ist in vielen Kinderg\u00e4rten und Schulen als p\u00e4dagogisches Handzeichen vertreten. Jedoch gab es hierzu bisher keine Geschichte. Diese wurde nun vom Autor Mike Conley geschrieben. Sie handelt von einem kleinen Fuchs, welcher durch einen schweren Schicksalsschlag gleich beide Eltern verliert und so ganz alleine auf einer M\u00fclldeponie landet. Hier findet er neue Freunde wie eine Ratte, ein Dachsm\u00e4dchen und eine Schleiereule. Jeder dieser Charaktere bringt etwas besonderes mit und so erleben sie immer wieder Abenteuer, die sie nur durch Zusammenhalt und Vertrauen bew\u00e4ltigen k\u00f6nnen. Auch die gro\u00dfe Liebe spielt hierbei eine Rolle. Denn durch Sie erkennt der kleine Fuchs, dass man selbst etwas machen muss wenn man gl\u00fccklich werden will. Somit kommt auch der p\u00e4dagogische Wert des Buches nicht zu kurz.<\/span><\/td><\/tr><tr><td colspan='2'><a href='#' onclick='history.back(); return false'>Zur\u00fcck<\/a><\/td><\/tr><\/tbody><\/table>\n","protected":false},"excerpt":{"rendered":"","protected":false},"author":1,"featured_media":0,"parent":0,"menu_order":0,"comment_status":"closed","ping_status":"closed","template":"","meta":[],"_links":{"self":[{"href":"https:\/\/www.web-rr.de\/GHS-Buecherei\/index.php\/wp-json\/wp\/v2\/pages\/5612"}],"collection":[{"href":"https:\/\/www.web-rr.de\/GHS-Buecherei\/index.php\/wp-json\/wp\/v2\/pages"}],"about":[{"href":"https:\/\/www.web-rr.de\/GHS-Buecherei\/index.php\/wp-json\/wp\/v2\/types\/page"}],"author":[{"embeddable":true,"href":"https:\/\/www.web-rr.de\/GHS-Buecherei\/index.php\/wp-json\/wp\/v2\/users\/1"}],"replies":[{"embeddable":true,"href":"https:\/\/www.web-rr.de\/GHS-Buecherei\/index.php\/wp-json\/wp\/v2\/comments?post=5612"}],"version-history":[{"count":0,"href":"https:\/\/www.web-rr.de\/GHS-Buecherei\/index.php\/wp-json\/wp\/v2\/pages\/5612\/revisions"}],"wp:attachment":[{"href":"https:\/\/www.web-rr.de\/GHS-Buecherei\/index.php\/wp-json\/wp\/v2\/media?parent=5612"}],"curies":[{"name":"wp","href":"https:\/\/api.w.org\/{rel}","templated":true}]}}