{"id":5603,"date":"2021-02-23T20:00:00","date_gmt":"2021-02-23T20:00:00","guid":{"rendered":"https:\/\/www.web-rr.de\/GHS-Buecherei\/?page_id=5603"},"modified":"2021-02-22T23:59:59","modified_gmt":"2021-02-22T23:59:59","slug":"p9783785574867","status":"publish","type":"page","link":"https:\/\/www.web-rr.de\/GHS-Buecherei\/index.php\/p9783785574867\/","title":{"rendered":"Tiere 54"},"content":{"rendered":"<table><tbody><tr><td class='rDTitel' colspan='2'>Tafiti und die Reise ans Ende der Welt<\/td><\/tr><tr><td><span class='rDLabel1'>Status: <\/span><span class='rDText1Gruen'>vorhanden<\/span><\/td><td><span class='rDLabel1'>Antolin: <\/span><span class='rDText1Gruen'>ja, Empfehlung Klasse 3<\/span><\/td><\/tr><tr><td width=50%><img src='https:\/\/www.web-rr.de\/GHS-Buecherei\/wp-content\/uploads\/9783785574867.jpg' alt=''><\/td><td><p class='rDLabel2'>von <span class='rDText2'>Julia Boehme<\/span><\/p><p class='rDLabel2'>Verlag: <span class='rDText2'>Loewe Verlag,  2013,  7.95 \u20ac<\/span><\/p><p class='rDLabel2'>B\u00fccherei-Barcode: <span class='rDText2'>9783785574867<\/span><\/p><p class='rDLabel2'>In der B\u00fccherei erfasst am: <span class='rDText2'>01.03.2015<\/span><\/p><p class='rDLabel2'>Stichw\u00f6rter: <span class='rDText2'>Erdm\u00e4nnchen, Afrika<\/span><\/p><p class='rDLabel2'>Lesealter ca. <span class='rDText2'>7<\/span><span class='rDLabel2'> Jahre<\/span><\/p><p class='rDLabel2'>Das Buch wurde <span class='rDText2'>3<\/span><span class='rDLabel2'> mal gelesen.<\/span><\/p><\/td><\/tr><tr><td colspan='2'><p class='rDLabel1'>Inhalt:<\/p><span class='rDText2'>Tafiti, das kleine Erdm\u00e4nnchen, hat einen gro\u00dfen Wunsch: Er m\u00f6chte unbedingt herausfinden, was sich hinter dem geheimnisvollen H\u00fcgel in der Ferne verbirgt. Ob dort wirklich das Nichts ist, wie sein Opapa behauptet? Tafiti will es wissen! Heimlich macht er sich auf die weite Reise. Dabei muss er nicht nur allerlei Gefahren \u00fcberstehen, sondern findet auch einen richtigen guten Freund. Julia Boehme (bekannt durch \u201eConni\u201c) erz\u00e4hlt warmherzig vom kleinen Erdm\u00e4nnchen Tafiti, das zusammen mit seinen Freunden in Afrika jede Menge spannende Abenteuer erlebt. Ein Buch mit vielen bunten Bildern f\u00fcr Kinder ab 6 Jahren zum Vorlesen.<\/span><\/td><\/tr><tr><td colspan='2'><a href='#' onclick='history.back(); return false'>Zur\u00fcck<\/a><\/td><\/tr><\/tbody><\/table>\n","protected":false},"excerpt":{"rendered":"","protected":false},"author":1,"featured_media":0,"parent":0,"menu_order":0,"comment_status":"closed","ping_status":"closed","template":"","meta":[],"_links":{"self":[{"href":"https:\/\/www.web-rr.de\/GHS-Buecherei\/index.php\/wp-json\/wp\/v2\/pages\/5603"}],"collection":[{"href":"https:\/\/www.web-rr.de\/GHS-Buecherei\/index.php\/wp-json\/wp\/v2\/pages"}],"about":[{"href":"https:\/\/www.web-rr.de\/GHS-Buecherei\/index.php\/wp-json\/wp\/v2\/types\/page"}],"author":[{"embeddable":true,"href":"https:\/\/www.web-rr.de\/GHS-Buecherei\/index.php\/wp-json\/wp\/v2\/users\/1"}],"replies":[{"embeddable":true,"href":"https:\/\/www.web-rr.de\/GHS-Buecherei\/index.php\/wp-json\/wp\/v2\/comments?post=5603"}],"version-history":[{"count":0,"href":"https:\/\/www.web-rr.de\/GHS-Buecherei\/index.php\/wp-json\/wp\/v2\/pages\/5603\/revisions"}],"wp:attachment":[{"href":"https:\/\/www.web-rr.de\/GHS-Buecherei\/index.php\/wp-json\/wp\/v2\/media?parent=5603"}],"curies":[{"name":"wp","href":"https:\/\/api.w.org\/{rel}","templated":true}]}}