{"id":5600,"date":"2021-02-23T20:00:00","date_gmt":"2021-02-23T20:00:00","guid":{"rendered":"https:\/\/www.web-rr.de\/GHS-Buecherei\/?page_id=5600"},"modified":"2021-02-22T23:59:59","modified_gmt":"2021-02-22T23:59:59","slug":"p9783926914552","status":"publish","type":"page","link":"https:\/\/www.web-rr.de\/GHS-Buecherei\/index.php\/p9783926914552\/","title":{"rendered":"Tiere 51"},"content":{"rendered":"<table><tbody><tr><td class='rDTitel' colspan='2'>Karl Klops, der coole Kuhheld<\/td><\/tr><tr><td><span class='rDLabel1'>Status: <\/span><span class='rDText1Gruen'>vorhanden<\/span><\/td><td><span class='rDLabel1'>Antolin: <\/span><span class='rDText1Rot'>Quiz nicht vorhanden.<\/span><\/td><\/tr><tr><td width=50%><img src='https:\/\/www.web-rr.de\/GHS-Buecherei\/wp-content\/uploads\/9783926914552.jpg' alt=''><\/td><td><p class='rDLabel2'>von <span class='rDText2'>Udo Taubitz<\/span><\/p><p class='rDLabel2'>Verlag: <span class='rDText2'>Echo-Verlag Werkstatt Vertrieb,  2012,  12.90 \u20ac<\/span><\/p><p class='rDLabel2'>B\u00fccherei-Barcode: <span class='rDText2'>9783926914552<\/span><\/p><p class='rDLabel2'>In der B\u00fccherei erfasst am: <span class='rDText2'>01.04.2014<\/span><\/p><p class='rDLabel2'>Stichw\u00f6rter: <span class='rDText2'>Vegan, Tierschutz, Vegetarisch, Nutztiere, Essen, Ern\u00e4hrung<\/span><\/p><p class='rDLabel2'>Lesealter ca. <span class='rDText2'>-<\/span><span class='rDLabel2'> Jahre<\/span><\/p><p class='rDLabel2'>Das Buch wurde <span class='rDText2'>0<\/span><span class='rDLabel2'> mal gelesen.<\/span><\/p><\/td><\/tr><tr><td colspan='2'><p class='rDLabel1'>Inhalt:<\/p><span class='rDText2'>Karl will pl\u00f6tzlich kein Fleisch mehr essen. Seine Eltern sind zutiefst besorgt und wollen dem Jungen die Flausen austreiben. Sie schicken ihn in den Ferien auf den Biohof von Onkel Tom. Aber von wegen Flausen austreiben, es kommt ganz anders: Dank eines Zaubertranks kann Karl pl\u00f6tzlich mit den Tieren sprechen. Die Milchk\u00fche erz\u00e4hlen ihm, wie sehr sie ihre K\u00e4lbchen vermissen. Und die H\u00fchner protestieren gegen das t\u00e4gliche Eierlegen. Karls Mitgef\u00fchl l\u00f6st einen kleinen Umsturz aus: der Bauernhof verwandelt sich in eine Chill-Zone f\u00fcrs Vieh. Karl Klops hinterfragt das \u00fcbliche Bilderbuch-Bauernhofidyll. Das gro\u00dfz\u00fcgig illustrierte Buch l\u00e4dt Kinder zwischen 5 und 10 Jahren und ihre Eltern ein, Essgewohnheiten zu \u00fcberdenken und damit unser Verh\u00e4ltnis zu Tieren. Kindgerecht informativ, bewegend und h\u00f6chst spa\u00dfig! Karl Klops ist ausgezeichnet mit dem PETA Progress Award f\u00fcr das tierfreundlichste Kinderbuch.<\/span><\/td><\/tr><tr><td colspan='2'><a href='#' onclick='history.back(); return false'>Zur\u00fcck<\/a><\/td><\/tr><\/tbody><\/table>\n","protected":false},"excerpt":{"rendered":"","protected":false},"author":1,"featured_media":0,"parent":0,"menu_order":0,"comment_status":"closed","ping_status":"closed","template":"","meta":[],"_links":{"self":[{"href":"https:\/\/www.web-rr.de\/GHS-Buecherei\/index.php\/wp-json\/wp\/v2\/pages\/5600"}],"collection":[{"href":"https:\/\/www.web-rr.de\/GHS-Buecherei\/index.php\/wp-json\/wp\/v2\/pages"}],"about":[{"href":"https:\/\/www.web-rr.de\/GHS-Buecherei\/index.php\/wp-json\/wp\/v2\/types\/page"}],"author":[{"embeddable":true,"href":"https:\/\/www.web-rr.de\/GHS-Buecherei\/index.php\/wp-json\/wp\/v2\/users\/1"}],"replies":[{"embeddable":true,"href":"https:\/\/www.web-rr.de\/GHS-Buecherei\/index.php\/wp-json\/wp\/v2\/comments?post=5600"}],"version-history":[{"count":0,"href":"https:\/\/www.web-rr.de\/GHS-Buecherei\/index.php\/wp-json\/wp\/v2\/pages\/5600\/revisions"}],"wp:attachment":[{"href":"https:\/\/www.web-rr.de\/GHS-Buecherei\/index.php\/wp-json\/wp\/v2\/media?parent=5600"}],"curies":[{"name":"wp","href":"https:\/\/api.w.org\/{rel}","templated":true}]}}