{"id":5594,"date":"2021-02-23T20:00:00","date_gmt":"2021-02-23T20:00:00","guid":{"rendered":"https:\/\/www.web-rr.de\/GHS-Buecherei\/?page_id=5594"},"modified":"2021-02-22T23:59:59","modified_gmt":"2021-02-22T23:59:59","slug":"p9783943030013","status":"publish","type":"page","link":"https:\/\/www.web-rr.de\/GHS-Buecherei\/index.php\/p9783943030013\/","title":{"rendered":"Tiere 45"},"content":{"rendered":"<table><tbody><tr><td class='rDTitel' colspan='2'>Petronella Gl\u00fcckschuh - Tierkindergeschichten: Tierkindergeschichten mit \u00fcber 45 farbigen Zeichnungen von Christian Puille<\/td><\/tr><tr><td><span class='rDLabel1'>Status: <\/span><span class='rDText1Gruen'>vorhanden<\/span><\/td><td><span class='rDLabel1'>Antolin: <\/span><span class='rDText1Gruen'>ja, Empfehlung Klasse 3<\/span><\/td><\/tr><tr><td width=50%><img src='https:\/\/www.web-rr.de\/GHS-Buecherei\/wp-content\/uploads\/9783943030013.jpg' alt=''><\/td><td><p class='rDLabel2'>von <span class='rDText2'>Dorothea Flechsig<\/span><\/p><p class='rDLabel2'>Verlag: <span class='rDText2'>Gl\u00fcckschuh-Verlag,  2011,  12.95 \u20ac<\/span><\/p><p class='rDLabel2'>B\u00fccherei-Barcode: <span class='rDText2'>9783943030013<\/span><\/p><p class='rDLabel2'>In der B\u00fccherei erfasst am: <span class='rDText2'>01.04.2014<\/span><\/p><p class='rDLabel2'>Stichw\u00f6rter: <span class='rDText2'>Tierforscherin, Tiergeschichten<\/span><\/p><p class='rDLabel2'>Lesealter ca. <span class='rDText2'>7<\/span><span class='rDLabel2'> Jahre<\/span><\/p><p class='rDLabel2'>Das Buch wurde <span class='rDText2'>0<\/span><span class='rDLabel2'> mal gelesen.<\/span><\/p><\/td><\/tr><tr><td colspan='2'><p class='rDLabel1'>Inhalt:<\/p><span class='rDText2'>Wenn Petronella gro\u00df ist, wird sie Tierforscherin. Das steht fest. Sie wird in die Antarktis reisen und W\u00fcsten durchqueren. Mit einem Fernglas in der Hand wird sie lautlos wie eine Schlange \u00fcber den staubigen Pr\u00e4rieboden kriechen und die unglaublichsten Tiergeschichten aufdecken, die die Welt je geh\u00f6rt hat. Bis sie alleine mit ihren Reisen in die Ferne beginnen kann, lebt sie in einem kleinen Dorf. Hier kennt sie jeden und jeder kennt sie. Das ist auch gar nicht so schwer, weil Petronella sich jeden Tag viel herumtreibt. Und wenn jemand Ungew\u00f6hnliches entdeckt, ist es Petronella Gl\u00fcckschuh!Hardcover-Ausgabe, veredelt 112 Seiten, Fadenheftung, Leseb\u00e4ndchen reicht illustriert mit \u00fcber 45 farbigen Abbildungen von Christian Puille<\/span><\/td><\/tr><tr><td colspan='2'><a href='#' onclick='history.back(); return false'>Zur\u00fcck<\/a><\/td><\/tr><\/tbody><\/table>\n","protected":false},"excerpt":{"rendered":"","protected":false},"author":1,"featured_media":0,"parent":0,"menu_order":0,"comment_status":"closed","ping_status":"closed","template":"","meta":[],"_links":{"self":[{"href":"https:\/\/www.web-rr.de\/GHS-Buecherei\/index.php\/wp-json\/wp\/v2\/pages\/5594"}],"collection":[{"href":"https:\/\/www.web-rr.de\/GHS-Buecherei\/index.php\/wp-json\/wp\/v2\/pages"}],"about":[{"href":"https:\/\/www.web-rr.de\/GHS-Buecherei\/index.php\/wp-json\/wp\/v2\/types\/page"}],"author":[{"embeddable":true,"href":"https:\/\/www.web-rr.de\/GHS-Buecherei\/index.php\/wp-json\/wp\/v2\/users\/1"}],"replies":[{"embeddable":true,"href":"https:\/\/www.web-rr.de\/GHS-Buecherei\/index.php\/wp-json\/wp\/v2\/comments?post=5594"}],"version-history":[{"count":0,"href":"https:\/\/www.web-rr.de\/GHS-Buecherei\/index.php\/wp-json\/wp\/v2\/pages\/5594\/revisions"}],"wp:attachment":[{"href":"https:\/\/www.web-rr.de\/GHS-Buecherei\/index.php\/wp-json\/wp\/v2\/media?parent=5594"}],"curies":[{"name":"wp","href":"https:\/\/api.w.org\/{rel}","templated":true}]}}