{"id":5593,"date":"2021-02-23T20:00:00","date_gmt":"2021-02-23T20:00:00","guid":{"rendered":"https:\/\/www.web-rr.de\/GHS-Buecherei\/?page_id=5593"},"modified":"2021-02-22T23:59:59","modified_gmt":"2021-02-22T23:59:59","slug":"p9783905804386","status":"publish","type":"page","link":"https:\/\/www.web-rr.de\/GHS-Buecherei\/index.php\/p9783905804386\/","title":{"rendered":"Tiere 44"},"content":{"rendered":"<table><tbody><tr><td class='rDTitel' colspan='2'>Warum das Schwein keine H\u00f6rner hat: und andere Geschichten aus Kamerun<\/td><\/tr><tr><td><span class='rDLabel1'>Status: <\/span><span class='rDText1Gruen'>vorhanden<\/span><\/td><td><span class='rDLabel1'>Antolin: <\/span><span class='rDText1Rot'>Quiz nicht vorhanden.<\/span><\/td><\/tr><tr><td width=50%><img src='https:\/\/www.web-rr.de\/GHS-Buecherei\/wp-content\/uploads\/9783905804386.jpg' alt=''><\/td><td><p class='rDLabel2'>von <span class='rDText2'>Henri Mbarga<\/span><\/p><p class='rDLabel2'>Verlag: <span class='rDText2'>Baobab Books,  2012,  15.90 \u20ac<\/span><\/p><p class='rDLabel2'>B\u00fccherei-Barcode: <span class='rDText2'>9783905804386<\/span><\/p><p class='rDLabel2'>In der B\u00fccherei erfasst am: <span class='rDText2'>01.04.2014<\/span><\/p><p class='rDLabel2'>Stichw\u00f6rter: <span class='rDText2'>Afrika, Schimpansen, Gorilla, Panther<\/span><\/p><p class='rDLabel2'>Lesealter ca. <span class='rDText2'>-<\/span><span class='rDLabel2'> Jahre<\/span><\/p><p class='rDLabel2'>Das Buch wurde <span class='rDText2'>2<\/span><span class='rDLabel2'> mal gelesen.<\/span><\/p><\/td><\/tr><tr><td colspan='2'><p class='rDLabel1'>Inhalt:<\/p><span class='rDText2'>Schimpanse, Gorilla und Panther haben Gro\u00dfes vor, weit oben in der Palme h\u00e4ngen leckere N\u00fcsse. Aber zum Schluss gehen alle drei leer aus \u2026 Die Antilope hat Durst, aber warum hindert der Hirsch sie am Trinken? Das Schwein wiederum verpasst seine Chance, als die Schildkr\u00f6te den Tieren H\u00f6rner schenkt \u2013 seit jenem Tag w\u00fchlt es grunzend in der Erde.In einer Gemeinschaft gibt es stets List und Furcht, aber auch Ehrlichkeit und Vers\u00f6hnung. Die Tiere in diesen Geschichten haben menschliche Eigenschaften: Sie sind klug, mutig oder eigenn\u00fctzig, aber auch \u00fcberm\u00fctig, vorwitzig oder vertr\u00e4umt. Sie sind die Protagonisten dieser Fabeln aus dem Grasland Kameruns.<\/span><\/td><\/tr><tr><td colspan='2'><a href='#' onclick='history.back(); return false'>Zur\u00fcck<\/a><\/td><\/tr><\/tbody><\/table>\n","protected":false},"excerpt":{"rendered":"","protected":false},"author":1,"featured_media":0,"parent":0,"menu_order":0,"comment_status":"closed","ping_status":"closed","template":"","meta":[],"_links":{"self":[{"href":"https:\/\/www.web-rr.de\/GHS-Buecherei\/index.php\/wp-json\/wp\/v2\/pages\/5593"}],"collection":[{"href":"https:\/\/www.web-rr.de\/GHS-Buecherei\/index.php\/wp-json\/wp\/v2\/pages"}],"about":[{"href":"https:\/\/www.web-rr.de\/GHS-Buecherei\/index.php\/wp-json\/wp\/v2\/types\/page"}],"author":[{"embeddable":true,"href":"https:\/\/www.web-rr.de\/GHS-Buecherei\/index.php\/wp-json\/wp\/v2\/users\/1"}],"replies":[{"embeddable":true,"href":"https:\/\/www.web-rr.de\/GHS-Buecherei\/index.php\/wp-json\/wp\/v2\/comments?post=5593"}],"version-history":[{"count":0,"href":"https:\/\/www.web-rr.de\/GHS-Buecherei\/index.php\/wp-json\/wp\/v2\/pages\/5593\/revisions"}],"wp:attachment":[{"href":"https:\/\/www.web-rr.de\/GHS-Buecherei\/index.php\/wp-json\/wp\/v2\/media?parent=5593"}],"curies":[{"name":"wp","href":"https:\/\/api.w.org\/{rel}","templated":true}]}}