{"id":5575,"date":"2021-02-23T20:00:00","date_gmt":"2021-02-23T20:00:00","guid":{"rendered":"https:\/\/www.web-rr.de\/GHS-Buecherei\/?page_id=5575"},"modified":"2021-02-22T23:59:59","modified_gmt":"2021-02-22T23:59:59","slug":"p9783407799302","status":"publish","type":"page","link":"https:\/\/www.web-rr.de\/GHS-Buecherei\/index.php\/p9783407799302\/","title":{"rendered":"Tiere 26"},"content":{"rendered":"<table><tbody><tr><td class='rDTitel' colspan='2'>Ein Hund namens Grk: Roman f\u00fcr Kinder<\/td><\/tr><tr><td><span class='rDLabel1'>Status: <\/span><span class='rDText1Gruen'>vorhanden<\/span><\/td><td><span class='rDLabel1'>Antolin: <\/span><span class='rDText1Gruen'>ja, Empfehlung Klasse 5<\/span><\/td><\/tr><tr><td width=50%><img src='https:\/\/www.web-rr.de\/GHS-Buecherei\/wp-content\/uploads\/9783407799302.jpg' alt=''><\/td><td><p class='rDLabel2'>von <span class='rDText2'>Joshua Doder<\/span><\/p><p class='rDLabel2'>Verlag: <span class='rDText2'>Beltz und Gelberg,  2008,  12.90 \u20ac<\/span><\/p><p class='rDLabel2'>B\u00fccherei-Barcode: <span class='rDText2'>9783407799302<\/span><\/p><p class='rDLabel2'>In der B\u00fccherei erfasst am: <span class='rDText2'>01.04.2014<\/span><\/p><p class='rDLabel2'>Stichw\u00f6rter: <span class='rDText2'>Hunde<\/span><\/p><p class='rDLabel2'>Lesealter ca. <span class='rDText2'>9<\/span><span class='rDLabel2'> Jahre<\/span><\/p><p class='rDLabel2'>Das Buch wurde <span class='rDText2'>1<\/span><span class='rDLabel2'> mal gelesen.<\/span><\/p><\/td><\/tr><tr><td colspan='2'><p class='rDLabel1'>Inhalt:<\/p><span class='rDText2'>\u201eGrk\u201c ist stanislavisch und bedeutet soviel wie treu, lieb und ein kleines bisschen doof. Grk ist zugleich der Name des Hundes der stanislavischen Botschafterfamilie in London, die gezwungen wird, in ihr Heimatland zur\u00fcckzukehren. Grk bleibt alleine zur\u00fcck. Einsam trottet er durch die Stra\u00dfen der gro\u00dfen Stadt, bis pl\u00f6tzlich der zw\u00f6lfj\u00e4hrige Timothy Malt seinen Weg kreuzt - und eine gro\u00dfartige Freundschaft beginnt. Oder beinahe. Denn Tims Eltern lieben nichts so sehr wie Ruhe und Ordnung. Ein Hund, der alles durcheinander bringt? Kommt nicht in Frage! Dabei hat Grk mit seinen freundlichen Knopfaugen und dem st\u00e4ndig wedelnden Stummelschwanz Tims Herz schon l\u00e4ngst erobert. Wenn er ihn schon nicht behalten darf, will er ihm wenigstens helfen, zu seinen Besitzern zur\u00fcckzukehren. Egal, ob Tim eine Ahnung hat, wo Stanislavien liegt oder nicht. Egal, ob der fiese Oberst Zinfadel dort gerade die Macht an sich gerissen hat. Tim und Grk haben einen Plan und den ziehen sie gemeinsam durch. So war das bei Tim und Struppi, bei Starsky und Hutch, bei P\u00fcnktchen und Anton - und so ist das auch bei Timothy Malt und Grk. Ein starkes Team bringt so schnell keiner auseinander.<\/span><\/td><\/tr><tr><td colspan='2'><a href='#' onclick='history.back(); return false'>Zur\u00fcck<\/a><\/td><\/tr><\/tbody><\/table>\n","protected":false},"excerpt":{"rendered":"","protected":false},"author":1,"featured_media":0,"parent":0,"menu_order":0,"comment_status":"closed","ping_status":"closed","template":"","meta":[],"_links":{"self":[{"href":"https:\/\/www.web-rr.de\/GHS-Buecherei\/index.php\/wp-json\/wp\/v2\/pages\/5575"}],"collection":[{"href":"https:\/\/www.web-rr.de\/GHS-Buecherei\/index.php\/wp-json\/wp\/v2\/pages"}],"about":[{"href":"https:\/\/www.web-rr.de\/GHS-Buecherei\/index.php\/wp-json\/wp\/v2\/types\/page"}],"author":[{"embeddable":true,"href":"https:\/\/www.web-rr.de\/GHS-Buecherei\/index.php\/wp-json\/wp\/v2\/users\/1"}],"replies":[{"embeddable":true,"href":"https:\/\/www.web-rr.de\/GHS-Buecherei\/index.php\/wp-json\/wp\/v2\/comments?post=5575"}],"version-history":[{"count":0,"href":"https:\/\/www.web-rr.de\/GHS-Buecherei\/index.php\/wp-json\/wp\/v2\/pages\/5575\/revisions"}],"wp:attachment":[{"href":"https:\/\/www.web-rr.de\/GHS-Buecherei\/index.php\/wp-json\/wp\/v2\/media?parent=5575"}],"curies":[{"name":"wp","href":"https:\/\/api.w.org\/{rel}","templated":true}]}}