{"id":5574,"date":"2021-02-23T20:00:00","date_gmt":"2021-02-23T20:00:00","guid":{"rendered":"https:\/\/www.web-rr.de\/GHS-Buecherei\/?page_id=5574"},"modified":"2021-02-22T23:59:59","modified_gmt":"2021-02-22T23:59:59","slug":"p9783938986660","status":"publish","type":"page","link":"https:\/\/www.web-rr.de\/GHS-Buecherei\/index.php\/p9783938986660\/","title":{"rendered":"Tiere 24"},"content":{"rendered":"<table><tbody><tr><td class='rDTitel' colspan='2'>Vier Steaks im Kirschbaum: Ein Leben mit Tieren<\/td><\/tr><tr><td><span class='rDLabel1'>Status: <\/span><span class='rDText1Gruen'>vorhanden<\/span><\/td><td><span class='rDLabel1'>Antolin: <\/span><span class='rDText1Rot'>Quiz nicht vorhanden.<\/span><\/td><\/tr><tr><td width=50%><img src='https:\/\/www.web-rr.de\/GHS-Buecherei\/wp-content\/uploads\/9783938986660.jpg' alt=''><\/td><td><p class='rDLabel2'>von <span class='rDText2'>Gabriele Mohn<\/span><\/p><p class='rDLabel2'>Verlag: <span class='rDText2'>Vier JahreszeitenHaus,  2008,  16.50 \u20ac<\/span><\/p><p class='rDLabel2'>B\u00fccherei-Barcode: <span class='rDText2'>9783938986660<\/span><\/p><p class='rDLabel2'>In der B\u00fccherei erfasst am: <span class='rDText2'>01.04.2014<\/span><\/p><p class='rDLabel2'>Stichw\u00f6rter: <span class='rDText2'>Haustiere<\/span><\/p><p class='rDLabel2'>Lesealter ca. <span class='rDText2'>-<\/span><span class='rDLabel2'> Jahre<\/span><\/p><p class='rDLabel2'>Das Buch wurde <span class='rDText2'>0<\/span><span class='rDLabel2'> mal gelesen.<\/span><\/p><\/td><\/tr><tr><td colspan='2'><p class='rDLabel1'>Inhalt:<\/p><span class='rDText2'>Frau Mohn erz\u00e4hlt aus ihren Kindheitstagen und dem st\u00e4ndigen Wunsch nach Tieren, den sie schlie\u00dflich mit ihrer Studienzeit im Fachbereich Biologie zur Lehrerausbildung erf\u00fcllt. Es ist immer wieder spannend von der Dohle, den Fischen, dem Mungo und ihren Hunden zu h\u00f6ren. Erst sp\u00e4t findet sie Kontakt zu Pferden, die genauso wie die anderen Tiere Gef\u00fchle der Autorin mitteilen k\u00f6nnen. Ihre geliebte Gro\u00dfmutter jedoch erz\u00e4hlte immer mit von gl\u00fccklicher Erinnerung strahlenden Augen von ihrem gro\u00dfen Hund Leo, der die Autorin und die sechs Geschwister geduldig und gro\u00dfz\u00fcgig mit der Rute \u00fcber den glatten Boden des Hofes gezogen hat. Viele weitere Geschichten - sogar einige mit Pferdebeteiligung - erhellten ihr Kinderleben. Warum gerade diese Gro\u00dfmutter sowohl bei ihrer Mutter als auch bei ihr selbst jegliche Tierhaltung kategorisch ablehnte, wei\u00df keiner so genau. M\u00f6glicherweise war der zu erwartende herzzerrei\u00dfende Schmerz nach dem Tod eines geliebten Haustieres die Ursache, den sie allen ersparen wollte. Sie hatte eher dazu beigetragen, dass nun Tiere aus dem eigenen Leben nicht mehr ausgeschlossen sein sollten!<\/span><\/td><\/tr><tr><td colspan='2'><a href='#' onclick='history.back(); return false'>Zur\u00fcck<\/a><\/td><\/tr><\/tbody><\/table>\n","protected":false},"excerpt":{"rendered":"","protected":false},"author":1,"featured_media":0,"parent":0,"menu_order":0,"comment_status":"closed","ping_status":"closed","template":"","meta":[],"_links":{"self":[{"href":"https:\/\/www.web-rr.de\/GHS-Buecherei\/index.php\/wp-json\/wp\/v2\/pages\/5574"}],"collection":[{"href":"https:\/\/www.web-rr.de\/GHS-Buecherei\/index.php\/wp-json\/wp\/v2\/pages"}],"about":[{"href":"https:\/\/www.web-rr.de\/GHS-Buecherei\/index.php\/wp-json\/wp\/v2\/types\/page"}],"author":[{"embeddable":true,"href":"https:\/\/www.web-rr.de\/GHS-Buecherei\/index.php\/wp-json\/wp\/v2\/users\/1"}],"replies":[{"embeddable":true,"href":"https:\/\/www.web-rr.de\/GHS-Buecherei\/index.php\/wp-json\/wp\/v2\/comments?post=5574"}],"version-history":[{"count":0,"href":"https:\/\/www.web-rr.de\/GHS-Buecherei\/index.php\/wp-json\/wp\/v2\/pages\/5574\/revisions"}],"wp:attachment":[{"href":"https:\/\/www.web-rr.de\/GHS-Buecherei\/index.php\/wp-json\/wp\/v2\/media?parent=5574"}],"curies":[{"name":"wp","href":"https:\/\/api.w.org\/{rel}","templated":true}]}}