{"id":5572,"date":"2021-02-23T20:00:00","date_gmt":"2021-02-23T20:00:00","guid":{"rendered":"https:\/\/www.web-rr.de\/GHS-Buecherei\/?page_id=5572"},"modified":"2021-02-22T23:59:59","modified_gmt":"2021-02-22T23:59:59","slug":"p9783701720392","status":"publish","type":"page","link":"https:\/\/www.web-rr.de\/GHS-Buecherei\/index.php\/p9783701720392\/","title":{"rendered":"Tiere 22"},"content":{"rendered":"<table><tbody><tr><td class='rDTitel' colspan='2'>Der faule Kater Josef<\/td><\/tr><tr><td><span class='rDLabel1'>Status: <\/span><span class='rDText1Gruen'>vorhanden<\/span><\/td><td><span class='rDLabel1'>Antolin: <\/span><span class='rDText1Gruen'>ja, Empfehlung Klasse 3<\/span><\/td><\/tr><tr><td width=50%><img src='https:\/\/www.web-rr.de\/GHS-Buecherei\/wp-content\/uploads\/9783701720392.jpg' alt=''><\/td><td><p class='rDLabel2'>von <span class='rDText2'>Franziska Biermann<\/span><\/p><p class='rDLabel2'>Verlag: <span class='rDText2'>Residenz Verlag,  2008,  14.90 \u20ac<\/span><\/p><p class='rDLabel2'>B\u00fccherei-Barcode: <span class='rDText2'>9783701720392<\/span><\/p><p class='rDLabel2'>In der B\u00fccherei erfasst am: <span class='rDText2'>01.04.2014<\/span><\/p><p class='rDLabel2'>Stichw\u00f6rter: <span class='rDText2'>Katzen, Haustiere, Kater<\/span><\/p><p class='rDLabel2'>Lesealter ca. <span class='rDText2'>7<\/span><span class='rDLabel2'> Jahre<\/span><\/p><p class='rDLabel2'>Das Buch wurde <span class='rDText2'>0<\/span><span class='rDLabel2'> mal gelesen.<\/span><\/p><\/td><\/tr><tr><td colspan='2'><p class='rDLabel1'>Inhalt:<\/p><span class='rDText2'>JEDEN NACHMITTAG SCHLEPPT SICH DER KATER JOSEF ans Ende seiner Welt. Um zu seinem Katzenklo zu gelangen, muss er die Routine aus Verdauungsschl\u00e4fchen und Gehirnentspannung unterbrechen und den Gartenweg runtertrappeln. Eines Tages kommt es, wie es kommen muss: Der Nachbarshund h\u00e4ngt Kater Josef einen Floh an. Zum Gl\u00fcck ist der Kater TV-gebildet und wei\u00df, dass er den Floh loswerden kann \u2013 wenn er einen neuen Wirt findet! Das Dumme ist, dass potenzielle Flohopfer nicht auf des Katers Sofa rumh\u00e4ngen. Der Dicke muss unter die Leute. Ob als Meerschweinchenfris\u00f6r, Gesangslehrer f\u00fcr Katzendamen, weltbester Schmusekater, Fu\u00dfballtrainer der Hundemannschaft \u2026 Egal wie, der Kater Josef ist wild entschlossen, flohlos zu leben! Ein herrlich schadenfrohes Vergn\u00fcgen, geschrieben und gezeichnet von Franziska Biermann.<\/span><\/td><\/tr><tr><td colspan='2'><a href='#' onclick='history.back(); return false'>Zur\u00fcck<\/a><\/td><\/tr><\/tbody><\/table>\n","protected":false},"excerpt":{"rendered":"","protected":false},"author":1,"featured_media":0,"parent":0,"menu_order":0,"comment_status":"closed","ping_status":"closed","template":"","meta":[],"_links":{"self":[{"href":"https:\/\/www.web-rr.de\/GHS-Buecherei\/index.php\/wp-json\/wp\/v2\/pages\/5572"}],"collection":[{"href":"https:\/\/www.web-rr.de\/GHS-Buecherei\/index.php\/wp-json\/wp\/v2\/pages"}],"about":[{"href":"https:\/\/www.web-rr.de\/GHS-Buecherei\/index.php\/wp-json\/wp\/v2\/types\/page"}],"author":[{"embeddable":true,"href":"https:\/\/www.web-rr.de\/GHS-Buecherei\/index.php\/wp-json\/wp\/v2\/users\/1"}],"replies":[{"embeddable":true,"href":"https:\/\/www.web-rr.de\/GHS-Buecherei\/index.php\/wp-json\/wp\/v2\/comments?post=5572"}],"version-history":[{"count":0,"href":"https:\/\/www.web-rr.de\/GHS-Buecherei\/index.php\/wp-json\/wp\/v2\/pages\/5572\/revisions"}],"wp:attachment":[{"href":"https:\/\/www.web-rr.de\/GHS-Buecherei\/index.php\/wp-json\/wp\/v2\/media?parent=5572"}],"curies":[{"name":"wp","href":"https:\/\/api.w.org\/{rel}","templated":true}]}}