{"id":5569,"date":"2021-02-23T20:00:00","date_gmt":"2021-02-23T20:00:00","guid":{"rendered":"https:\/\/www.web-rr.de\/GHS-Buecherei\/?page_id=5569"},"modified":"2021-02-22T23:59:59","modified_gmt":"2021-02-22T23:59:59","slug":"p9783407799180","status":"publish","type":"page","link":"https:\/\/www.web-rr.de\/GHS-Buecherei\/index.php\/p9783407799180\/","title":{"rendered":"Tiere 19"},"content":{"rendered":"<table><tbody><tr><td class='rDTitel' colspan='2'>Zackarina, der Sandwolf und das Meer<\/td><\/tr><tr><td><span class='rDLabel1'>Status: <\/span><span class='rDText1Gruen'>vorhanden<\/span><\/td><td><span class='rDLabel1'>Antolin: <\/span><span class='rDText1Gruen'>ja, Empfehlung Klasse 3<\/span><\/td><\/tr><tr><td width=50%><img src='https:\/\/www.web-rr.de\/GHS-Buecherei\/wp-content\/uploads\/9783407799180.jpg' alt=''><\/td><td><p class='rDLabel2'>von <span class='rDText2'>\u00c5sa Lind<\/span><\/p><p class='rDLabel2'>Verlag: <span class='rDText2'>Beltz und Gelberg,  2007,  9.90 \u20ac<\/span><\/p><p class='rDLabel2'>B\u00fccherei-Barcode: <span class='rDText2'>9783407799180<\/span><\/p><p class='rDLabel2'>In der B\u00fccherei erfasst am: <span class='rDText2'>01.04.2014<\/span><\/p><p class='rDLabel2'>Stichw\u00f6rter: <span class='rDText2'>Zeit, Uhr<\/span><\/p><p class='rDLabel2'>Lesealter ca. <span class='rDText2'>7<\/span><span class='rDLabel2'> Jahre<\/span><\/p><p class='rDLabel2'>Das Buch wurde <span class='rDText2'>0<\/span><span class='rDLabel2'> mal gelesen.<\/span><\/p><\/td><\/tr><tr><td colspan='2'><p class='rDLabel1'>Inhalt:<\/p><span class='rDText2'>Mit ihrem Freund, dem Sandwolf, kann Zackarina \u00fcber alles reden - oder einfach nur still aufs Meer hinausschauen. Zackarina, der Sandwolf und das Meer ist der dritte Band, mit zauberhaften neuen Geschichten f\u00fcr Kinder ab 7 und vielen Bildern von dem famosen Philip Waechter.Zackarina ist genervt. Wenn doch nur diese doofe Uhr nicht w\u00e4re! St\u00e4ndig ist es wer-wei\u00df-wie-sp\u00e4t und mitten in aller Gem\u00fctlichkeit rennt Mama zur Arbeit und Papa in die Stadt. Da hilft nur eins: der bl\u00f6de Tickerapparat muss vergraben werden. Der Sandwolf hilft ihr dabei. Er ist sch\u00f6n, sch\u00f6n schlau und vor allem wei\u00df er, was Zeit ist und dass niemand sie aufhalten kann. Auch wenn die Uhr tief im Sand verbuddelt ist. Das merkt auch Zackarina, als die Jacke vom vorigen Jahr pl\u00f6tzlich nicht mehr passt. Doch irgendwann kommt die Zeit, sich von alten Dingen zu verabschieden und schlie\u00dflich auch dem Sandwolf Lebewohl zu sagen, der eine neue H\u00f6hle gefunden hat.<\/span><\/td><\/tr><tr><td colspan='2'><a href='#' onclick='history.back(); return false'>Zur\u00fcck<\/a><\/td><\/tr><\/tbody><\/table>\n","protected":false},"excerpt":{"rendered":"","protected":false},"author":1,"featured_media":0,"parent":0,"menu_order":0,"comment_status":"closed","ping_status":"closed","template":"","meta":[],"_links":{"self":[{"href":"https:\/\/www.web-rr.de\/GHS-Buecherei\/index.php\/wp-json\/wp\/v2\/pages\/5569"}],"collection":[{"href":"https:\/\/www.web-rr.de\/GHS-Buecherei\/index.php\/wp-json\/wp\/v2\/pages"}],"about":[{"href":"https:\/\/www.web-rr.de\/GHS-Buecherei\/index.php\/wp-json\/wp\/v2\/types\/page"}],"author":[{"embeddable":true,"href":"https:\/\/www.web-rr.de\/GHS-Buecherei\/index.php\/wp-json\/wp\/v2\/users\/1"}],"replies":[{"embeddable":true,"href":"https:\/\/www.web-rr.de\/GHS-Buecherei\/index.php\/wp-json\/wp\/v2\/comments?post=5569"}],"version-history":[{"count":0,"href":"https:\/\/www.web-rr.de\/GHS-Buecherei\/index.php\/wp-json\/wp\/v2\/pages\/5569\/revisions"}],"wp:attachment":[{"href":"https:\/\/www.web-rr.de\/GHS-Buecherei\/index.php\/wp-json\/wp\/v2\/media?parent=5569"}],"curies":[{"name":"wp","href":"https:\/\/api.w.org\/{rel}","templated":true}]}}