{"id":5564,"date":"2021-02-23T20:00:00","date_gmt":"2021-02-23T20:00:00","guid":{"rendered":"https:\/\/www.web-rr.de\/GHS-Buecherei\/?page_id=5564"},"modified":"2021-02-22T23:59:59","modified_gmt":"2021-02-22T23:59:59","slug":"p9783446256989","status":"publish","type":"page","link":"https:\/\/www.web-rr.de\/GHS-Buecherei\/index.php\/p9783446256989\/","title":{"rendered":"Tiere 14"},"content":{"rendered":"<table><tbody><tr><td class='rDTitel' colspan='2'>Der B\u00e4rbei\u00df - Schrecklich gut gelaunt<\/td><\/tr><tr><td><span class='rDLabel1'>Status: <\/span><span class='rDText1Gruen'>vorhanden<\/span><\/td><td><span class='rDLabel1'>Antolin: <\/span><span class='rDText1Rot'>Quiz nicht vorhanden.<\/span><\/td><\/tr><tr><td width=50%><img src='https:\/\/www.web-rr.de\/GHS-Buecherei\/wp-content\/uploads\/9783446256989.jpg' alt=''><\/td><td><p class='rDLabel2'>von <span class='rDText2'>Annette Pehnt, Jutta Bauer<\/span><\/p><p class='rDLabel2'>Verlag: <span class='rDText2'>Hanser C.,  2017,  12.00 \u20ac<\/span><\/p><p class='rDLabel2'>B\u00fccherei-Barcode: <span class='rDText2'>9783446256989<\/span><\/p><p class='rDLabel2'>In der B\u00fccherei erfasst am: <span class='rDText2'>25.08.2020<\/span><\/p><p class='rDLabel2'>Stichw\u00f6rter: <span class='rDText2'>Gef\u00fchle, Laune<\/span><\/p><p class='rDLabel2'>Lesealter ca. <span class='rDText2'>7<\/span><span class='rDLabel2'> Jahre<\/span><\/p><p class='rDLabel2'>Das Buch wurde <span class='rDText2'>0<\/span><span class='rDLabel2'> mal gelesen.<\/span><\/p><\/td><\/tr><tr><td colspan='2'><p class='rDLabel1'>Inhalt:<\/p><span class='rDText2'>Liebe ver\u00e4ndert grummelige Zeitgenossen und beschert selbst dem B\u00e4rbei\u00df ungewohnt gute Laune! (Eine Geschichte von Annette Pehnt, illustriert von Jutta Bauer)\n\r\n\rDie Bewohner von Timbuktu springen fr\u00f6hlich herum. Nur der B\u00e4rbei\u00df hat wieder allerschlechteste Laune und schaut missmutig aus dem Fenster. Da geschieht etwas Merkw\u00fcrdiges. Der B\u00e4rbei\u00df sp\u00fcrt ein Kribbeln im Bauch, und am Himmel schwebt eine wundersame Wolke vor\u00fcber. Sieht sie nicht aus wie eine B\u00e4rbei\u00dfin? Auf jeden Fall ist sie das Sch\u00f6nste, was er je gesehen hat. Das Tingeli, der K\u00f6nigspinguin, die Graureihers und die Hasen erkennen den B\u00e4rbei\u00df gar nicht wieder, so freundlich ist er pl\u00f6tzlich. Doch sie sind sich einig: Sie wollen ihren alten grummeligen B\u00e4rbei\u00df wiederhaben! Ein charmantes Kinderbuch \u00fcber wahre Freundschaft und die Liebe - die sogar dem B\u00e4rbei\u00df ein L\u00e4cheln ins Gesicht zaubert.\n\r\n\r<\/span><\/td><\/tr><tr><td colspan='2'><a href='#' onclick='history.back(); return false'>Zur\u00fcck<\/a><\/td><\/tr><\/tbody><\/table>\n","protected":false},"excerpt":{"rendered":"","protected":false},"author":1,"featured_media":0,"parent":0,"menu_order":0,"comment_status":"closed","ping_status":"closed","template":"","meta":[],"_links":{"self":[{"href":"https:\/\/www.web-rr.de\/GHS-Buecherei\/index.php\/wp-json\/wp\/v2\/pages\/5564"}],"collection":[{"href":"https:\/\/www.web-rr.de\/GHS-Buecherei\/index.php\/wp-json\/wp\/v2\/pages"}],"about":[{"href":"https:\/\/www.web-rr.de\/GHS-Buecherei\/index.php\/wp-json\/wp\/v2\/types\/page"}],"author":[{"embeddable":true,"href":"https:\/\/www.web-rr.de\/GHS-Buecherei\/index.php\/wp-json\/wp\/v2\/users\/1"}],"replies":[{"embeddable":true,"href":"https:\/\/www.web-rr.de\/GHS-Buecherei\/index.php\/wp-json\/wp\/v2\/comments?post=5564"}],"version-history":[{"count":0,"href":"https:\/\/www.web-rr.de\/GHS-Buecherei\/index.php\/wp-json\/wp\/v2\/pages\/5564\/revisions"}],"wp:attachment":[{"href":"https:\/\/www.web-rr.de\/GHS-Buecherei\/index.php\/wp-json\/wp\/v2\/media?parent=5564"}],"curies":[{"name":"wp","href":"https:\/\/api.w.org\/{rel}","templated":true}]}}