{"id":5547,"date":"2021-02-23T20:00:00","date_gmt":"2021-02-23T20:00:00","guid":{"rendered":"https:\/\/www.web-rr.de\/GHS-Buecherei\/?page_id=5547"},"modified":"2021-02-22T23:59:59","modified_gmt":"2021-02-22T23:59:59","slug":"p9783788620578","status":"publish","type":"page","link":"https:\/\/www.web-rr.de\/GHS-Buecherei\/index.php\/p9783788620578\/","title":{"rendered":"Technik &#8211; Fliegen 07"},"content":{"rendered":"<table><tbody><tr><td class='rDTitel' colspan='2'>WAS IST WAS Band 10 Flugzeuge. Der Traum vom Fliegen<\/td><\/tr><tr><td><span class='rDLabel1'>Status: <\/span><span class='rDText1Gruen'>vorhanden<\/span><\/td><td><span class='rDLabel1'>Antolin: <\/span><span class='rDText1Gruen'>ja, Empfehlung Klasse 5<\/span><\/td><\/tr><tr><td width=50%><img src='https:\/\/www.web-rr.de\/GHS-Buecherei\/wp-content\/uploads\/9783788620578.jpg' alt=''><\/td><td><p class='rDLabel2'>von <span class='rDText2'>Martin Kaluza<\/span><\/p><p class='rDLabel2'>Verlag: <span class='rDText2'>Tessloff Verlag Ragnar Tessloff GmbH & Co. KG,  2018,  9.95 \u20ac<\/span><\/p><p class='rDLabel2'>B\u00fccherei-Barcode: <span class='rDText2'>9783788620578<\/span><\/p><p class='rDLabel2'>In der B\u00fccherei erfasst am: <span class='rDText2'>30.10.2018<\/span><\/p><p class='rDLabel2'>Stichw\u00f6rter: <span class='rDText2'>Piloten, Flugzeuge, Flughafen, Triebwerk<\/span><\/p><p class='rDLabel2'>Lesealter ca. <span class='rDText2'>9<\/span><span class='rDLabel2'> Jahre<\/span><\/p><p class='rDLabel2'>Das Buch wurde <span class='rDText2'>2<\/span><span class='rDLabel2'> mal gelesen.<\/span><\/p><\/td><\/tr><tr><td colspan='2'><p class='rDLabel1'>Inhalt:<\/p><span class='rDText2'>Im Dezember 1903 rumpelte Orville Wright mit einem Flugger\u00e4t \u00fcber die D\u00fcnen am Strand von North Carolina in den USA und schrieb Geschichte: F\u00fcr zw\u00f6lf Sekunden erhob sich sein Flieger in die Luft! Das war der erste Motorflug der Welt. Am Anfang war Fliegen ein Abenteuer f\u00fcr Unerschrockene. Heute ist es Alltag. Der Himmel ist von einem verzweigten Netz aus Luftstra\u00dfen \u00fcberzogen - \u00fcber 200 000 Flugzeuge heben t\u00e4glich vom Boden ab. Wie funktioniert ein Triebwerk? Was geschieht im Tower und hinter den Kulissen des Flughafens? Schlafen Piloten im Flugzeug? WAS IST WAS begab sich vor Ort.<\/span><\/td><\/tr><tr><td colspan='2'><a href='#' onclick='history.back(); return false'>Zur\u00fcck<\/a><\/td><\/tr><\/tbody><\/table>\n","protected":false},"excerpt":{"rendered":"","protected":false},"author":1,"featured_media":0,"parent":0,"menu_order":0,"comment_status":"closed","ping_status":"closed","template":"","meta":[],"_links":{"self":[{"href":"https:\/\/www.web-rr.de\/GHS-Buecherei\/index.php\/wp-json\/wp\/v2\/pages\/5547"}],"collection":[{"href":"https:\/\/www.web-rr.de\/GHS-Buecherei\/index.php\/wp-json\/wp\/v2\/pages"}],"about":[{"href":"https:\/\/www.web-rr.de\/GHS-Buecherei\/index.php\/wp-json\/wp\/v2\/types\/page"}],"author":[{"embeddable":true,"href":"https:\/\/www.web-rr.de\/GHS-Buecherei\/index.php\/wp-json\/wp\/v2\/users\/1"}],"replies":[{"embeddable":true,"href":"https:\/\/www.web-rr.de\/GHS-Buecherei\/index.php\/wp-json\/wp\/v2\/comments?post=5547"}],"version-history":[{"count":0,"href":"https:\/\/www.web-rr.de\/GHS-Buecherei\/index.php\/wp-json\/wp\/v2\/pages\/5547\/revisions"}],"wp:attachment":[{"href":"https:\/\/www.web-rr.de\/GHS-Buecherei\/index.php\/wp-json\/wp\/v2\/media?parent=5547"}],"curies":[{"name":"wp","href":"https:\/\/api.w.org\/{rel}","templated":true}]}}