{"id":5516,"date":"2021-02-23T20:00:00","date_gmt":"2021-02-23T20:00:00","guid":{"rendered":"https:\/\/www.web-rr.de\/GHS-Buecherei\/?page_id=5516"},"modified":"2021-02-22T23:59:59","modified_gmt":"2021-02-22T23:59:59","slug":"p2000001020722","status":"publish","type":"page","link":"https:\/\/www.web-rr.de\/GHS-Buecherei\/index.php\/p2000001020722\/","title":{"rendered":"Technik &#8211; Experimente 04"},"content":{"rendered":"<table><tbody><tr><td class='rDTitel' colspan='2'>Das Haus der kleinen Forscher: Spannende Experimente zum Selbermachen<\/td><\/tr><tr><td><span class='rDLabel1'>Status: <\/span><span class='rDText1Gruen'>vorhanden<\/span><\/td><td><span class='rDLabel1'>Antolin: <\/span><span class='rDText1Gruen'>ja, Empfehlung Klasse 3<\/span><\/td><\/tr><tr><td width=50%><img src='https:\/\/www.web-rr.de\/GHS-Buecherei\/wp-content\/uploads\/2000001020722.jpg' alt=''><\/td><td><p class='rDLabel2'>von <span class='rDText2'>Joachim Hecker<\/span><\/p><p class='rDLabel2'>Verlag: <span class='rDText2'>Rowohlt Taschenbuch Verlag,  2007,  19.90 \u20ac<\/span><\/p><p class='rDLabel2'>B\u00fccherei-Barcode: <span class='rDText2'>2000001020722<\/span><\/p><p class='rDLabel2'>In der B\u00fccherei erfasst am: <span class='rDText2'>01.04.2014<\/span><\/p><p class='rDLabel2'>Stichw\u00f6rter: <span class='rDText2'><\/span><\/p><p class='rDLabel2'>Lesealter ca. <span class='rDText2'>7<\/span><span class='rDLabel2'> Jahre<\/span><\/p><p class='rDLabel2'>Das Buch wurde <span class='rDText2'>1<\/span><span class='rDLabel2'> mal gelesen.<\/span><\/p><\/td><\/tr><tr><td colspan='2'><p class='rDLabel1'>Inhalt:<\/p><span class='rDText2'>Tauchen, ohne nass zu werden, Schlitten fahren ohne Schnee, eine Wetterstation aus Kiefernzapfen bauen oder Wasser bergauf flie\u00dfen lassen und viele andere verbl\u00fcffende Experimente f\u00fcr Kinder finden sich in diesem wunderbar illustrierten Buch. Da macht schon den Kleinen das Forschen Spa\u00df, und ganz nebenbei werden sie kl\u00fcger, erkunden spielerisch die Eigenschaften von Wasser und Luft, kl\u00e4ren Geheimnisse der Tier- und Pflanzenwelt auf oder untersuchen physikalische Ph\u00e4nomene wie Schwerkraft, Reibung, Dichte, Auftrieb, Magnetismus und optische T\u00e4uschungen. Sogar ihre Eltern k\u00f6nnen hier noch etwas lernen!Das Buch erscheint in Zusammenarbeit mit der Initiative \u00abHaus der kleinen Forscher\u00bb.<\/span><\/td><\/tr><tr><td colspan='2'><a href='#' onclick='history.back(); return false'>Zur\u00fcck<\/a><\/td><\/tr><\/tbody><\/table>\n","protected":false},"excerpt":{"rendered":"","protected":false},"author":1,"featured_media":0,"parent":0,"menu_order":0,"comment_status":"closed","ping_status":"closed","template":"","meta":[],"_links":{"self":[{"href":"https:\/\/www.web-rr.de\/GHS-Buecherei\/index.php\/wp-json\/wp\/v2\/pages\/5516"}],"collection":[{"href":"https:\/\/www.web-rr.de\/GHS-Buecherei\/index.php\/wp-json\/wp\/v2\/pages"}],"about":[{"href":"https:\/\/www.web-rr.de\/GHS-Buecherei\/index.php\/wp-json\/wp\/v2\/types\/page"}],"author":[{"embeddable":true,"href":"https:\/\/www.web-rr.de\/GHS-Buecherei\/index.php\/wp-json\/wp\/v2\/users\/1"}],"replies":[{"embeddable":true,"href":"https:\/\/www.web-rr.de\/GHS-Buecherei\/index.php\/wp-json\/wp\/v2\/comments?post=5516"}],"version-history":[{"count":0,"href":"https:\/\/www.web-rr.de\/GHS-Buecherei\/index.php\/wp-json\/wp\/v2\/pages\/5516\/revisions"}],"wp:attachment":[{"href":"https:\/\/www.web-rr.de\/GHS-Buecherei\/index.php\/wp-json\/wp\/v2\/media?parent=5516"}],"curies":[{"name":"wp","href":"https:\/\/api.w.org\/{rel}","templated":true}]}}