{"id":5512,"date":"2021-02-23T20:00:00","date_gmt":"2021-02-23T20:00:00","guid":{"rendered":"https:\/\/www.web-rr.de\/GHS-Buecherei\/?page_id=5512"},"modified":"2021-02-22T23:59:59","modified_gmt":"2021-02-22T23:59:59","slug":"p9783788622152","status":"publish","type":"page","link":"https:\/\/www.web-rr.de\/GHS-Buecherei\/index.php\/p9783788622152\/","title":{"rendered":"Technik &#8211; Allg. 18"},"content":{"rendered":"<table><tbody><tr><td class='rDTitel' colspan='2'>WAS IST WAS Junior Band 32. Technik zu Hause - Wie funktionieren Heizung, Telefon und Rauchmelder? Wie kommt man ins Internet?<\/td><\/tr><tr><td><span class='rDLabel1'>Status: <\/span><span class='rDText1Gruen'>vorhanden<\/span><\/td><td><span class='rDLabel1'>Antolin: <\/span><span class='rDText1Gruen'>ja, Empfehlung Klasse 3<\/span><\/td><\/tr><tr><td width=50%><img src='https:\/\/www.web-rr.de\/GHS-Buecherei\/wp-content\/uploads\/9783788622152.jpg' alt=''><\/td><td><p class='rDLabel2'>von <span class='rDText2'>Martin Stiefenhofer<\/span><\/p><p class='rDLabel2'>Verlag: <span class='rDText2'>Tessloff,  2018,  12.95 \u20ac<\/span><\/p><p class='rDLabel2'>B\u00fccherei-Barcode: <span class='rDText2'>9783788622152<\/span><\/p><p class='rDLabel2'>In der B\u00fccherei erfasst am: <span class='rDText2'>25.08.2020<\/span><\/p><p class='rDLabel2'>Stichw\u00f6rter: <span class='rDText2'>Heizung, Fernseher, Computer, K\u00fcchenmaschine<\/span><\/p><p class='rDLabel2'>Lesealter ca. <span class='rDText2'>7<\/span><span class='rDLabel2'> Jahre<\/span><\/p><p class='rDLabel2'>Das Buch wurde <span class='rDText2'>1<\/span><span class='rDLabel2'> mal gelesen.<\/span><\/p><\/td><\/tr><tr><td colspan='2'><p class='rDLabel1'>Inhalt:<\/p><span class='rDText2'>Ein Haus steckt vom Dachboden bis zum Keller voller Technik. Heizung, Fernseher, Computer oder K\u00fcchenmaschine - jedes Ger\u00e4t arbeitet anders. Und wie sieht die Technik von innen aus? Was pustet und pl\u00e4tschert im Bad? Wie f\u00e4hrt ein Spielzeugauto? Anhand farbenfroher Illustrationen, gespickt mit unz\u00e4hligen originellen Details erkl\u00e4rt das Junior-Sachbuch Kindern ab 4 Jahren ein spannendes Thema. Lustige Entdecker-Klappen, kleine Spiele, R\u00e4tsel und Experimente vertiefen erstes Wissen. \"Mach mit!\" Das einfachste Telefon der Welt kannst du schnell selbst basteln ... Oder ein selbstgemachtes Erdbeereis gef\u00e4llig? \"Unglaublich!\" Jeder Mensch in Deutschland braucht t\u00e4glich 35 Liter Wasser - und zwar nur f\u00fcr die Klosp\u00fclung! \"Schon gewusst?\" Strom ist gef\u00e4hrlich! Deshalb Stecker nur am Gummigriff anfassen und nichts anderes in die Steckose stecken!\n\r\n\r<\/span><\/td><\/tr><tr><td colspan='2'><a href='#' onclick='history.back(); return false'>Zur\u00fcck<\/a><\/td><\/tr><\/tbody><\/table>\n","protected":false},"excerpt":{"rendered":"","protected":false},"author":1,"featured_media":0,"parent":0,"menu_order":0,"comment_status":"closed","ping_status":"closed","template":"","meta":[],"_links":{"self":[{"href":"https:\/\/www.web-rr.de\/GHS-Buecherei\/index.php\/wp-json\/wp\/v2\/pages\/5512"}],"collection":[{"href":"https:\/\/www.web-rr.de\/GHS-Buecherei\/index.php\/wp-json\/wp\/v2\/pages"}],"about":[{"href":"https:\/\/www.web-rr.de\/GHS-Buecherei\/index.php\/wp-json\/wp\/v2\/types\/page"}],"author":[{"embeddable":true,"href":"https:\/\/www.web-rr.de\/GHS-Buecherei\/index.php\/wp-json\/wp\/v2\/users\/1"}],"replies":[{"embeddable":true,"href":"https:\/\/www.web-rr.de\/GHS-Buecherei\/index.php\/wp-json\/wp\/v2\/comments?post=5512"}],"version-history":[{"count":0,"href":"https:\/\/www.web-rr.de\/GHS-Buecherei\/index.php\/wp-json\/wp\/v2\/pages\/5512\/revisions"}],"wp:attachment":[{"href":"https:\/\/www.web-rr.de\/GHS-Buecherei\/index.php\/wp-json\/wp\/v2\/media?parent=5512"}],"curies":[{"name":"wp","href":"https:\/\/api.w.org\/{rel}","templated":true}]}}