{"id":5510,"date":"2021-02-23T20:00:00","date_gmt":"2021-02-23T20:00:00","guid":{"rendered":"https:\/\/www.web-rr.de\/GHS-Buecherei\/?page_id=5510"},"modified":"2021-02-22T23:59:59","modified_gmt":"2021-02-22T23:59:59","slug":"p9783957861252","status":"publish","type":"page","link":"https:\/\/www.web-rr.de\/GHS-Buecherei\/index.php\/p9783957861252\/","title":{"rendered":"Technik &#8211; Allg. 16"},"content":{"rendered":"<table><tbody><tr><td class='rDTitel' colspan='2'>Das gro\u00dfe Buch vom Legoland\u00ae Deutschland Resort<\/td><\/tr><tr><td><span class='rDLabel1'>Status: <\/span><span class='rDText1Gruen'>vorhanden<\/span><\/td><td><span class='rDLabel1'>Antolin: <\/span><span class='rDText1Rot'>Quiz nicht vorhanden.<\/span><\/td><\/tr><tr><td width=50%><img src='https:\/\/www.web-rr.de\/GHS-Buecherei\/wp-content\/uploads\/9783957861252.jpg' alt=''><\/td><td><p class='rDLabel2'>von <span class='rDText2'>Lisa Schwenk<\/span><\/p><p class='rDLabel2'>Verlag: <span class='rDText2'>Wissner-Verlag,  2017,  17.99 \u20ac<\/span><\/p><p class='rDLabel2'>B\u00fccherei-Barcode: <span class='rDText2'>9783957861252<\/span><\/p><p class='rDLabel2'>In der B\u00fccherei erfasst am: <span class='rDText2'>13.01.2020<\/span><\/p><p class='rDLabel2'>Stichw\u00f6rter: <span class='rDText2'>Burgen, Schatzkammern, Dschungel, Pyramiden, Rennfahrerin, Pirat, Erfinderin, Verbrecherj\u00e4ger, Drachenz\u00e4hmerin, Ninja<\/span><\/p><p class='rDLabel2'>Lesealter ca. <span class='rDText2'>-<\/span><span class='rDLabel2'> Jahre<\/span><\/p><p class='rDLabel2'>Das Buch wurde <span class='rDText2'>2<\/span><span class='rDLabel2'> mal gelesen.<\/span><\/p><\/td><\/tr><tr><td colspan='2'><p class='rDLabel1'>Inhalt:<\/p><span class='rDText2'>Gro\u00dfartiges erwartet dich! Burgen und Schatzkammern, Dschungel und Pyramiden, die Tiefen der Ozeane und fantastische Modelle gebaut aus \u00fcber 56 Millionen LEGO\u00ae Steinen - so viel Gro\u00dfartiges gibt es im LEGOLAND\u00ae Deutschland zu entdecken. Hier kannst du ein edler Ritter oder eine mutige Prinzessin sein, Rennfahrerin, Pirat, Erfinderin, Verbrecherj\u00e4ger, Drachenz\u00e4hmerin, Ninja und vieles mehr! Neun Abenteuerwelten, faszinierende LEGO Modelle, lustige Shows, knifflige T\u00fcfteleien und rasante Achterbahnen warten auf dich. Doch wer baut eigentlich die ganzen Geb\u00e4ude und Figuren? Warum bewegen sie sich wie von Zauberhand? Was passiert mit dem Park im Winter? Machen die Dinos und Dschungeltiere dann Winterschlaf? Und wie hat \u00fcberhaupt alles mit dem LEGOLAND angefangen? Komm mit auf einen spannenden Rundgang durch den Park und das angrenzende Feriendorf. Denn auch hinter den Kulissen gibt es jede Menge zu bestaunen. Wir verraten dir alles \u00fcber die exotische LEGO NINJAGO\u00ae Welt, wie viele LEGO Steine in der Allianz Arena stecken, wie der 4D-Film funktioniert, was in den letzten 15 Jahren im LEGOLAND alles passiert ist und warum du hier so richtig k\u00f6niglich schlafen kannst. Schlag die Seiten auf und st\u00fcrz dich ins Abenteuer!<\/span><\/td><\/tr><tr><td colspan='2'><a href='#' onclick='history.back(); return false'>Zur\u00fcck<\/a><\/td><\/tr><\/tbody><\/table>\n","protected":false},"excerpt":{"rendered":"","protected":false},"author":1,"featured_media":0,"parent":0,"menu_order":0,"comment_status":"closed","ping_status":"closed","template":"","meta":[],"_links":{"self":[{"href":"https:\/\/www.web-rr.de\/GHS-Buecherei\/index.php\/wp-json\/wp\/v2\/pages\/5510"}],"collection":[{"href":"https:\/\/www.web-rr.de\/GHS-Buecherei\/index.php\/wp-json\/wp\/v2\/pages"}],"about":[{"href":"https:\/\/www.web-rr.de\/GHS-Buecherei\/index.php\/wp-json\/wp\/v2\/types\/page"}],"author":[{"embeddable":true,"href":"https:\/\/www.web-rr.de\/GHS-Buecherei\/index.php\/wp-json\/wp\/v2\/users\/1"}],"replies":[{"embeddable":true,"href":"https:\/\/www.web-rr.de\/GHS-Buecherei\/index.php\/wp-json\/wp\/v2\/comments?post=5510"}],"version-history":[{"count":0,"href":"https:\/\/www.web-rr.de\/GHS-Buecherei\/index.php\/wp-json\/wp\/v2\/pages\/5510\/revisions"}],"wp:attachment":[{"href":"https:\/\/www.web-rr.de\/GHS-Buecherei\/index.php\/wp-json\/wp\/v2\/media?parent=5510"}],"curies":[{"name":"wp","href":"https:\/\/api.w.org\/{rel}","templated":true}]}}