{"id":5501,"date":"2021-02-23T20:00:00","date_gmt":"2021-02-23T20:00:00","guid":{"rendered":"https:\/\/www.web-rr.de\/GHS-Buecherei\/?page_id=5501"},"modified":"2021-02-22T23:59:59","modified_gmt":"2021-02-22T23:59:59","slug":"p9783831030729","status":"publish","type":"page","link":"https:\/\/www.web-rr.de\/GHS-Buecherei\/index.php\/p9783831030729\/","title":{"rendered":"Technik &#8211; Allg. 07"},"content":{"rendered":"<table><tbody><tr><td class='rDTitel' colspan='2'>Das neue gro\u00dfe Mammut-Buch der Technik<\/td><\/tr><tr><td><span class='rDLabel1'>Status: <\/span><span class='rDText1Gruen'>vorhanden<\/span><\/td><td><span class='rDLabel1'>Antolin: <\/span><span class='rDText1Gruen'>ja, Empfehlung Klasse 6<\/span><\/td><\/tr><tr><td width=50%><img src='https:\/\/www.web-rr.de\/GHS-Buecherei\/wp-content\/uploads\/9783831030729.jpg' alt=''><\/td><td><p class='rDLabel2'>von <span class='rDText2'>David Macaulay<\/span><\/p><p class='rDLabel2'>Verlag: <span class='rDText2'>Dorling Kindersley,  2016,  24.95 \u20ac<\/span><\/p><p class='rDLabel2'>B\u00fccherei-Barcode: <span class='rDText2'>9783831030729<\/span><\/p><p class='rDLabel2'>In der B\u00fccherei erfasst am: <span class='rDText2'>29.10.2018<\/span><\/p><p class='rDLabel2'>Stichw\u00f6rter: <span class='rDText2'>R\u00f6ntgenstrahlen, Maschinen, Digitale Welt, Mammut<\/span><\/p><p class='rDLabel2'>Lesealter ca. <span class='rDText2'>10<\/span><span class='rDLabel2'> Jahre<\/span><\/p><p class='rDLabel2'>Das Buch wurde <span class='rDText2'>0<\/span><span class='rDLabel2'> mal gelesen.<\/span><\/p><\/td><\/tr><tr><td colspan='2'><p class='rDLabel1'>Inhalt:<\/p><span class='rDText2'>Wie funktionieren R\u00f6ntgenstrahlen und woher wei\u00df das Brot, wann es aus dem Toaster zu h\u00fcpfen hat? Technik ist keine Hexerei. Gut erkl\u00e4rt, wird sie fast zum Kinderspiel. In diesem Buch zeigt David Macaulays zotteliges Mammut auf unterhaltsame Weise, wie Maschinen und die digitale Welt funktionieren. Ein Querschnitt, eine Aufbauskizze dort \u2013 und mittendrinnen das Mammut! Von der Toilettensp\u00fclung \u00fcber die Energiesparlampe bis hin zum Smartphone bringt das fortschrittliche R\u00fcsseltier Kindern (und auch neugierigen Erwachsenen) komplexe Zusammenh\u00e4nge ganz einfach n\u00e4her. Lustige Illustrationen und eing\u00e4ngige Texte f\u00f6rdern das naturwissenschaftliche Verst\u00e4ndnis. Durch diesen innovativen Rahmen werden auch Technikmuffel einen Riesenspa\u00df dabei haben, Alltagsdingen auf den Grund zu gehen. Das Kult-Buch f\u00fcr die ganze Familie von David Macaulay wurde umfassend \u00fcberarbeitet und mit hochaktuellen Themen aufgefrischt.<\/span><\/td><\/tr><tr><td colspan='2'><a href='#' onclick='history.back(); return false'>Zur\u00fcck<\/a><\/td><\/tr><\/tbody><\/table>\n","protected":false},"excerpt":{"rendered":"","protected":false},"author":1,"featured_media":0,"parent":0,"menu_order":0,"comment_status":"closed","ping_status":"closed","template":"","meta":[],"_links":{"self":[{"href":"https:\/\/www.web-rr.de\/GHS-Buecherei\/index.php\/wp-json\/wp\/v2\/pages\/5501"}],"collection":[{"href":"https:\/\/www.web-rr.de\/GHS-Buecherei\/index.php\/wp-json\/wp\/v2\/pages"}],"about":[{"href":"https:\/\/www.web-rr.de\/GHS-Buecherei\/index.php\/wp-json\/wp\/v2\/types\/page"}],"author":[{"embeddable":true,"href":"https:\/\/www.web-rr.de\/GHS-Buecherei\/index.php\/wp-json\/wp\/v2\/users\/1"}],"replies":[{"embeddable":true,"href":"https:\/\/www.web-rr.de\/GHS-Buecherei\/index.php\/wp-json\/wp\/v2\/comments?post=5501"}],"version-history":[{"count":0,"href":"https:\/\/www.web-rr.de\/GHS-Buecherei\/index.php\/wp-json\/wp\/v2\/pages\/5501\/revisions"}],"wp:attachment":[{"href":"https:\/\/www.web-rr.de\/GHS-Buecherei\/index.php\/wp-json\/wp\/v2\/media?parent=5501"}],"curies":[{"name":"wp","href":"https:\/\/api.w.org\/{rel}","templated":true}]}}