{"id":5500,"date":"2021-02-23T20:00:00","date_gmt":"2021-02-23T20:00:00","guid":{"rendered":"https:\/\/www.web-rr.de\/GHS-Buecherei\/?page_id=5500"},"modified":"2021-02-22T23:59:59","modified_gmt":"2021-02-22T23:59:59","slug":"p9783831027019","status":"publish","type":"page","link":"https:\/\/www.web-rr.de\/GHS-Buecherei\/index.php\/p9783831027019\/","title":{"rendered":"Technik &#8211; Allg. 06"},"content":{"rendered":"<table><tbody><tr><td class='rDTitel' colspan='2'>100 Erfindungen, die die Welt ver\u00e4ndert haben<\/td><\/tr><tr><td><span class='rDLabel1'>Status: <\/span><span class='rDText1Gruen'>vorhanden<\/span><\/td><td><span class='rDLabel1'>Antolin: <\/span><span class='rDText1Gruen'>ja, Empfehlung Klasse 4<\/span><\/td><\/tr><tr><td width=50%><img src='https:\/\/www.web-rr.de\/GHS-Buecherei\/wp-content\/uploads\/9783831027019.jpg' alt=''><\/td><td><p class='rDLabel2'>von <span class='rDText2'><\/span><\/p><p class='rDLabel2'>Verlag: <span class='rDText2'>Dorling Kindersley Verlag GmbH,  2015,  14.95 \u20ac<\/span><\/p><p class='rDLabel2'>B\u00fccherei-Barcode: <span class='rDText2'>9783831027019<\/span><\/p><p class='rDLabel2'>In der B\u00fccherei erfasst am: <span class='rDText2'>29.10.2018<\/span><\/p><p class='rDLabel2'>Stichw\u00f6rter: <span class='rDText2'>Rads, K\u00fchlschrank, Computer, Schokolade, Verkehr, Medizin, Arbeit,  Kommunikation, Freizeit, Kleidung, Haushalt<\/span><\/p><p class='rDLabel2'>Lesealter ca. <span class='rDText2'>8<\/span><span class='rDLabel2'> Jahre<\/span><\/p><p class='rDLabel2'>Das Buch wurde <span class='rDText2'>0<\/span><span class='rDLabel2'> mal gelesen.<\/span><\/p><\/td><\/tr><tr><td colspan='2'><p class='rDLabel1'>Inhalt:<\/p><span class='rDText2'>Was w\u00e4re die Welt ohne die Erfindung des Rads, des K\u00fchlschranks, des Computers oder Schokolade? Unvorstellbar! Findige Forscher und T\u00fcftler haben in vielen verschiedenen Bereichen Weltgeschichte geschrieben. Ihre Erfindungen pr\u00e4gen und erleichtern bis heute unser t\u00e4gliches Leben \u2013 von Verkehr und Medizin, \u00fcber Arbeit und Kommunikation bis hin zu Freizeit, Kleidung und Haushalt. In unterhaltsamen Texten und mit vielen Fotos und witzigen Illustrationen stellt dieses Buch 100 Erfindungen vor, die Geschichte geschrieben und die Welt ver\u00e4ndert haben. Kleine Text-K\u00e4sten erz\u00e4hlen erstaunliche oder lustige Fakten: So erf\u00e4hrt man beispielsweise, dass Albert Einstein einen K\u00fchlschrank erfunden hat, Bertha Benz bei einer Testfahrt im Auto ihres Mannes mit Unterw\u00e4sche einen Draht isolierte oder der Strichcode am Strand erfunden wurde. Auf lockere Art und mit viel Spa\u00df lernen Kinder so die wichtigsten Erfindungen der Weltgeschichte kennen.<\/span><\/td><\/tr><tr><td colspan='2'><a href='#' onclick='history.back(); return false'>Zur\u00fcck<\/a><\/td><\/tr><\/tbody><\/table>\n","protected":false},"excerpt":{"rendered":"","protected":false},"author":1,"featured_media":0,"parent":0,"menu_order":0,"comment_status":"closed","ping_status":"closed","template":"","meta":[],"_links":{"self":[{"href":"https:\/\/www.web-rr.de\/GHS-Buecherei\/index.php\/wp-json\/wp\/v2\/pages\/5500"}],"collection":[{"href":"https:\/\/www.web-rr.de\/GHS-Buecherei\/index.php\/wp-json\/wp\/v2\/pages"}],"about":[{"href":"https:\/\/www.web-rr.de\/GHS-Buecherei\/index.php\/wp-json\/wp\/v2\/types\/page"}],"author":[{"embeddable":true,"href":"https:\/\/www.web-rr.de\/GHS-Buecherei\/index.php\/wp-json\/wp\/v2\/users\/1"}],"replies":[{"embeddable":true,"href":"https:\/\/www.web-rr.de\/GHS-Buecherei\/index.php\/wp-json\/wp\/v2\/comments?post=5500"}],"version-history":[{"count":0,"href":"https:\/\/www.web-rr.de\/GHS-Buecherei\/index.php\/wp-json\/wp\/v2\/pages\/5500\/revisions"}],"wp:attachment":[{"href":"https:\/\/www.web-rr.de\/GHS-Buecherei\/index.php\/wp-json\/wp\/v2\/media?parent=5500"}],"curies":[{"name":"wp","href":"https:\/\/api.w.org\/{rel}","templated":true}]}}