{"id":5497,"date":"2021-02-23T20:00:00","date_gmt":"2021-02-23T20:00:00","guid":{"rendered":"https:\/\/www.web-rr.de\/GHS-Buecherei\/?page_id=5497"},"modified":"2021-02-22T23:59:59","modified_gmt":"2021-02-22T23:59:59","slug":"p9783958431591","status":"publish","type":"page","link":"https:\/\/www.web-rr.de\/GHS-Buecherei\/index.php\/p9783958431591\/","title":{"rendered":"Technik &#8211; Allg. 03"},"content":{"rendered":"<table><tbody><tr><td class='rDTitel' colspan='2'>LEGO TRICKS: Die Geheimtipps der Legoprofis<\/td><\/tr><tr><td><span class='rDLabel1'>Status: <\/span><span class='rDText1Rot'>ausgeliehen<\/span><\/td><td><span class='rDLabel1'>Antolin: <\/span><span class='rDText1Rot'>Quiz nicht vorhanden.<\/span><\/td><\/tr><tr><td width=50%><img src='https:\/\/www.web-rr.de\/GHS-Buecherei\/wp-content\/uploads\/9783958431591.jpg' alt=''><\/td><td><p class='rDLabel2'>von <span class='rDText2'>Joachim Klang und Philipp Honvehlmann<\/span><\/p><p class='rDLabel2'>Verlag: <span class='rDText2'>Heel,  2015,  19.99 \u20ac<\/span><\/p><p class='rDLabel2'>B\u00fccherei-Barcode: <span class='rDText2'>9783958431591<\/span><\/p><p class='rDLabel2'>In der B\u00fccherei erfasst am: <span class='rDText2'>01.05.2017<\/span><\/p><p class='rDLabel2'>Stichw\u00f6rter: <span class='rDText2'>Lego, Bauen<\/span><\/p><p class='rDLabel2'>Lesealter ca. <span class='rDText2'>-<\/span><span class='rDLabel2'> Jahre<\/span><\/p><p class='rDLabel2'>Das Buch wurde <span class='rDText2'>18<\/span><span class='rDLabel2'> mal gelesen.<\/span><\/p><\/td><\/tr><tr><td colspan='2'><p class='rDLabel1'>Inhalt:<\/p><span class='rDText2'>Ein Muss f\u00fcr gro\u00dfe und kleine Lego-Fans: Der neue Band der erfolgreichen Lego-B\u00fccher von HEEL!Mit zahlreichen Schritt-f\u00fcr-Schritt-Anleitungen!Spitzen Preis-Leistungs-Verh\u00e4ltnis: 400 Seiten mit unz\u00e4hligen Tipps und Tricks!Viele Fotos der Lego-Welten von Joe \u2013 unglaublich kreativ und inspirierend!Wie werden die Teile verbunden? Welches Element hast du dort verbaut? Wie sieht das Innere des Modells aus? Welche Farbe ist das? Wie bist du auf die Idee gekommen? Im f\u00fcnften Band unserer LEGO Erfolgsreihe widmen wir uns der Beantwortung dieser und etlicher anderer Fragen rund um das farbenfrohe Konstruktionsspielzeug und demonstrieren an unz\u00e4hligen Modellen die verschiedensten Bautechniken, Tipps und Tricks. Dabei beschr\u00e4nken wir uns nicht auf die Auflistung einzelner Steckverbindungen, sondern zeigen sie immer auch verbaut in den unterschiedlichsten Modellen und geben so zugleich zahlreiche Anregungen f\u00fcr eigene Kreationen, seien es H\u00e4user, Fahrzeuge, Raumschiffe, Figuren oder kleines Zubeh\u00f6r.In diesem Buch greifen wir au\u00dferdem einige spannende Themen auf und zeigen euch in unseren Modellen unsere Interpretationen, darunter die zweckentfremdete Verwendung verschiedener Elemente, Bewegungssimulationen oder perspektivische Szenen.Da es LEGO Steine inzwischen in etwa 130 Farben und Schattierungen gibt, haben wir es uns au\u00dferdem zur Aufgabe gemacht, alle g\u00e4ngigen Farben mindestens einmal im Buch zu verwenden und zu benennen. Und nat\u00fcrlich haben wir auch wieder einige Bauanleitungen untergebracht.<\/span><\/td><\/tr><tr><td colspan='2'><a href='#' onclick='history.back(); return false'>Zur\u00fcck<\/a><\/td><\/tr><\/tbody><\/table>\n","protected":false},"excerpt":{"rendered":"","protected":false},"author":1,"featured_media":0,"parent":0,"menu_order":0,"comment_status":"closed","ping_status":"closed","template":"","meta":[],"_links":{"self":[{"href":"https:\/\/www.web-rr.de\/GHS-Buecherei\/index.php\/wp-json\/wp\/v2\/pages\/5497"}],"collection":[{"href":"https:\/\/www.web-rr.de\/GHS-Buecherei\/index.php\/wp-json\/wp\/v2\/pages"}],"about":[{"href":"https:\/\/www.web-rr.de\/GHS-Buecherei\/index.php\/wp-json\/wp\/v2\/types\/page"}],"author":[{"embeddable":true,"href":"https:\/\/www.web-rr.de\/GHS-Buecherei\/index.php\/wp-json\/wp\/v2\/users\/1"}],"replies":[{"embeddable":true,"href":"https:\/\/www.web-rr.de\/GHS-Buecherei\/index.php\/wp-json\/wp\/v2\/comments?post=5497"}],"version-history":[{"count":0,"href":"https:\/\/www.web-rr.de\/GHS-Buecherei\/index.php\/wp-json\/wp\/v2\/pages\/5497\/revisions"}],"wp:attachment":[{"href":"https:\/\/www.web-rr.de\/GHS-Buecherei\/index.php\/wp-json\/wp\/v2\/media?parent=5497"}],"curies":[{"name":"wp","href":"https:\/\/api.w.org\/{rel}","templated":true}]}}