{"id":5493,"date":"2021-02-23T20:00:00","date_gmt":"2021-02-23T20:00:00","guid":{"rendered":"https:\/\/www.web-rr.de\/GHS-Buecherei\/?page_id=5493"},"modified":"2021-02-22T23:59:59","modified_gmt":"2021-02-22T23:59:59","slug":"p9783833903908","status":"publish","type":"page","link":"https:\/\/www.web-rr.de\/GHS-Buecherei\/index.php\/p9783833903908\/","title":{"rendered":"Spa\u00df 38"},"content":{"rendered":"<table><tbody><tr><td class='rDTitel' colspan='2'>Das verr\u00fcckte Baumhaus - mit 13 Stockwerken: Band 1<\/td><\/tr><tr><td><span class='rDLabel1'>Status: <\/span><span class='rDText1Gruen'>vorhanden<\/span><\/td><td><span class='rDLabel1'>Antolin: <\/span><span class='rDText1Gruen'>ja, Empfehlung Klasse 5<\/span><\/td><\/tr><tr><td width=50%><img src='https:\/\/www.web-rr.de\/GHS-Buecherei\/wp-content\/uploads\/9783833903908.jpg' alt=''><\/td><td><p class='rDLabel2'>von <span class='rDText2'>Andy Griffiths<\/span><\/p><p class='rDLabel2'>Verlag: <span class='rDText2'>Baumhaus,  2016,  12.99 \u20ac<\/span><\/p><p class='rDLabel2'>B\u00fccherei-Barcode: <span class='rDText2'>9783833903908<\/span><\/p><p class='rDLabel2'>In der B\u00fccherei erfasst am: <span class='rDText2'>14.01.2019<\/span><\/p><p class='rDLabel2'>Stichw\u00f6rter: <span class='rDText2'>Gregs Tagebuch, Schmunzeln, kichern, lachen, Gorillas, Geheimlabor<\/span><\/p><p class='rDLabel2'>Lesealter ca. <span class='rDText2'>9<\/span><span class='rDLabel2'> Jahre<\/span><\/p><p class='rDLabel2'>Das Buch wurde <span class='rDText2'>0<\/span><span class='rDLabel2'> mal gelesen.<\/span><\/p><\/td><\/tr><tr><td colspan='2'><p class='rDLabel1'>Inhalt:<\/p><span class='rDText2'>Vom Bestsellerautor von Gregs Tagebuch empfohlen! Mal ehrlich: Wer w\u00fcrde nicht gern in einem Baumhaus wohnen? Und noch dazu in einem Baumhaus mit 13 Stockwerken, einer Bowlingbahn, einem Swimmingpool, einem unterirdischen Geheimlabor, einem Spielezimmer und einer vollautomatischen Marshmallow-Wurfmaschine? In genau so einem Baumhaus leben die Freunde Andy und Terry und stolpern von einem schr\u00e4gen Abenteuer ins n\u00e4chste. So bekommen sie es nicht nur mit \u00fcbergro\u00dfen Bananen und Riesengorillas zu tun, sondern auch mit einer fliegenden Katze und einem fiesen Seemonster. Denn Vorsicht, in einem 13-st\u00f6ckigen Baumhaus kann so ziemlich alles passieren ...Vom Bestsellerautor Jeff Kinney, dem Vater von Greg, empfohlen: \"Schmunzeln, kichern, lachen. Mit jedem Stockwerk schraubt Griffiths die Gags in die H\u00f6he!\"Alle Fans von Gregs Tagebuch werden sich auch bei diesem Buch die B\u00e4uche halten vor Lachen!<\/span><\/td><\/tr><tr><td colspan='2'><a href='#' onclick='history.back(); return false'>Zur\u00fcck<\/a><\/td><\/tr><\/tbody><\/table>\n","protected":false},"excerpt":{"rendered":"","protected":false},"author":1,"featured_media":0,"parent":0,"menu_order":0,"comment_status":"closed","ping_status":"closed","template":"","meta":[],"_links":{"self":[{"href":"https:\/\/www.web-rr.de\/GHS-Buecherei\/index.php\/wp-json\/wp\/v2\/pages\/5493"}],"collection":[{"href":"https:\/\/www.web-rr.de\/GHS-Buecherei\/index.php\/wp-json\/wp\/v2\/pages"}],"about":[{"href":"https:\/\/www.web-rr.de\/GHS-Buecherei\/index.php\/wp-json\/wp\/v2\/types\/page"}],"author":[{"embeddable":true,"href":"https:\/\/www.web-rr.de\/GHS-Buecherei\/index.php\/wp-json\/wp\/v2\/users\/1"}],"replies":[{"embeddable":true,"href":"https:\/\/www.web-rr.de\/GHS-Buecherei\/index.php\/wp-json\/wp\/v2\/comments?post=5493"}],"version-history":[{"count":0,"href":"https:\/\/www.web-rr.de\/GHS-Buecherei\/index.php\/wp-json\/wp\/v2\/pages\/5493\/revisions"}],"wp:attachment":[{"href":"https:\/\/www.web-rr.de\/GHS-Buecherei\/index.php\/wp-json\/wp\/v2\/media?parent=5493"}],"curies":[{"name":"wp","href":"https:\/\/api.w.org\/{rel}","templated":true}]}}