{"id":5479,"date":"2021-02-23T20:00:00","date_gmt":"2021-02-23T20:00:00","guid":{"rendered":"https:\/\/www.web-rr.de\/GHS-Buecherei\/?page_id=5479"},"modified":"2021-02-22T23:59:59","modified_gmt":"2021-02-22T23:59:59","slug":"p9783864580192","status":"publish","type":"page","link":"https:\/\/www.web-rr.de\/GHS-Buecherei\/index.php\/p9783864580192\/","title":{"rendered":"Spa\u00df 24"},"content":{"rendered":"<table><tbody><tr><td class='rDTitel' colspan='2'>Der kleine Prinz, Band 11: Der Planet der B\u00fccher<\/td><\/tr><tr><td><span class='rDLabel1'>Status: <\/span><span class='rDText1Gruen'>vorhanden<\/span><\/td><td><span class='rDLabel1'>Antolin: <\/span><span class='rDText1Gruen'>ja, Empfehlung Klasse 3<\/span><\/td><\/tr><tr><td width=50%><img src='https:\/\/www.web-rr.de\/GHS-Buecherei\/wp-content\/uploads\/9783864580192.jpg' alt=''><\/td><td><p class='rDLabel2'>von <span class='rDText2'>Antoine de Saint-Exup\u00e9ry<\/span><\/p><p class='rDLabel2'>Verlag: <span class='rDText2'>Egmont Balloon,  2013,  8.99 \u20ac<\/span><\/p><p class='rDLabel2'>B\u00fccherei-Barcode: <span class='rDText2'>9783864580192<\/span><\/p><p class='rDLabel2'>In der B\u00fccherei erfasst am: <span class='rDText2'>01.03.2015<\/span><\/p><p class='rDLabel2'>Stichw\u00f6rter: <span class='rDText2'>Prinz<\/span><\/p><p class='rDLabel2'>Lesealter ca. <span class='rDText2'>7<\/span><span class='rDLabel2'> Jahre<\/span><\/p><p class='rDLabel2'>Das Buch wurde <span class='rDText2'>4<\/span><span class='rDLabel2'> mal gelesen.<\/span><\/p><\/td><\/tr><tr><td colspan='2'><p class='rDLabel1'>Inhalt:<\/p><span class='rDText2'>Der kleine Prinz feiert Jubil\u00e4um! 1943 erstmals ver\u00f6ffentlicht, verzaubert Saint-Exup\u00e9rys Erz\u00e4hlung \u00fcber Freundschaft und Menschlichkeit schon seit 70 Jahren Kinder und Erwachsene auf der ganzen Welt. Die Comics zur 3D-animierten TV-Serie f\u00fchren den kleinen Prinzen und den Fuchs auf immer neue Planeten, deren Bewohner von der Schlange auf den falschen Weg gebracht wurden. Der kleine Prinz hilft Frieden und Ordnung durch Offenheit und kindlichen Charme wiederherzustellen. Der Planet der B\u00fccher: Was ist los auf diesem Planeten? Seit einiger Zeit fliegen die B\u00fccher davon und verschwinden! Wer macht sich einen Spa\u00df daraus, den B\u00fcrgern ihren Lesestoff wegzunehmen? Der kleine Prinz forscht nach und st\u00f6\u00dft auf eine Geschichte von Liebe und Eifersucht...<\/span><\/td><\/tr><tr><td colspan='2'><a href='#' onclick='history.back(); return false'>Zur\u00fcck<\/a><\/td><\/tr><\/tbody><\/table>\n","protected":false},"excerpt":{"rendered":"","protected":false},"author":1,"featured_media":0,"parent":0,"menu_order":0,"comment_status":"closed","ping_status":"closed","template":"","meta":[],"_links":{"self":[{"href":"https:\/\/www.web-rr.de\/GHS-Buecherei\/index.php\/wp-json\/wp\/v2\/pages\/5479"}],"collection":[{"href":"https:\/\/www.web-rr.de\/GHS-Buecherei\/index.php\/wp-json\/wp\/v2\/pages"}],"about":[{"href":"https:\/\/www.web-rr.de\/GHS-Buecherei\/index.php\/wp-json\/wp\/v2\/types\/page"}],"author":[{"embeddable":true,"href":"https:\/\/www.web-rr.de\/GHS-Buecherei\/index.php\/wp-json\/wp\/v2\/users\/1"}],"replies":[{"embeddable":true,"href":"https:\/\/www.web-rr.de\/GHS-Buecherei\/index.php\/wp-json\/wp\/v2\/comments?post=5479"}],"version-history":[{"count":0,"href":"https:\/\/www.web-rr.de\/GHS-Buecherei\/index.php\/wp-json\/wp\/v2\/pages\/5479\/revisions"}],"wp:attachment":[{"href":"https:\/\/www.web-rr.de\/GHS-Buecherei\/index.php\/wp-json\/wp\/v2\/media?parent=5479"}],"curies":[{"name":"wp","href":"https:\/\/api.w.org\/{rel}","templated":true}]}}