{"id":5477,"date":"2021-02-23T20:00:00","date_gmt":"2021-02-23T20:00:00","guid":{"rendered":"https:\/\/www.web-rr.de\/GHS-Buecherei\/?page_id=5477"},"modified":"2021-02-22T23:59:59","modified_gmt":"2021-02-22T23:59:59","slug":"p2000001020791","status":"publish","type":"page","link":"https:\/\/www.web-rr.de\/GHS-Buecherei\/index.php\/p2000001020791\/","title":{"rendered":"Spa\u00df 21"},"content":{"rendered":"<table><tbody><tr><td class='rDTitel' colspan='2'>Disneys Das Dschungelbuch<\/td><\/tr><tr><td><span class='rDLabel1'>Status: <\/span><span class='rDText1Gruen'>vorhanden<\/span><\/td><td><span class='rDLabel1'>Antolin: <\/span><span class='rDText1Gruen'>ja, Empfehlung Klasse 4<\/span><\/td><\/tr><tr><td width=50%><img src='https:\/\/www.web-rr.de\/GHS-Buecherei\/wp-content\/uploads\/2000001020791.jpg' alt=''><\/td><td><p class='rDLabel2'>von <span class='rDText2'>Taylor<\/span><\/p><p class='rDLabel2'>Verlag: <span class='rDText2'>-<\/span><\/p><p class='rDLabel2'>B\u00fccherei-Barcode: <span class='rDText2'>2000001020791<\/span><\/p><p class='rDLabel2'>In der B\u00fccherei erfasst am: <span class='rDText2'>01.04.2014<\/span><\/p><p class='rDLabel2'>Stichw\u00f6rter: <span class='rDText2'>Regenwald, Mowgli, Mogli, Tropen, Wildnis, Dschungelbuch, Disney<\/span><\/p><p class='rDLabel2'>Lesealter ca. <span class='rDText2'>8<\/span><span class='rDLabel2'> Jahre<\/span><\/p><p class='rDLabel2'>Das Buch wurde <span class='rDText2'>3<\/span><span class='rDLabel2'> mal gelesen.<\/span><\/p><\/td><\/tr><tr><td colspan='2'><p class='rDLabel1'>Inhalt:<\/p><span class='rDText2'>Die beliebte Geschichte von Mogli und Balu sowie drei weitere, liebevoll nacherz\u00e4hlte Abenteuer in einer Ausgabe! Mit farbigen Illustrationen auf jeder Seite ist dieses Vorlesebuch ein Erlebnis f\u00fcr Kinder und Eltern. Mogli ist ein ganz normaler Junge mit jeder Menge Flausen im Kopf. Nur w\u00e4chst er mitten im indischen Dschungel bei einer Wolfsfamilie auf. Seine besten Freunde, der Panter Baghira und der B\u00e4r Balu, zeigen ihm alles, was ein Dschungelbewohner wissen muss, besch\u00fctzen ihn w\u00e4hrend seiner gef\u00e4hrlichen Abenteuer und sind immer zu Sp\u00e4\u00dfen aufgelegt. Die Loewe Kinderklassiker zum Vorlesen bringen die ganze Familie zum Lachen und Staunen. Kindgerechte Texte, viele bunte Illustrationen und spannende Geschichten!<\/span><\/td><\/tr><tr><td colspan='2'><a href='#' onclick='history.back(); return false'>Zur\u00fcck<\/a><\/td><\/tr><\/tbody><\/table>\n","protected":false},"excerpt":{"rendered":"","protected":false},"author":1,"featured_media":0,"parent":0,"menu_order":0,"comment_status":"closed","ping_status":"closed","template":"","meta":[],"_links":{"self":[{"href":"https:\/\/www.web-rr.de\/GHS-Buecherei\/index.php\/wp-json\/wp\/v2\/pages\/5477"}],"collection":[{"href":"https:\/\/www.web-rr.de\/GHS-Buecherei\/index.php\/wp-json\/wp\/v2\/pages"}],"about":[{"href":"https:\/\/www.web-rr.de\/GHS-Buecherei\/index.php\/wp-json\/wp\/v2\/types\/page"}],"author":[{"embeddable":true,"href":"https:\/\/www.web-rr.de\/GHS-Buecherei\/index.php\/wp-json\/wp\/v2\/users\/1"}],"replies":[{"embeddable":true,"href":"https:\/\/www.web-rr.de\/GHS-Buecherei\/index.php\/wp-json\/wp\/v2\/comments?post=5477"}],"version-history":[{"count":0,"href":"https:\/\/www.web-rr.de\/GHS-Buecherei\/index.php\/wp-json\/wp\/v2\/pages\/5477\/revisions"}],"wp:attachment":[{"href":"https:\/\/www.web-rr.de\/GHS-Buecherei\/index.php\/wp-json\/wp\/v2\/media?parent=5477"}],"curies":[{"name":"wp","href":"https:\/\/api.w.org\/{rel}","templated":true}]}}