{"id":5459,"date":"2021-02-23T20:00:00","date_gmt":"2021-02-23T20:00:00","guid":{"rendered":"https:\/\/www.web-rr.de\/GHS-Buecherei\/?page_id=5459"},"modified":"2021-02-22T23:59:59","modified_gmt":"2021-02-22T23:59:59","slug":"p9783898970716","status":"publish","type":"page","link":"https:\/\/www.web-rr.de\/GHS-Buecherei\/index.php\/p9783898970716\/","title":{"rendered":"Spa\u00df 02"},"content":{"rendered":"<table><tbody><tr><td class='rDTitel' colspan='2'>Bild Comic-Bibliothek, Band 2: Donald Duck<\/td><\/tr><tr><td><span class='rDLabel1'>Status: <\/span><span class='rDText1Gruen'>vorhanden<\/span><\/td><td><span class='rDLabel1'>Antolin: <\/span><span class='rDText1Rot'>Quiz nicht vorhanden.<\/span><\/td><\/tr><tr><td width=50%><img src='https:\/\/www.web-rr.de\/GHS-Buecherei\/wp-content\/uploads\/9783898970716.jpg' alt=''><\/td><td><p class='rDLabel2'>von <span class='rDText2'>Walt Disney<\/span><\/p><p class='rDLabel2'>Verlag: <span class='rDText2'>Weltbild Buchverlag,  2005,  4.99 \u20ac<\/span><\/p><p class='rDLabel2'>B\u00fccherei-Barcode: <span class='rDText2'>9783898970716<\/span><\/p><p class='rDLabel2'>In der B\u00fccherei erfasst am: <span class='rDText2'>01.04.2013<\/span><\/p><p class='rDLabel2'>Stichw\u00f6rter: <span class='rDText2'>Disney, Donald Duck, Comic<\/span><\/p><p class='rDLabel2'>Lesealter ca. <span class='rDText2'>-<\/span><span class='rDLabel2'> Jahre<\/span><\/p><p class='rDLabel2'>Das Buch wurde <span class='rDText2'>26<\/span><span class='rDLabel2'> mal gelesen.<\/span><\/p><\/td><\/tr><tr><td colspan='2'><p class='rDLabel1'>Inhalt:<\/p><span class='rDText2'>Die BILD Comic-Bibliothek pr\u00e4sentiert jede Woche neue Sch\u00e4tze -- echte Klassiker, absolut Kult! Freuen Sie sich auf ein b\u00e4renstarkes Wiedersehen mit Donald Duck. Die ber\u00fchmte Matrosenm\u00fctze und die unverw\u00fcstliche Matrosenjacke samt roter Fliege geh\u00f6ren zu seinem unverwechselbaren Aussehen. Dazu kommt der gro\u00dfe Schnabel f\u00fcr flotte Spr\u00fcche und faule Ausreden sowie die typischen Watschelf\u00fc\u00dfe, mit denen er ein ums andere Mal in jedes nur erdenkliche Fettn\u00e4pfchen tritt. Die Rede ist nat\u00fcrlich von Donald Duck, dem rastlosen Enterich, dessen Lieblingsbesch\u00e4ftigung, so er nicht gerade dem Angeln huldigt, tats\u00e4chlich das besinnliche Ruhen in der H\u00e4ngematte ist. Der zweite Band der BILD Comic-Bibliothek enth\u00e4lt zahlreiche Klassiker f\u00fcr Donaldisten. Erleben Sie, wie Donald Duck Entenhausen unsicher macht<\/span><\/td><\/tr><tr><td colspan='2'><a href='#' onclick='history.back(); return false'>Zur\u00fcck<\/a><\/td><\/tr><\/tbody><\/table>\n","protected":false},"excerpt":{"rendered":"","protected":false},"author":1,"featured_media":0,"parent":0,"menu_order":0,"comment_status":"closed","ping_status":"closed","template":"","meta":[],"_links":{"self":[{"href":"https:\/\/www.web-rr.de\/GHS-Buecherei\/index.php\/wp-json\/wp\/v2\/pages\/5459"}],"collection":[{"href":"https:\/\/www.web-rr.de\/GHS-Buecherei\/index.php\/wp-json\/wp\/v2\/pages"}],"about":[{"href":"https:\/\/www.web-rr.de\/GHS-Buecherei\/index.php\/wp-json\/wp\/v2\/types\/page"}],"author":[{"embeddable":true,"href":"https:\/\/www.web-rr.de\/GHS-Buecherei\/index.php\/wp-json\/wp\/v2\/users\/1"}],"replies":[{"embeddable":true,"href":"https:\/\/www.web-rr.de\/GHS-Buecherei\/index.php\/wp-json\/wp\/v2\/comments?post=5459"}],"version-history":[{"count":0,"href":"https:\/\/www.web-rr.de\/GHS-Buecherei\/index.php\/wp-json\/wp\/v2\/pages\/5459\/revisions"}],"wp:attachment":[{"href":"https:\/\/www.web-rr.de\/GHS-Buecherei\/index.php\/wp-json\/wp\/v2\/media?parent=5459"}],"curies":[{"name":"wp","href":"https:\/\/api.w.org\/{rel}","templated":true}]}}