{"id":5455,"date":"2021-02-23T20:00:00","date_gmt":"2021-02-23T20:00:00","guid":{"rendered":"https:\/\/www.web-rr.de\/GHS-Buecherei\/?page_id=5455"},"modified":"2021-02-22T23:59:59","modified_gmt":"2021-02-22T23:59:59","slug":"p9783889163110","status":"publish","type":"page","link":"https:\/\/www.web-rr.de\/GHS-Buecherei\/index.php\/p9783889163110\/","title":{"rendered":"Soziales 22"},"content":{"rendered":"<table><tbody><tr><td class='rDTitel' colspan='2'>Emmas Faire FashionShow<\/td><\/tr><tr><td><span class='rDLabel1'>Status: <\/span><span class='rDText1Gruen'>vorhanden<\/span><\/td><td><span class='rDLabel1'>Antolin: <\/span><span class='rDText1Rot'>Quiz nicht vorhanden.<\/span><\/td><\/tr><tr><td width=50%><img src='https:\/\/www.web-rr.de\/GHS-Buecherei\/wp-content\/uploads\/9783889163110.jpg' alt=''><\/td><td><p class='rDLabel2'>von <span class='rDText2'>TransFair und Stephan Sigg<\/span><\/p><p class='rDLabel2'>Verlag: <span class='rDText2'>MVG Medienproduktion u. Vertriebsgesellschaft,  2013,  8.50 \u20ac<\/span><\/p><p class='rDLabel2'>B\u00fccherei-Barcode: <span class='rDText2'>9783889163110<\/span><\/p><p class='rDLabel2'>In der B\u00fccherei erfasst am: <span class='rDText2'>04.08.2018<\/span><\/p><p class='rDLabel2'>Stichw\u00f6rter: <span class='rDText2'>Kleidungsst\u00fccke, fair gehandelte Mode, Textilien<\/span><\/p><p class='rDLabel2'>Lesealter ca. <span class='rDText2'>-<\/span><span class='rDLabel2'> Jahre<\/span><\/p><p class='rDLabel2'>Das Buch wurde <span class='rDText2'>0<\/span><span class='rDLabel2'> mal gelesen.<\/span><\/p><\/td><\/tr><tr><td colspan='2'><p class='rDLabel1'>Inhalt:<\/p><span class='rDText2'>Emma m\u00f6chte fair gehandelte Mode in ihrem Laden anbieten. Ihre alte Schulfreundin Rita, eine angesagte Modedesignerin aus Mailand, soll daf\u00fcr die Kleidungsst\u00fccke entwerfen. Doch der Ausflug nach Mailand wird ein Reinfall: Rita hei\u00dft jetzt Goya, und die ist offenbar zu ber\u00fchmt, als dass sie Emma unterst\u00fctzen m\u00f6chte. Zur\u00fcck zu Hause hat Hina einen Einfall: Anastasia, die Gewinnerin einer Model-Casting-Show k\u00f6nnte die fairen Kleidungsst\u00fccke tragen, die Emma besorgt hat. Das w\u00e4re eine prima Werbung. Aber auch Anastasia winkt ab. Und dann taucht auch er wieder auf: Herr Otilo ... eine neue spannende Geschichte um den SchokoLaden, dieses Mal geht es um fair gehandelte Textilien.<\/span><\/td><\/tr><tr><td colspan='2'><a href='#' onclick='history.back(); return false'>Zur\u00fcck<\/a><\/td><\/tr><\/tbody><\/table>\n","protected":false},"excerpt":{"rendered":"","protected":false},"author":1,"featured_media":0,"parent":0,"menu_order":0,"comment_status":"closed","ping_status":"closed","template":"","meta":[],"_links":{"self":[{"href":"https:\/\/www.web-rr.de\/GHS-Buecherei\/index.php\/wp-json\/wp\/v2\/pages\/5455"}],"collection":[{"href":"https:\/\/www.web-rr.de\/GHS-Buecherei\/index.php\/wp-json\/wp\/v2\/pages"}],"about":[{"href":"https:\/\/www.web-rr.de\/GHS-Buecherei\/index.php\/wp-json\/wp\/v2\/types\/page"}],"author":[{"embeddable":true,"href":"https:\/\/www.web-rr.de\/GHS-Buecherei\/index.php\/wp-json\/wp\/v2\/users\/1"}],"replies":[{"embeddable":true,"href":"https:\/\/www.web-rr.de\/GHS-Buecherei\/index.php\/wp-json\/wp\/v2\/comments?post=5455"}],"version-history":[{"count":0,"href":"https:\/\/www.web-rr.de\/GHS-Buecherei\/index.php\/wp-json\/wp\/v2\/pages\/5455\/revisions"}],"wp:attachment":[{"href":"https:\/\/www.web-rr.de\/GHS-Buecherei\/index.php\/wp-json\/wp\/v2\/media?parent=5455"}],"curies":[{"name":"wp","href":"https:\/\/api.w.org\/{rel}","templated":true}]}}