{"id":5449,"date":"2021-02-23T20:00:00","date_gmt":"2021-02-23T20:00:00","guid":{"rendered":"https:\/\/www.web-rr.de\/GHS-Buecherei\/?page_id=5449"},"modified":"2021-02-22T23:59:59","modified_gmt":"2021-02-22T23:59:59","slug":"p9783935842310","status":"publish","type":"page","link":"https:\/\/www.web-rr.de\/GHS-Buecherei\/index.php\/p9783935842310\/","title":{"rendered":"Soziales 16"},"content":{"rendered":"<table><tbody><tr><td class='rDTitel' colspan='2'>Benno Bummel<\/td><\/tr><tr><td><span class='rDLabel1'>Status: <\/span><span class='rDText1Gruen'>vorhanden<\/span><\/td><td><span class='rDLabel1'>Antolin: <\/span><span class='rDText1Rot'>Quiz nicht vorhanden.<\/span><\/td><\/tr><tr><td width=50%><img src='https:\/\/www.web-rr.de\/GHS-Buecherei\/wp-content\/uploads\/9783935842310.jpg' alt=''><\/td><td><p class='rDLabel2'>von <span class='rDText2'>Ulrike Leubner<\/span><\/p><p class='rDLabel2'>Verlag: <span class='rDText2'>ClauS Verlag,  2010,  5.95 \u20ac<\/span><\/p><p class='rDLabel2'>B\u00fccherei-Barcode: <span class='rDText2'>9783935842310<\/span><\/p><p class='rDLabel2'>In der B\u00fccherei erfasst am: <span class='rDText2'>01.04.2014<\/span><\/p><p class='rDLabel2'>Stichw\u00f6rter: <span class='rDText2'>Yoga-Lehrer, Ruhe, Sensibilit\u00e4t<\/span><\/p><p class='rDLabel2'>Lesealter ca. <span class='rDText2'>-<\/span><span class='rDLabel2'> Jahre<\/span><\/p><p class='rDLabel2'>Das Buch wurde <span class='rDText2'>0<\/span><span class='rDLabel2'> mal gelesen.<\/span><\/p><\/td><\/tr><tr><td colspan='2'><p class='rDLabel1'>Inhalt:<\/p><span class='rDText2'>F\u00fcr kleine Helden, die tapferer sein m\u00fcssen als andere, ist die Kinderbuchreihe \u201eDrachenStark\u201c gemacht: Das Konzentrieren kostet unheimlich Kraft, Stillsitzen scheint schier unm\u00f6glich, und die Augen sind so schlecht, dass es st\u00e4ndig ein Drahtgestell auf der Nase braucht. Auff\u00e4llige Kinder werden hier sanft unterst\u00fctzt, sich mit ihren Schw\u00e4chen zurechtzufinden. Und mit ihnen stark zu werden.Die B\u00fccher wollen nicht nur Mut machen, sondern auch anregen, selbst aktiv zu werden: beim Malen, Schreiben, Singen, Basteln, R\u00e4tseln oder Kochen. Konkrete Aufgaben und gen\u00fcgend Platz auf zum Malen geeignetem Papier laden dazu ein. Ausgestattet ist das Geschenkbuch mit Raum f\u00fcr pers\u00f6nliche Worte, pastellfarbenen Seiten sowie bunten Illustrationen und Applikationen der Autorin.Ulrike Leubners Kinderbuchreihe startet mit den B\u00e4nden \u201eKarolin Schreihals\u201c und \u201eBenno Bummel\u201c: Karolin \u00fcbert\u00f6nt als Kind jeden Menschen in ihrer Umgebung und wird mit dieser starken Stimme sp\u00e4ter eine S\u00e4ngerin. Der vertr\u00e4umte Benno hat M\u00fche, mit seinen Mitsch\u00fclern mitzukommen: Er lernt viel langsamer als sie. Doch f\u00fcr einen Yoga-Lehrer ist genau diese Ruhe und Sensibilit\u00e4t unabdingbar.<\/span><\/td><\/tr><tr><td colspan='2'><a href='#' onclick='history.back(); return false'>Zur\u00fcck<\/a><\/td><\/tr><\/tbody><\/table>\n","protected":false},"excerpt":{"rendered":"","protected":false},"author":1,"featured_media":0,"parent":0,"menu_order":0,"comment_status":"closed","ping_status":"closed","template":"","meta":[],"_links":{"self":[{"href":"https:\/\/www.web-rr.de\/GHS-Buecherei\/index.php\/wp-json\/wp\/v2\/pages\/5449"}],"collection":[{"href":"https:\/\/www.web-rr.de\/GHS-Buecherei\/index.php\/wp-json\/wp\/v2\/pages"}],"about":[{"href":"https:\/\/www.web-rr.de\/GHS-Buecherei\/index.php\/wp-json\/wp\/v2\/types\/page"}],"author":[{"embeddable":true,"href":"https:\/\/www.web-rr.de\/GHS-Buecherei\/index.php\/wp-json\/wp\/v2\/users\/1"}],"replies":[{"embeddable":true,"href":"https:\/\/www.web-rr.de\/GHS-Buecherei\/index.php\/wp-json\/wp\/v2\/comments?post=5449"}],"version-history":[{"count":0,"href":"https:\/\/www.web-rr.de\/GHS-Buecherei\/index.php\/wp-json\/wp\/v2\/pages\/5449\/revisions"}],"wp:attachment":[{"href":"https:\/\/www.web-rr.de\/GHS-Buecherei\/index.php\/wp-json\/wp\/v2\/media?parent=5449"}],"curies":[{"name":"wp","href":"https:\/\/api.w.org\/{rel}","templated":true}]}}