{"id":5440,"date":"2021-02-23T20:00:00","date_gmt":"2021-02-23T20:00:00","guid":{"rendered":"https:\/\/www.web-rr.de\/GHS-Buecherei\/?page_id=5440"},"modified":"2021-02-22T23:59:59","modified_gmt":"2021-02-22T23:59:59","slug":"p2000001020418","status":"publish","type":"page","link":"https:\/\/www.web-rr.de\/GHS-Buecherei\/index.php\/p2000001020418\/","title":{"rendered":"Soziales 07"},"content":{"rendered":"<table><tbody><tr><td class='rDTitel' colspan='2'>Das war der Hirbel: Wie der Hirbel ins Heim kam, warum er anders ist als andere und ob ihm zu helfen ist (Gulliver)<\/td><\/tr><tr><td><span class='rDLabel1'>Status: <\/span><span class='rDText1Gruen'>vorhanden<\/span><\/td><td><span class='rDLabel1'>Antolin: <\/span><span class='rDText1Gruen'>ja, Empfehlung Klasse 5<\/span><\/td><\/tr><tr><td width=50%><img src='https:\/\/www.web-rr.de\/GHS-Buecherei\/wp-content\/uploads\/2000001020418.jpg' alt=''><\/td><td><p class='rDLabel2'>von <span class='rDText2'>Peter H\u00e4rtling<\/span><\/p><p class='rDLabel2'>Verlag: <span class='rDText2'>Beltz und Gelberg,  2011,  5.95 \u20ac<\/span><\/p><p class='rDLabel2'>B\u00fccherei-Barcode: <span class='rDText2'>2000001020418<\/span><\/p><p class='rDLabel2'>In der B\u00fccherei erfasst am: <span class='rDText2'>01.04.2013<\/span><\/p><p class='rDLabel2'>Stichw\u00f6rter: <span class='rDText2'>Behinderung, anders sein, Inklusion<\/span><\/p><p class='rDLabel2'>Lesealter ca. <span class='rDText2'>9<\/span><span class='rDLabel2'> Jahre<\/span><\/p><p class='rDLabel2'>Das Buch wurde <span class='rDText2'>0<\/span><span class='rDLabel2'> mal gelesen.<\/span><\/p><\/td><\/tr><tr><td colspan='2'><p class='rDLabel1'>Inhalt:<\/p><span class='rDText2'>Kinder wie Hirbel gibt es viele. Nur sind sie den meisten unbekannt. Peter H\u00e4rtling macht in seinem ber\u00fchmten Roman hautnah die Welt eines behinderten und elternlosen Jungen verst\u00e4ndlich. Neuausgabe mit Bildern von Eva Muggenthaler.Hirbel ist anders als andere, denn bei seiner Geburt ist etwas falsch gemacht worden. Er ist krank, hat oft Kopfschmerzen und auch Bauchweh von den Tabletten, die er dauernd nehmen muss. Manchmal schreit er dann und tut Dinge, wor\u00fcber die anderen lachen. Hirbels Mutter hat ihn weggegeben, seither wandert er zwischen Pflegeeltern und Heimen hin und her. Trotzdem ist Hirbel kein trauriges Kind. Mit den Psychologinnen spielt er ihre Spiele, die Tests, die er alle schon kennt. Er hat eine wunderbare Singstimme, und das Singen bereitet ihm Freude, solange er sich dabei nach seinen eigenen Regeln richten darf. Und Hirbel kann Haken schlagen wie ein Hase, wenn man ihn einfangen will. Als er einmal wegl\u00e4uft aus dem Heim, schl\u00e4ft er zwischen Schafen, aber er denkt, dass es lauter L\u00f6wen sind, die ihn nachts w\u00e4rmen. Immer wieder l\u00e4uft Hirbel fort, weil ihn niemand richtig versteht und weil er in ein anderes Land m\u00f6chte. Dorthin, wo die Sonne gemacht wird auf den B\u00e4umen.<\/span><\/td><\/tr><tr><td colspan='2'><a href='#' onclick='history.back(); return false'>Zur\u00fcck<\/a><\/td><\/tr><\/tbody><\/table>\n","protected":false},"excerpt":{"rendered":"","protected":false},"author":1,"featured_media":0,"parent":0,"menu_order":0,"comment_status":"closed","ping_status":"closed","template":"","meta":[],"_links":{"self":[{"href":"https:\/\/www.web-rr.de\/GHS-Buecherei\/index.php\/wp-json\/wp\/v2\/pages\/5440"}],"collection":[{"href":"https:\/\/www.web-rr.de\/GHS-Buecherei\/index.php\/wp-json\/wp\/v2\/pages"}],"about":[{"href":"https:\/\/www.web-rr.de\/GHS-Buecherei\/index.php\/wp-json\/wp\/v2\/types\/page"}],"author":[{"embeddable":true,"href":"https:\/\/www.web-rr.de\/GHS-Buecherei\/index.php\/wp-json\/wp\/v2\/users\/1"}],"replies":[{"embeddable":true,"href":"https:\/\/www.web-rr.de\/GHS-Buecherei\/index.php\/wp-json\/wp\/v2\/comments?post=5440"}],"version-history":[{"count":0,"href":"https:\/\/www.web-rr.de\/GHS-Buecherei\/index.php\/wp-json\/wp\/v2\/pages\/5440\/revisions"}],"wp:attachment":[{"href":"https:\/\/www.web-rr.de\/GHS-Buecherei\/index.php\/wp-json\/wp\/v2\/media?parent=5440"}],"curies":[{"name":"wp","href":"https:\/\/api.w.org\/{rel}","templated":true}]}}