{"id":5381,"date":"2021-02-23T20:00:00","date_gmt":"2021-02-23T20:00:00","guid":{"rendered":"https:\/\/www.web-rr.de\/GHS-Buecherei\/?page_id=5381"},"modified":"2021-02-22T23:59:59","modified_gmt":"2021-02-22T23:59:59","slug":"p9783551566669","status":"publish","type":"page","link":"https:\/\/www.web-rr.de\/GHS-Buecherei\/index.php\/p9783551566669\/","title":{"rendered":"Rowling 08"},"content":{"rendered":"<table><tbody><tr><td class='rDTitel' colspan='2'>Harry Potter und der Halbblutprinz, Band 6<\/td><\/tr><tr><td><span class='rDLabel1'>Status: <\/span><span class='rDText1Rot'>ausgeliehen<\/span><\/td><td><span class='rDLabel1'>Antolin: <\/span><span class='rDText1Gruen'>ja, Empfehlung Klasse 7<\/span><\/td><\/tr><tr><td width=50%><img src='https:\/\/www.web-rr.de\/GHS-Buecherei\/wp-content\/uploads\/9783551566669.jpg' alt=''><\/td><td><p class='rDLabel2'>von <span class='rDText2'>Joanne K. Rowling<\/span><\/p><p class='rDLabel2'>Verlag: <span class='rDText2'>Carlsen,  2005,  23.99 \u20ac<\/span><\/p><p class='rDLabel2'>B\u00fccherei-Barcode: <span class='rDText2'>9783551566669<\/span><\/p><p class='rDLabel2'>In der B\u00fccherei erfasst am: <span class='rDText2'>26.10.2018<\/span><\/p><p class='rDLabel2'>Stichw\u00f6rter: <span class='rDText2'>Zauber, Magie, Harry Potter<\/span><\/p><p class='rDLabel2'>Lesealter ca. <span class='rDText2'>11<\/span><span class='rDLabel2'> Jahre<\/span><\/p><p class='rDLabel2'>Das Buch wurde <span class='rDText2'>8<\/span><span class='rDLabel2'> mal gelesen.<\/span><\/p><\/td><\/tr><tr><td colspan='2'><p class='rDLabel1'>Inhalt:<\/p><span class='rDText2'>Seit Voldemort, der gef\u00e4hrlichste schwarze Magier aller Zeiten, zur\u00fcckgekehrt ist, herrschen Aufruhr und Gewalt in der magischen Welt. Als Harry und seine Freunde Ron und Hermine zu ihrem sechsten Schuljahr nach Hogwarts kommen, gelten strengste Sicherheitsma\u00dfnahmen in der Zauberschule. Um Harry gegen das B\u00f6se zu wappnen, erforscht Dumbledore mit ihm die Geschichte des Dunklen Lords. Ob auch Harrys Zaubertrankbuch, das fr\u00fcher einem \u00bbHalbblutprinzen\u00ab geh\u00f6rte, ihm helfen kann?<\/span><\/td><\/tr><tr><td colspan='2'><a href='#' onclick='history.back(); return false'>Zur\u00fcck<\/a><\/td><\/tr><\/tbody><\/table>\n","protected":false},"excerpt":{"rendered":"","protected":false},"author":1,"featured_media":0,"parent":0,"menu_order":0,"comment_status":"closed","ping_status":"closed","template":"","meta":[],"_links":{"self":[{"href":"https:\/\/www.web-rr.de\/GHS-Buecherei\/index.php\/wp-json\/wp\/v2\/pages\/5381"}],"collection":[{"href":"https:\/\/www.web-rr.de\/GHS-Buecherei\/index.php\/wp-json\/wp\/v2\/pages"}],"about":[{"href":"https:\/\/www.web-rr.de\/GHS-Buecherei\/index.php\/wp-json\/wp\/v2\/types\/page"}],"author":[{"embeddable":true,"href":"https:\/\/www.web-rr.de\/GHS-Buecherei\/index.php\/wp-json\/wp\/v2\/users\/1"}],"replies":[{"embeddable":true,"href":"https:\/\/www.web-rr.de\/GHS-Buecherei\/index.php\/wp-json\/wp\/v2\/comments?post=5381"}],"version-history":[{"count":0,"href":"https:\/\/www.web-rr.de\/GHS-Buecherei\/index.php\/wp-json\/wp\/v2\/pages\/5381\/revisions"}],"wp:attachment":[{"href":"https:\/\/www.web-rr.de\/GHS-Buecherei\/index.php\/wp-json\/wp\/v2\/media?parent=5381"}],"curies":[{"name":"wp","href":"https:\/\/api.w.org\/{rel}","templated":true}]}}