{"id":5367,"date":"2021-02-23T20:00:00","date_gmt":"2021-02-23T20:00:00","guid":{"rendered":"https:\/\/www.web-rr.de\/GHS-Buecherei\/?page_id=5367"},"modified":"2021-02-22T23:59:59","modified_gmt":"2021-02-22T23:59:59","slug":"p9783833927218","status":"publish","type":"page","link":"https:\/\/www.web-rr.de\/GHS-Buecherei\/index.php\/p9783833927218\/","title":{"rendered":"Ritter 11"},"content":{"rendered":"<table><tbody><tr><td class='rDTitel' colspan='2'>Wie kam der Ritter in die R\u00fcstung?. Von<\/td><\/tr><tr><td><span class='rDLabel1'>Status: <\/span><span class='rDText1Gruen'>vorhanden<\/span><\/td><td><span class='rDLabel1'>Antolin: <\/span><span class='rDText1Gruen'>ja, Empfehlung Klasse 4<\/span><\/td><\/tr><tr><td width=50%><img src='https:\/\/www.web-rr.de\/GHS-Buecherei\/wp-content\/uploads\/9783833927218.jpg' alt=''><\/td><td><p class='rDLabel2'>von <span class='rDText2'>Uwe Kauss<\/span><\/p><p class='rDLabel2'>Verlag: <span class='rDText2'>Bastei L\u00fcbbe (Baumhaus),  2008,  9.90 \u20ac<\/span><\/p><p class='rDLabel2'>B\u00fccherei-Barcode: <span class='rDText2'>9783833927218<\/span><\/p><p class='rDLabel2'>In der B\u00fccherei erfasst am: <span class='rDText2'>01.04.2014<\/span><\/p><p class='rDLabel2'>Stichw\u00f6rter: <span class='rDText2'>Mittelalter, Geschichte, Ritter<\/span><\/p><p class='rDLabel2'>Lesealter ca. <span class='rDText2'>8<\/span><span class='rDLabel2'> Jahre<\/span><\/p><p class='rDLabel2'>Das Buch wurde <span class='rDText2'>17<\/span><span class='rDLabel2'> mal gelesen.<\/span><\/p><\/td><\/tr><tr><td colspan='2'><p class='rDLabel1'>Inhalt:<\/p><span class='rDText2'>Willi geht diesmal auf gro\u00dfe Zeit- und Entdeckungsreise in die Vergangenheit, denn er will alles \u00fcber Burgen und Ritter wissen. So ist er Gast in einem Ritterlager, wo er Menschen trifft, die in ihrer Freizeit das Leben im Mittelalter nachspielen. Willi bekommt auch genau erkl\u00e4rt, aus wie vielen Teilen eine R\u00fcstung besteht und wie kompliziert es ist, sie anzulegen. Das Leben als Ritter auf einer Burg war alles andere als bequem, wissen die Burgenforscher. Mit Willi erfahren die Kinder hier auch alles \u00fcber Burgen, Kettenhemden, Schwerter, Lanzen und Wappen, \u00fcber Edelm\u00e4nner, Knappen und Knechte, \u00fcber Ritterschl\u00e4ge, Kreuzz\u00fcge, Minnesang und prunkvolle Kampfspiele. Willi - Best- und Longseller im Buch und im TV Willi wills wissen ist eine der bekanntesten und erfolgreichsten Kindersendungen im deutschen Fernsehen! Willi wills wissen bietet allerbeste Informationen f\u00fcr Kinder! Willi wills wissen hat zahlreiche Auszeichnungen erhalten, u.a. den Erich-K\u00e4stner- Fernsehpreis, den Bayerischen Fernsehpreis und das Comenius-Siegel<\/span><\/td><\/tr><tr><td colspan='2'><a href='#' onclick='history.back(); return false'>Zur\u00fcck<\/a><\/td><\/tr><\/tbody><\/table>\n","protected":false},"excerpt":{"rendered":"","protected":false},"author":1,"featured_media":0,"parent":0,"menu_order":0,"comment_status":"closed","ping_status":"closed","template":"","meta":[],"_links":{"self":[{"href":"https:\/\/www.web-rr.de\/GHS-Buecherei\/index.php\/wp-json\/wp\/v2\/pages\/5367"}],"collection":[{"href":"https:\/\/www.web-rr.de\/GHS-Buecherei\/index.php\/wp-json\/wp\/v2\/pages"}],"about":[{"href":"https:\/\/www.web-rr.de\/GHS-Buecherei\/index.php\/wp-json\/wp\/v2\/types\/page"}],"author":[{"embeddable":true,"href":"https:\/\/www.web-rr.de\/GHS-Buecherei\/index.php\/wp-json\/wp\/v2\/users\/1"}],"replies":[{"embeddable":true,"href":"https:\/\/www.web-rr.de\/GHS-Buecherei\/index.php\/wp-json\/wp\/v2\/comments?post=5367"}],"version-history":[{"count":0,"href":"https:\/\/www.web-rr.de\/GHS-Buecherei\/index.php\/wp-json\/wp\/v2\/pages\/5367\/revisions"}],"wp:attachment":[{"href":"https:\/\/www.web-rr.de\/GHS-Buecherei\/index.php\/wp-json\/wp\/v2\/media?parent=5367"}],"curies":[{"name":"wp","href":"https:\/\/api.w.org\/{rel}","templated":true}]}}